{"id":105109,"date":"2025-11-30T20:04:20","date_gmt":"2025-11-30T19:04:20","guid":{"rendered":"https:\/\/nimedixmedical.com\/notre-catalogue\/ophtalmoscope-indirect-heine-omega-600-a-del-hq-c-008-33-610\/"},"modified":"2026-02-20T13:16:27","modified_gmt":"2026-02-20T12:16:27","slug":"ophtalmoscope-indirect-heine-omega-600-a-del-hq-c-008-33-610","status":"publish","type":"product","link":"https:\/\/nimedixmedical.com\/fr\/notre-catalogue\/ophtalmoscope-indirect-heine-omega-600-a-del-hq-c-008-33-610\/","title":{"rendered":"Ophtalmoscope Indirect Heine Omega 600 \u00c0 Del Hq &#8211; C-008.33.610"},"content":{"rendered":"<p>Con\u00e7u pour les professionnels de la sant\u00e9, l&#8217;ophtalmoscope indirect Heine Omega 600 \u00e0 LED HQ offre des performances optiques exceptionnelles, garantissant des diagnostics pr\u00e9cis et fiables. Gr\u00e2ce \u00e0 sa technologie avanc\u00e9e, il facilite l&#8217;exploration de la r\u00e9tine, m\u00eame dans des conditions difficiles.<\/p>\n<h2>Caract\u00e9ristiques<\/h2>\n<ul>\n<li>Images nettes gr\u00e2ce \u00e0 une optique en verre de qualit\u00e9 sup\u00e9rieure.<\/li>\n<li>\u00c9clairage puissant et couleurs r\u00e9alistes gr\u00e2ce \u00e0 la technologie LEDHQ.<\/li>\n<li>VisionBOOST : am\u00e9liore la visibilit\u00e9 jusqu\u2019\u00e0 20% en cas d\u2019opacit\u00e9.<\/li>\n<li>Technologie de R\u00e9glage St\u00e9r\u00e9oscopique pour une vision optimale dans toutes les tailles de pupilles.<\/li>\n<li>Bandeau sans c\u00e2ble, facile \u00e0 nettoyer et confortable.<\/li>\n<li>Batterie lithium-polym\u00e8re int\u00e9gr\u00e9e avec une autonomie de 8 heures.<\/li>\n<li>R\u00e9glage de la luminosit\u00e9 et de l\u2019angle pour un confort d&#8217;utilisation maximal.<\/li>\n<li>Durabilit\u00e9 \u00e9lev\u00e9e gr\u00e2ce \u00e0 des mat\u00e9riaux de qualit\u00e9 et \u00e0 une conception scell\u00e9e.<\/li>\n<\/ul>\n<h2>Livraison<\/h2>\n<ul>\n<li><strong>France :<\/strong> Livraison directe.<\/li>\n<li><strong>Export (Europe et Afrique) :<\/strong> Sur devis.<\/li>\n<\/ul>\n","protected":false},"excerpt":{"rendered":"<ul>\n<li>Ophtalmoscope indirect l\u00e9ger et ergonomique pour un usage professionnel optimal.<\/li>\n<li>VisionBOOST pour une visibilit\u00e9 am\u00e9lior\u00e9e jusqu\u2019\u00e0 20% en cas d\u2019opacit\u00e9 oculaire.<\/li>\n<li>Technologie de R\u00e9glage St\u00e9r\u00e9oscopique pour des images 3D pr\u00e9cises dans toutes les conditions.<\/li>\n<li>Confort d&#8217;utilisation avec un bandeau sans c\u00e2ble et facile \u00e0 nettoyer.<\/li>\n<\/ul>\n","protected":false},"featured_media":105110,"comment_status":"open","ping_status":"closed","template":"","meta":{"inline_featured_image":false},"product_brand":[],"product_cat":[968,972,951],"product_tag":[],"class_list":{"0":"post-105109","1":"product","2":"type-product","3":"status-publish","4":"has-post-thumbnail","6":"product_cat-ophtalmoscopes-et-retinoscopes","7":"product_cat-ophtalmoscopes-heine","8":"product_cat-produits-orl","10":"first","11":"instock","12":"sale","13":"taxable","14":"shipping-taxable","15":"purchasable","16":"product-type-simple"},"_links":{"self":[{"href":"https:\/\/nimedixmedical.com\/fr\/wp-json\/wp\/v2\/product\/105109","targetHints":{"allow":["GET"]}}],"collection":[{"href":"https:\/\/nimedixmedical.com\/fr\/wp-json\/wp\/v2\/product"}],"about":[{"href":"https:\/\/nimedixmedical.com\/fr\/wp-json\/wp\/v2\/types\/product"}],"replies":[{"embeddable":true,"href":"https:\/\/nimedixmedical.com\/fr\/wp-json\/wp\/v2\/comments?post=105109"}],"wp:featuredmedia":[{"embeddable":true,"href":"https:\/\/nimedixmedical.com\/fr\/wp-json\/wp\/v2\/media\/105110"}],"wp:attachment":[{"href":"https:\/\/nimedixmedical.com\/fr\/wp-json\/wp\/v2\/media?parent=105109"}],"wp:term":[{"taxonomy":"product_brand","embeddable":true,"href":"https:\/\/nimedixmedical.com\/fr\/wp-json\/wp\/v2\/product_brand?post=105109"},{"taxonomy":"product_cat","embeddable":true,"href":"https:\/\/nimedixmedical.com\/fr\/wp-json\/wp\/v2\/product_cat?post=105109"},{"taxonomy":"product_tag","embeddable":true,"href":"https:\/\/nimedixmedical.com\/fr\/wp-json\/wp\/v2\/product_tag?post=105109"}],"curies":[{"name":"wp","href":"https:\/\/api.w.org\/{rel}","templated":true}]}}