{"id":105055,"date":"2025-11-30T20:03:27","date_gmt":"2025-11-30T19:03:27","guid":{"rendered":"https:\/\/nimedixmedical.com\/notre-catalogue\/otoscope-parker\/"},"modified":"2026-01-12T15:06:03","modified_gmt":"2026-01-12T14:06:03","slug":"otoscope-parker","status":"publish","type":"product","link":"https:\/\/nimedixmedical.com\/fr\/notre-catalogue\/otoscope-parker\/","title":{"rendered":"Otoscope Parker"},"content":{"rendered":"<p>L&#8217;otoscope Parker est un instrument m\u00e9dical de haute qualit\u00e9 con\u00e7u pour les professionnels de sant\u00e9. Il est sp\u00e9cialement adapt\u00e9 aux examens ORL, garantissant pr\u00e9cision et fiabilit\u00e9 lors de l&#8217;\u00e9valuation des oreilles, du nez et de la gorge.<\/p>\n<h2>Caract\u00e9ristiques<\/h2>\n<ul>\n<li>Syst\u00e8me de montage: Vis<\/li>\n<li>Sp\u00e9culums auriculaires: \u00d8 2,5 &#8211; 3,5 &#8211; 4,5 mm<\/li>\n<li>\u00c9clairage \u00e0 vide de 2.5V r\u00e9glable (fabriqu\u00e9 en Allemagne)<\/li>\n<li>Lentilles de qualit\u00e9 avec un grossissement de 3X<\/li>\n<li>T\u00eate otoscope disponible avec vis \u00e0 t\u00eate molet\u00e9e ou enfichable (verrouillage \u00e0 ba\u00efonnette)<\/li>\n<li>Id\u00e9al pour les tests pneumatiques du tympan et les examens rhinoscopiques<\/li>\n<li>Fournit avec 3 sp\u00e9culums auriculaires autoclavables en sac \u00e0 fermeture \u00e9clair<\/li>\n<li>Fonctionne avec 2 piles C (non incluses)<\/li>\n<\/ul>\n<h2>Livraison<\/h2>\n<ul>\n<li><strong>France :<\/strong> Livraison directe.<\/li>\n<li><strong>Export (Europe et Afrique) :<\/strong> Sur devis.<\/li>\n<\/ul>\n","protected":false},"excerpt":{"rendered":"<ul>\n<li>Id\u00e9al pour les examens r\u00e9guliers du nez et de la gorge<\/li>\n<li>\u00c9clairage r\u00e9glable de haute qualit\u00e9 pour une visibilit\u00e9 optimale<\/li>\n<li>Instruments robustes et durables, fabriqu\u00e9s en Allemagne<\/li>\n<li>Inclus trois sp\u00e9culums auriculaires autoclavables pour une hygi\u00e8ne optimale<\/li>\n<\/ul>\n","protected":false},"featured_media":105056,"comment_status":"open","ping_status":"open","template":"","meta":{"inline_featured_image":false},"product_brand":[],"product_cat":[963,967,951],"product_tag":[],"class_list":{"0":"post-105055","1":"product","2":"type-product","3":"status-publish","4":"has-post-thumbnail","6":"product_cat-otoscopes","7":"product_cat-otoscopes-gima","8":"product_cat-produits-orl","10":"first","11":"instock","12":"sale","13":"taxable","14":"shipping-taxable","15":"purchasable","16":"product-type-simple"},"_links":{"self":[{"href":"https:\/\/nimedixmedical.com\/fr\/wp-json\/wp\/v2\/product\/105055","targetHints":{"allow":["GET"]}}],"collection":[{"href":"https:\/\/nimedixmedical.com\/fr\/wp-json\/wp\/v2\/product"}],"about":[{"href":"https:\/\/nimedixmedical.com\/fr\/wp-json\/wp\/v2\/types\/product"}],"replies":[{"embeddable":true,"href":"https:\/\/nimedixmedical.com\/fr\/wp-json\/wp\/v2\/comments?post=105055"}],"wp:featuredmedia":[{"embeddable":true,"href":"https:\/\/nimedixmedical.com\/fr\/wp-json\/wp\/v2\/media\/105056"}],"wp:attachment":[{"href":"https:\/\/nimedixmedical.com\/fr\/wp-json\/wp\/v2\/media?parent=105055"}],"wp:term":[{"taxonomy":"product_brand","embeddable":true,"href":"https:\/\/nimedixmedical.com\/fr\/wp-json\/wp\/v2\/product_brand?post=105055"},{"taxonomy":"product_cat","embeddable":true,"href":"https:\/\/nimedixmedical.com\/fr\/wp-json\/wp\/v2\/product_cat?post=105055"},{"taxonomy":"product_tag","embeddable":true,"href":"https:\/\/nimedixmedical.com\/fr\/wp-json\/wp\/v2\/product_tag?post=105055"}],"curies":[{"name":"wp","href":"https:\/\/api.w.org\/{rel}","templated":true}]}}