{"id":104816,"date":"2025-11-30T20:00:18","date_gmt":"2025-11-30T19:00:18","guid":{"rendered":"https:\/\/nimedixmedical.com\/notre-catalogue\/set-de-diagnostic-riester-econom-poignee-c-2050\/"},"modified":"2026-01-12T15:05:18","modified_gmt":"2026-01-12T14:05:18","slug":"set-de-diagnostic-riester-econom-poignee-c-2050","status":"publish","type":"product","link":"https:\/\/nimedixmedical.com\/fr\/notre-catalogue\/set-de-diagnostic-riester-econom-poignee-c-2050\/","title":{"rendered":"Set de Diagnostic Riester Econom &#8211; Poign\u00e9e C &#8211; 2050"},"content":{"rendered":"<p>Le Set de Diagnostic Riester Econom\u00ae est con\u00e7u pour les professionnels de la sant\u00e9 qui n\u00e9cessitent un \u00e9quipement de qualit\u00e9 pour des examens ORL. Compact et pratique, ce kit facilite le diagnostic des affections courantes des oreilles, des yeux, du nez et de la gorge.<\/p>\n<h2>Caract\u00e9ristiques<\/h2>\n<ul>\n<li>Comprend : t\u00eate d\u2019otoscope Uni\u00ae I, t\u00eate d\u2019ophtalmoscope Uni\u00ae II, sp\u00e9culum nasal, illuminateur recourb\u00e9, miroirs laryngiens, abaisse-langue, ampoule de rechange.<\/li>\n<li>Poign\u00e9e C ergonomique pour un confort d&#8217;utilisation optimum.<\/li>\n<li>Ophtalmoscope avec molette de focalisation, lentilles correctrices de 0 \u00e0 +20 et 0 \u00e0 -20 dioptries.<\/li>\n<li>Livr\u00e9 dans un \u00e9tui rigide de protection avec s\u00e9curit\u00e9 pour les outils.<\/li>\n<\/ul>\n<h2>Livraison<\/h2>\n<ul>\n<li><strong>France :<\/strong> Livraison directe.<\/li>\n<li><strong>Export (Europe et Afrique) :<\/strong> Sur devis.<\/li>\n<\/ul>\n","protected":false},"excerpt":{"rendered":"<ul>\n<li>Set de diagnostic complet pour les examens ORL (oreilles, yeux, nez, gorge).<\/li>\n<li>Inclus des outils de pr\u00e9cision tels qu&#8217;un otoscope et un ophtalmoscope pour des diagnostics fiables.<\/li>\n<li>Facile \u00e0 transporter gr\u00e2ce \u00e0 son \u00e9tui rigide, id\u00e9al pour les professionnels en mobilit\u00e9.<\/li>\n<li>Poign\u00e9e ergonomique et t\u00eate en plastique ABS pour une utilisation confortable et durable.<\/li>\n<\/ul>\n","protected":false},"featured_media":104817,"comment_status":"open","ping_status":"open","template":"","meta":{"inline_featured_image":false},"product_brand":[],"product_cat":[963,965,951],"product_tag":[],"class_list":{"0":"post-104816","1":"product","2":"type-product","3":"status-publish","4":"has-post-thumbnail","6":"product_cat-otoscopes","7":"product_cat-otoscopes-riester","8":"product_cat-produits-orl","10":"first","11":"instock","12":"sale","13":"taxable","14":"shipping-taxable","15":"purchasable","16":"product-type-simple"},"_links":{"self":[{"href":"https:\/\/nimedixmedical.com\/fr\/wp-json\/wp\/v2\/product\/104816","targetHints":{"allow":["GET"]}}],"collection":[{"href":"https:\/\/nimedixmedical.com\/fr\/wp-json\/wp\/v2\/product"}],"about":[{"href":"https:\/\/nimedixmedical.com\/fr\/wp-json\/wp\/v2\/types\/product"}],"replies":[{"embeddable":true,"href":"https:\/\/nimedixmedical.com\/fr\/wp-json\/wp\/v2\/comments?post=104816"}],"wp:featuredmedia":[{"embeddable":true,"href":"https:\/\/nimedixmedical.com\/fr\/wp-json\/wp\/v2\/media\/104817"}],"wp:attachment":[{"href":"https:\/\/nimedixmedical.com\/fr\/wp-json\/wp\/v2\/media?parent=104816"}],"wp:term":[{"taxonomy":"product_brand","embeddable":true,"href":"https:\/\/nimedixmedical.com\/fr\/wp-json\/wp\/v2\/product_brand?post=104816"},{"taxonomy":"product_cat","embeddable":true,"href":"https:\/\/nimedixmedical.com\/fr\/wp-json\/wp\/v2\/product_cat?post=104816"},{"taxonomy":"product_tag","embeddable":true,"href":"https:\/\/nimedixmedical.com\/fr\/wp-json\/wp\/v2\/product_tag?post=104816"}],"curies":[{"name":"wp","href":"https:\/\/api.w.org\/{rel}","templated":true}]}}