{"id":104707,"date":"2025-11-30T19:59:29","date_gmt":"2025-11-30T18:59:29","guid":{"rendered":"https:\/\/nimedixmedical.com\/notre-catalogue\/test-chromatique-ishihara-boite-de-10-planches-pour-illettres\/"},"modified":"2026-01-12T15:05:00","modified_gmt":"2026-01-12T14:05:00","slug":"test-chromatique-ishihara-boite-de-10-planches-pour-illettres","status":"publish","type":"product","link":"https:\/\/nimedixmedical.com\/fr\/notre-catalogue\/test-chromatique-ishihara-boite-de-10-planches-pour-illettres\/","title":{"rendered":"Test Chromatique Ishihara &#8211; Bo\u00eete de 10 Planches pour Illettr\u00e9s"},"content":{"rendered":"<p>Le test chromatique Ishihara est un outil essentiel pour d\u00e9pister les d\u00e9ficiences de la vision des couleurs, en particulier chez les personnes illettr\u00e9es. Con\u00e7u pour \u00eatre accessible m\u00eame aux jeunes enfants, ce test offre une m\u00e9thode efficace pour identifier les troubles comme le daltonisme.<\/p>\n<h2>Caract\u00e9ristiques<\/h2>\n<ul>\n<li>Bo\u00eete contenant 10 planches sp\u00e9cialement con\u00e7ues pour les illettr\u00e9s.<\/li>\n<li>Utilisation de formes g\u00e9om\u00e9triques simples pour faciliter la reconnaissance.<\/li>\n<li>Permet de d\u00e9tecter les d\u00e9ficiences rouges-vertes, notamment la protanopie et la deut\u00e9ranopie.<\/li>\n<li>\u00c9valuation rapide et pr\u00e9cise adapt\u00e9e aux jeunes enfants.<\/li>\n<\/ul>\n<h2>Livraison<\/h2>\n<ul>\n<li><strong>France :<\/strong> Livraison directe.<\/li>\n<li><strong>Export (Europe et Afrique) :<\/strong> Sur devis.<\/li>\n<\/ul>\n","protected":false},"excerpt":{"rendered":"<ul>\n<li>Usage : D\u00e9pistage du daltonisme chez les illettr\u00e9s et jeunes enfants.<\/li>\n<li>B\u00e9n\u00e9fice : \u00c9valuation rapide et pr\u00e9cise des d\u00e9ficiences de la vision des couleurs.<\/li>\n<li>Conception : Planche avec des formes g\u00e9om\u00e9triques simples pour une compr\u00e9hension facile.<\/li>\n<li>Types de d\u00e9ficience : Identifie les anomalies de vision rouge-vert (protan et deutan).<\/li>\n<\/ul>\n","protected":false},"featured_media":104708,"comment_status":"open","ping_status":"open","template":"","meta":{"inline_featured_image":false},"product_brand":[],"product_cat":[951,958,960],"product_tag":[],"class_list":{"0":"post-104707","1":"product","2":"type-product","3":"status-publish","4":"has-post-thumbnail","6":"product_cat-produits-orl","7":"product_cat-tests-dacuite-visuelle","8":"product_cat-tests-dacuite-visuelle-tests-dacuite-visuelle","10":"first","11":"instock","12":"sale","13":"taxable","14":"shipping-taxable","15":"purchasable","16":"product-type-simple"},"_links":{"self":[{"href":"https:\/\/nimedixmedical.com\/fr\/wp-json\/wp\/v2\/product\/104707","targetHints":{"allow":["GET"]}}],"collection":[{"href":"https:\/\/nimedixmedical.com\/fr\/wp-json\/wp\/v2\/product"}],"about":[{"href":"https:\/\/nimedixmedical.com\/fr\/wp-json\/wp\/v2\/types\/product"}],"replies":[{"embeddable":true,"href":"https:\/\/nimedixmedical.com\/fr\/wp-json\/wp\/v2\/comments?post=104707"}],"wp:featuredmedia":[{"embeddable":true,"href":"https:\/\/nimedixmedical.com\/fr\/wp-json\/wp\/v2\/media\/104708"}],"wp:attachment":[{"href":"https:\/\/nimedixmedical.com\/fr\/wp-json\/wp\/v2\/media?parent=104707"}],"wp:term":[{"taxonomy":"product_brand","embeddable":true,"href":"https:\/\/nimedixmedical.com\/fr\/wp-json\/wp\/v2\/product_brand?post=104707"},{"taxonomy":"product_cat","embeddable":true,"href":"https:\/\/nimedixmedical.com\/fr\/wp-json\/wp\/v2\/product_cat?post=104707"},{"taxonomy":"product_tag","embeddable":true,"href":"https:\/\/nimedixmedical.com\/fr\/wp-json\/wp\/v2\/product_tag?post=104707"}],"curies":[{"name":"wp","href":"https:\/\/api.w.org\/{rel}","templated":true}]}}