{"id":104689,"date":"2025-11-30T19:59:29","date_gmt":"2025-11-30T18:59:29","guid":{"rendered":"https:\/\/nimedixmedical.com\/notre-catalogue\/test-de-stereopsie\/"},"modified":"2026-01-12T15:04:58","modified_gmt":"2026-01-12T14:04:58","slug":"test-de-stereopsie","status":"publish","type":"product","link":"https:\/\/nimedixmedical.com\/fr\/notre-catalogue\/test-de-stereopsie\/","title":{"rendered":"Test de St\u00e9r\u00e9opsie"},"content":{"rendered":"<p>Le test de st\u00e9r\u00e9opsie est un outil essentiel pour \u00e9valuer la capacit\u00e9 des yeux \u00e0 travailler ensemble, crucial pour le diagnostic pr\u00e9coce de troubles visuels tels que le strabisme et l&#8217;amblyopie. Utilis\u00e9 en p\u00e9diatrie et en ophtalmologie, il permet une d\u00e9tection rapide des anomalies visuelles.<\/p>\n<h2>Caract\u00e9ristiques<\/h2>\n<ul>\n<li>Distance d&#8217;\u00e9valuation : 30-40 cm.<\/li>\n<li>Figures incluses : balle, poisson, \u00e9toile, arbre.<\/li>\n<li>Disparit\u00e9s st\u00e9r\u00e9o : 200&#8243;, 400&#8243;, 600&#8243;.<\/li>\n<li>Con\u00e7u pour une utilisation par les enfants et les adultes.<\/li>\n<\/ul>\n<h2>Livraison<\/h2>\n<ul>\n<li><strong>France :<\/strong> Livraison directe.<\/li>\n<li><strong>Export (Europe et Afrique) :<\/strong> Sur devis.<\/li>\n<\/ul>\n","protected":false},"excerpt":{"rendered":"<ul>\n<li>\u00c9valuation de la coop\u00e9ration oculaire pour la perception d&#8217;images en 3D.<\/li>\n<li>Con\u00e7u pour les enfants d\u00e8s un an et les adultes suspect\u00e9s de strabisme ou amblyopie.<\/li>\n<li>Tests incluant des figures st\u00e9r\u00e9o vari\u00e9es pour une \u00e9valuation pr\u00e9cise.<\/li>\n<li>Facilite le diagnostic de probl\u00e8mes visuels et aide \u00e0 la prise en charge.<\/li>\n<\/ul>\n","protected":false},"featured_media":104690,"comment_status":"open","ping_status":"open","template":"","meta":{"inline_featured_image":false},"product_brand":[],"product_cat":[951,958,960],"product_tag":[],"class_list":{"0":"post-104689","1":"product","2":"type-product","3":"status-publish","4":"has-post-thumbnail","6":"product_cat-produits-orl","7":"product_cat-tests-dacuite-visuelle","8":"product_cat-tests-dacuite-visuelle-tests-dacuite-visuelle","10":"first","11":"instock","12":"sale","13":"taxable","14":"shipping-taxable","15":"purchasable","16":"product-type-simple"},"_links":{"self":[{"href":"https:\/\/nimedixmedical.com\/fr\/wp-json\/wp\/v2\/product\/104689","targetHints":{"allow":["GET"]}}],"collection":[{"href":"https:\/\/nimedixmedical.com\/fr\/wp-json\/wp\/v2\/product"}],"about":[{"href":"https:\/\/nimedixmedical.com\/fr\/wp-json\/wp\/v2\/types\/product"}],"replies":[{"embeddable":true,"href":"https:\/\/nimedixmedical.com\/fr\/wp-json\/wp\/v2\/comments?post=104689"}],"wp:featuredmedia":[{"embeddable":true,"href":"https:\/\/nimedixmedical.com\/fr\/wp-json\/wp\/v2\/media\/104690"}],"wp:attachment":[{"href":"https:\/\/nimedixmedical.com\/fr\/wp-json\/wp\/v2\/media?parent=104689"}],"wp:term":[{"taxonomy":"product_brand","embeddable":true,"href":"https:\/\/nimedixmedical.com\/fr\/wp-json\/wp\/v2\/product_brand?post=104689"},{"taxonomy":"product_cat","embeddable":true,"href":"https:\/\/nimedixmedical.com\/fr\/wp-json\/wp\/v2\/product_cat?post=104689"},{"taxonomy":"product_tag","embeddable":true,"href":"https:\/\/nimedixmedical.com\/fr\/wp-json\/wp\/v2\/product_tag?post=104689"}],"curies":[{"name":"wp","href":"https:\/\/api.w.org\/{rel}","templated":true}]}}