{"id":104678,"date":"2025-11-30T19:58:53","date_gmt":"2025-11-30T18:58:53","guid":{"rendered":"https:\/\/nimedixmedical.com\/notre-catalogue\/stereotest-de-lang-i-r\/"},"modified":"2026-01-12T15:04:54","modified_gmt":"2026-01-12T14:04:54","slug":"stereotest-de-lang-i-r","status":"publish","type":"product","link":"https:\/\/nimedixmedical.com\/fr\/notre-catalogue\/stereotest-de-lang-i-r\/","title":{"rendered":"St\u00e9r\u00e9otest de Lang I-r"},"content":{"rendered":"<p>Le ST\u00c9R\u00c9OTEST\u00ae DE LANG I-R est un dispositif m\u00e9dical con\u00e7u pour \u00e9valuer la vision st\u00e9r\u00e9oscopique. Il utilise une technologie avanc\u00e9e pour fournir des r\u00e9sultats pr\u00e9cis et fiables, adapt\u00e9 \u00e0 tous les groupes d&#8217;\u00e2ge, y compris les jeunes enfants.<\/p>\n<h2>Caract\u00e9ristiques<\/h2>\n<ul>\n<li>Qualit\u00e9 optique am\u00e9lior\u00e9e gr\u00e2ce \u00e0 une technologie num\u00e9rique et lenticulaire.<\/li>\n<li>Homog\u00e9n\u00e9it\u00e9 augment\u00e9e du motif de points, r\u00e9duisant la reconnaissance monoculaire.<\/li>\n<li>Coins arrondis avec nouvelle lamination de la surface et d\u00e9coupe laser.<\/li>\n<li>Conformit\u00e9 au R\u00e8glement relatif aux dispositifs m\u00e9dicaux (MDR) 2017\/745.<\/li>\n<li>Test bas\u00e9 sur des points al\u00e9atoires avec sensibilit\u00e9 et sp\u00e9cificit\u00e9 \u00e9lev\u00e9es.<\/li>\n<li>Figures st\u00e9r\u00e9o avec \u00e9carts de 1 200, 600 et 550 arcsec.<\/li>\n<\/ul>\n<h2>Livraison<\/h2>\n<ul>\n<li><strong>France :<\/strong> Livraison directe.<\/li>\n<li><strong>Export (Europe et Afrique) :<\/strong> Sur devis.<\/li>\n<\/ul>\n","protected":false},"excerpt":{"rendered":"<ul>\n<li>Test de vision st\u00e9r\u00e9oscopique sans lunettes 3D.<\/li>\n<li>\u00c9valuation rapide de la vision binoculaire pour tous les \u00e2ges, y compris les jeunes enfants.<\/li>\n<li>Technologie moderne offrant une qualit\u00e9 optique am\u00e9lior\u00e9e.<\/li>\n<li>Instructions claires pour une application correcte.<\/li>\n<\/ul>\n","protected":false},"featured_media":104679,"comment_status":"open","ping_status":"open","template":"","meta":{"inline_featured_image":false},"product_brand":[],"product_cat":[951,958,960],"product_tag":[],"class_list":{"0":"post-104678","1":"product","2":"type-product","3":"status-publish","4":"has-post-thumbnail","6":"product_cat-produits-orl","7":"product_cat-tests-dacuite-visuelle","8":"product_cat-tests-dacuite-visuelle-tests-dacuite-visuelle","10":"first","11":"instock","12":"sale","13":"taxable","14":"shipping-taxable","15":"purchasable","16":"product-type-simple"},"_links":{"self":[{"href":"https:\/\/nimedixmedical.com\/fr\/wp-json\/wp\/v2\/product\/104678","targetHints":{"allow":["GET"]}}],"collection":[{"href":"https:\/\/nimedixmedical.com\/fr\/wp-json\/wp\/v2\/product"}],"about":[{"href":"https:\/\/nimedixmedical.com\/fr\/wp-json\/wp\/v2\/types\/product"}],"replies":[{"embeddable":true,"href":"https:\/\/nimedixmedical.com\/fr\/wp-json\/wp\/v2\/comments?post=104678"}],"wp:featuredmedia":[{"embeddable":true,"href":"https:\/\/nimedixmedical.com\/fr\/wp-json\/wp\/v2\/media\/104679"}],"wp:attachment":[{"href":"https:\/\/nimedixmedical.com\/fr\/wp-json\/wp\/v2\/media?parent=104678"}],"wp:term":[{"taxonomy":"product_brand","embeddable":true,"href":"https:\/\/nimedixmedical.com\/fr\/wp-json\/wp\/v2\/product_brand?post=104678"},{"taxonomy":"product_cat","embeddable":true,"href":"https:\/\/nimedixmedical.com\/fr\/wp-json\/wp\/v2\/product_cat?post=104678"},{"taxonomy":"product_tag","embeddable":true,"href":"https:\/\/nimedixmedical.com\/fr\/wp-json\/wp\/v2\/product_tag?post=104678"}],"curies":[{"name":"wp","href":"https:\/\/api.w.org\/{rel}","templated":true}]}}