{"id":104674,"date":"2025-11-30T19:58:53","date_gmt":"2025-11-30T18:58:53","guid":{"rendered":"https:\/\/nimedixmedical.com\/notre-catalogue\/stereotest-de-lang-ii-r\/"},"modified":"2026-01-12T15:04:53","modified_gmt":"2026-01-12T14:04:53","slug":"stereotest-de-lang-ii-r","status":"publish","type":"product","link":"https:\/\/nimedixmedical.com\/fr\/notre-catalogue\/stereotest-de-lang-ii-r\/","title":{"rendered":"St\u00e9r\u00e9otest de Lang II-R"},"content":{"rendered":"<p>Le ST\u00c9R\u00c9OTEST\u00ae DE LANG II-R est un dispositif m\u00e9dical de haute qualit\u00e9 permettant de tester la vision st\u00e9r\u00e9oscopique. Il est con\u00e7u pour une utilisation facile et rapide, id\u00e9al pour les professionnels de sant\u00e9 souhaitant \u00e9valuer la vision binoculaire de leurs patients, y compris les enfants.<\/p>\n<h2>Caract\u00e9ristiques<\/h2>\n<ul>\n<li>Technologie num\u00e9rique et lenticulaire pour une qualit\u00e9 optique am\u00e9lior\u00e9e.<\/li>\n<li>Homog\u00e9n\u00e9it\u00e9 accrue du motif de points pour une meilleure pr\u00e9cision.<\/li>\n<li>Coins arrondis et lamination moderne pour une durabilit\u00e9 accrue.<\/li>\n<li>Instructions multilingues disponibles pour une utilisation internationale.<\/li>\n<li>Test adapt\u00e9 \u00e0 tous les groupes d&#8217;\u00e2ge, y compris les tr\u00e8s jeunes enfants.<\/li>\n<li>Made in Switzerland, garantissant un produit de qualit\u00e9 sup\u00e9rieure.<\/li>\n<\/ul>\n<h2>Livraison<\/h2>\n<ul>\n<li><strong>France :<\/strong> Livraison directe.<\/li>\n<li><strong>Export (Europe et Afrique) :<\/strong> Sur devis.<\/li>\n<\/ul>\n","protected":false},"excerpt":{"rendered":"<ul>\n<li>Usage : Test de la vision st\u00e9r\u00e9oscopique sans lunettes 3D.<\/li>\n<li>B\u00e9n\u00e9fice : \u00c9valuation rapide et pr\u00e9cise de la vision binoculaire pour tous les \u00e2ges.<\/li>\n<li>Homog\u00e9n\u00e9it\u00e9 : Motif de points am\u00e9lior\u00e9 pour une reconnaissance monoculaire r\u00e9duite.<\/li>\n<li>Conformit\u00e9 : Conforme aux r\u00e9glementations des dispositifs m\u00e9dicaux (MDR) 2017\/745.<\/li>\n<\/ul>\n","protected":false},"featured_media":104675,"comment_status":"open","ping_status":"open","template":"","meta":{"inline_featured_image":false},"product_brand":[],"product_cat":[951,958,960],"product_tag":[],"class_list":{"0":"post-104674","1":"product","2":"type-product","3":"status-publish","4":"has-post-thumbnail","6":"product_cat-produits-orl","7":"product_cat-tests-dacuite-visuelle","8":"product_cat-tests-dacuite-visuelle-tests-dacuite-visuelle","10":"first","11":"instock","12":"sale","13":"taxable","14":"shipping-taxable","15":"purchasable","16":"product-type-simple"},"_links":{"self":[{"href":"https:\/\/nimedixmedical.com\/fr\/wp-json\/wp\/v2\/product\/104674","targetHints":{"allow":["GET"]}}],"collection":[{"href":"https:\/\/nimedixmedical.com\/fr\/wp-json\/wp\/v2\/product"}],"about":[{"href":"https:\/\/nimedixmedical.com\/fr\/wp-json\/wp\/v2\/types\/product"}],"replies":[{"embeddable":true,"href":"https:\/\/nimedixmedical.com\/fr\/wp-json\/wp\/v2\/comments?post=104674"}],"wp:featuredmedia":[{"embeddable":true,"href":"https:\/\/nimedixmedical.com\/fr\/wp-json\/wp\/v2\/media\/104675"}],"wp:attachment":[{"href":"https:\/\/nimedixmedical.com\/fr\/wp-json\/wp\/v2\/media?parent=104674"}],"wp:term":[{"taxonomy":"product_brand","embeddable":true,"href":"https:\/\/nimedixmedical.com\/fr\/wp-json\/wp\/v2\/product_brand?post=104674"},{"taxonomy":"product_cat","embeddable":true,"href":"https:\/\/nimedixmedical.com\/fr\/wp-json\/wp\/v2\/product_cat?post=104674"},{"taxonomy":"product_tag","embeddable":true,"href":"https:\/\/nimedixmedical.com\/fr\/wp-json\/wp\/v2\/product_tag?post=104674"}],"curies":[{"name":"wp","href":"https:\/\/api.w.org\/{rel}","templated":true}]}}