{"id":104632,"date":"2025-11-30T19:58:18","date_gmt":"2025-11-30T18:58:18","guid":{"rendered":"https:\/\/nimedixmedical.com\/notre-catalogue\/connecteur-oto-ophtalmoscope-f-o-xenon-visio-2000-35-v\/"},"modified":"2026-01-12T15:04:38","modified_gmt":"2026-01-12T14:04:38","slug":"connecteur-oto-ophtalmoscope-f-o-xenon-visio-2000-35-v","status":"publish","type":"product","link":"https:\/\/nimedixmedical.com\/fr\/notre-catalogue\/connecteur-oto-ophtalmoscope-f-o-xenon-visio-2000-35-v\/","title":{"rendered":"Connecteur Oto-ophtalmoscope F.o. X\u00e9non Visio 2000 &#8211; 3,5 V"},"content":{"rendered":"<p>Le Connecteur Oto-Ophthalmoscope F.O. X\u00e9non Visio 2000 &#8211; 3,5 V est un outil essentiel pour les professionnels de la sant\u00e9. Il permet de r\u00e9aliser des examens ORL et ophtalmologiques avec une pr\u00e9cision optimale gr\u00e2ce \u00e0 son syst\u00e8me d&#8217;\u00e9clairage avanc\u00e9.<\/p>\n<h2>Caract\u00e9ristiques<\/h2>\n<ul>\n<li>Set complet avec t\u00eate otoscope et ophtalmoscope \u00e0 fibre optique.<\/li>\n<li>Poign\u00e9e \u00e0 batterie avec montage \u00e0 ba\u00efonnette et prise \u00e0 2 broches.<\/li>\n<li>Comprend 5 sp\u00e9culums r\u00e9utilisables (2,5, 3,0, 4,0, 5,0 et 10,0 mm) et un tube de 14 sp\u00e9culums \u00e0 usage unique (2,5 et 4,0 mm).<\/li>\n<li>\u00c9clairage X\u00e9non \u00e0 fibre optique de 3,5 V avec rh\u00e9ostat pour r\u00e9glage de l&#8217;intensit\u00e9 lumineuse.<\/li>\n<li>Conception robuste en plastique renforc\u00e9 r\u00e9sistant aux chocs avec syst\u00e8me de verrouillage durable.<\/li>\n<li>Livr\u00e9 dans un \u00e9tui rigide \u00e9l\u00e9gant, compatible avec la station de charge et batterie rechargeable Li-ion.<\/li>\n<\/ul>\n<h2>Livraison<\/h2>\n<ul>\n<li><strong>France :<\/strong> Livraison directe.<\/li>\n<li><strong>Export (Europe et Afrique) :<\/strong> Sur devis.<\/li>\n<\/ul>\n","protected":false},"excerpt":{"rendered":"<ul>\n<li>Usage : Outil de diagnostic pour l&#8217;examen ORL et ophtalmologique.<\/li>\n<li>B\u00e9n\u00e9fice : \u00c9clairage puissant X\u00e9non \u00e0 fibre optique pour une meilleure visibilit\u00e9.<\/li>\n<li>Pratique : \u00c9quip\u00e9 de plusieurs sp\u00e9culums r\u00e9utilisables et jetables pour un usage polyvalent.<\/li>\n<li>Durabilit\u00e9 : Conception en plastique renforc\u00e9 r\u00e9sistant aux chocs pour une longue dur\u00e9e de vie.<\/li>\n<\/ul>\n","protected":false},"featured_media":104633,"comment_status":"open","ping_status":"open","template":"","meta":{"inline_featured_image":false},"product_brand":[],"product_cat":[951,957,954],"product_tag":[],"class_list":{"0":"post-104632","1":"product","2":"type-product","3":"status-publish","4":"has-post-thumbnail","6":"product_cat-produits-orl","7":"product_cat-trousse-oto-ophtalmoscope-o-r-l-gima","8":"product_cat-trousses-de-diagnostic-o-r-l","10":"first","11":"instock","12":"sale","13":"taxable","14":"shipping-taxable","15":"purchasable","16":"product-type-simple"},"_links":{"self":[{"href":"https:\/\/nimedixmedical.com\/fr\/wp-json\/wp\/v2\/product\/104632","targetHints":{"allow":["GET"]}}],"collection":[{"href":"https:\/\/nimedixmedical.com\/fr\/wp-json\/wp\/v2\/product"}],"about":[{"href":"https:\/\/nimedixmedical.com\/fr\/wp-json\/wp\/v2\/types\/product"}],"replies":[{"embeddable":true,"href":"https:\/\/nimedixmedical.com\/fr\/wp-json\/wp\/v2\/comments?post=104632"}],"wp:featuredmedia":[{"embeddable":true,"href":"https:\/\/nimedixmedical.com\/fr\/wp-json\/wp\/v2\/media\/104633"}],"wp:attachment":[{"href":"https:\/\/nimedixmedical.com\/fr\/wp-json\/wp\/v2\/media?parent=104632"}],"wp:term":[{"taxonomy":"product_brand","embeddable":true,"href":"https:\/\/nimedixmedical.com\/fr\/wp-json\/wp\/v2\/product_brand?post=104632"},{"taxonomy":"product_cat","embeddable":true,"href":"https:\/\/nimedixmedical.com\/fr\/wp-json\/wp\/v2\/product_cat?post=104632"},{"taxonomy":"product_tag","embeddable":true,"href":"https:\/\/nimedixmedical.com\/fr\/wp-json\/wp\/v2\/product_tag?post=104632"}],"curies":[{"name":"wp","href":"https:\/\/api.w.org\/{rel}","templated":true}]}}