{"id":104629,"date":"2025-11-30T19:58:18","date_gmt":"2025-11-30T18:58:18","guid":{"rendered":"https:\/\/nimedixmedical.com\/notre-catalogue\/oto-ophtalmoscope-f-o-xenon-visio-2000-35v\/"},"modified":"2026-01-12T15:04:38","modified_gmt":"2026-01-12T14:04:38","slug":"oto-ophtalmoscope-f-o-xenon-visio-2000-35v","status":"publish","type":"product","link":"https:\/\/nimedixmedical.com\/fr\/notre-catalogue\/oto-ophtalmoscope-f-o-xenon-visio-2000-35v\/","title":{"rendered":"Oto-ophtalmoscope F.o. X\u00e9non Visio 2000 &#8211; 3,5v"},"content":{"rendered":"<p>Le oto-ophtalmoscope F.O. X\u00e9non Visio 2000 &#8211; 3,5 V est un outil essentiel pour les professionnels de la sant\u00e9, offrant une excellente visibilit\u00e9 lors des examens ORL et ophtalmologiques. Gr\u00e2ce \u00e0 sa technologie avanc\u00e9e, cet appareil garantit un diagnostic pr\u00e9cis et fiable.<\/p>\n<h2>Caract\u00e9ristiques<\/h2>\n<ul>\n<li>T\u00eate otoscope et ophtalmoscope \u00e0 fibre optique.<\/li>\n<li>\u00c9clairage x\u00e9non \u00e0 3,5 V avec rh\u00e9ostat r\u00e9glable.<\/li>\n<li>Inclus 5 sp\u00e9culums r\u00e9utilisables et 14 sp\u00e9culums \u00e0 usage unique.<\/li>\n<li>Lentille orientable avec grossissement 3x pour une image pr\u00e9cise.<\/li>\n<li>Syst\u00e8me de verrouillage simple et durable.<\/li>\n<li>\u00c9l\u00e9gant \u00e9tui de transport et station de charge compatibles.<\/li>\n<\/ul>\n<h2>Livraison<\/h2>\n<ul>\n<li><strong>France :<\/strong> Livraison directe.<\/li>\n<li><strong>Export (Europe et Afrique) :<\/strong> Sur devis.<\/li>\n<\/ul>\n","protected":false},"excerpt":{"rendered":"<ul>\n<li>Usage : Oto-ophtalmoscope \u00e0 fibre optique pour diagnostics ORL et ophtalmologiques.<\/li>\n<li>B\u00e9n\u00e9fice : \u00c9clairage x\u00e9non brillant et rh\u00e9ostat permettant un r\u00e9glage pr\u00e9cis de l&#8217;intensit\u00e9 lumineuse.<\/li>\n<li>Praticit\u00e9 : Inclus plusieurs sp\u00e9culums r\u00e9utilisables et jetables pour une utilisation versatile.<\/li>\n<li>Durabilit\u00e9 : Fabriqu\u00e9 en plastique renforc\u00e9 r\u00e9sistant aux chocs avec un syst\u00e8me de verrouillage simple.<\/li>\n<\/ul>\n","protected":false},"featured_media":104630,"comment_status":"open","ping_status":"open","template":"","meta":{"inline_featured_image":false},"product_brand":[],"product_cat":[951,957,954],"product_tag":[],"class_list":{"0":"post-104629","1":"product","2":"type-product","3":"status-publish","4":"has-post-thumbnail","6":"product_cat-produits-orl","7":"product_cat-trousse-oto-ophtalmoscope-o-r-l-gima","8":"product_cat-trousses-de-diagnostic-o-r-l","10":"first","11":"instock","12":"sale","13":"taxable","14":"shipping-taxable","15":"purchasable","16":"product-type-simple"},"_links":{"self":[{"href":"https:\/\/nimedixmedical.com\/fr\/wp-json\/wp\/v2\/product\/104629","targetHints":{"allow":["GET"]}}],"collection":[{"href":"https:\/\/nimedixmedical.com\/fr\/wp-json\/wp\/v2\/product"}],"about":[{"href":"https:\/\/nimedixmedical.com\/fr\/wp-json\/wp\/v2\/types\/product"}],"replies":[{"embeddable":true,"href":"https:\/\/nimedixmedical.com\/fr\/wp-json\/wp\/v2\/comments?post=104629"}],"wp:featuredmedia":[{"embeddable":true,"href":"https:\/\/nimedixmedical.com\/fr\/wp-json\/wp\/v2\/media\/104630"}],"wp:attachment":[{"href":"https:\/\/nimedixmedical.com\/fr\/wp-json\/wp\/v2\/media?parent=104629"}],"wp:term":[{"taxonomy":"product_brand","embeddable":true,"href":"https:\/\/nimedixmedical.com\/fr\/wp-json\/wp\/v2\/product_brand?post=104629"},{"taxonomy":"product_cat","embeddable":true,"href":"https:\/\/nimedixmedical.com\/fr\/wp-json\/wp\/v2\/product_cat?post=104629"},{"taxonomy":"product_tag","embeddable":true,"href":"https:\/\/nimedixmedical.com\/fr\/wp-json\/wp\/v2\/product_tag?post=104629"}],"curies":[{"name":"wp","href":"https:\/\/api.w.org\/{rel}","templated":true}]}}