{"id":104615,"date":"2025-11-30T19:58:18","date_gmt":"2025-11-30T18:58:18","guid":{"rendered":"https:\/\/nimedixmedical.com\/notre-catalogue\/ophtalmoscope-heine-mini-3000-led-noir\/"},"modified":"2026-01-12T15:04:36","modified_gmt":"2026-01-12T14:04:36","slug":"ophtalmoscope-heine-mini-3000-led-noir","status":"publish","type":"product","link":"https:\/\/nimedixmedical.com\/fr\/notre-catalogue\/ophtalmoscope-heine-mini-3000-led-noir\/","title":{"rendered":"Ophtalmoscope Heine Mini 3000 LED &#8211; Noir"},"content":{"rendered":"<p>L&#8217;ophtalmoscope Heine Mini 3000 LED est un outil essentiel pour les professionnels de sant\u00e9, permettant un examen oculaire pr\u00e9cis et rapide. Sa conception compacte et ses fonctionnalit\u00e9s avanc\u00e9es en font un choix privil\u00e9gi\u00e9 pour les m\u00e9decins g\u00e9n\u00e9ralistes et sp\u00e9cialistes.<\/p>\n<h2>Caract\u00e9ristiques<\/h2>\n<ul>\n<li>Mod\u00e8le : Ophtalmoscope Mini 3000 LED, couleur noire.<\/li>\n<li>Code HEINE : D-008.71.120.<\/li>\n<li>\u00c9clairage : Technologie LEDHQ pour une lumi\u00e8re brillante et concentr\u00e9e.<\/li>\n<li>Optique : 18 lentilles de -20 \u00e0 +20 D pour corriger les d\u00e9fauts de r\u00e9fraction.<\/li>\n<li>Fonctionnalit\u00e9s : 5 ouvertures diff\u00e9rentes, \u00e9toile de fixation, filtre gris pour patients sensibles \u00e0 la lumi\u00e8re.<\/li>\n<li>Design : Arr\u00eat automatique, utilisation \u00e0 un doigt, poign\u00e9e et t\u00eate en 2 pi\u00e8ces.<\/li>\n<\/ul>\n<h2>Livraison<\/h2>\n<ul>\n<li><strong>France :<\/strong> Livraison directe.<\/li>\n<li><strong>Export (Europe et Afrique) :<\/strong> Sur devis.<\/li>\n<\/ul>\n","protected":false},"excerpt":{"rendered":"<ul>\n<li>Usage : Ophtalmoscope de poche id\u00e9al pour les examens oculaires.<\/li>\n<li>B\u00e9n\u00e9fice : Lumi\u00e8re LEDHQ offrant un \u00e9clairage optimal et un rendu des couleurs exceptionnel.<\/li>\n<li>Conception ergonomique : Poign\u00e9e et t\u00eate en 2 pi\u00e8ces pour un entretien facile.<\/li>\n<li>Fonctionnalit\u00e9 avanc\u00e9e : 5 ouvertures et 18 lentilles pour un diagnostic pr\u00e9cis sans dilatation des pupilles.<\/li>\n<\/ul>\n","protected":false},"featured_media":104616,"comment_status":"open","ping_status":"open","template":"","meta":{"inline_featured_image":false},"product_brand":[],"product_cat":[951,956,954],"product_tag":[],"class_list":{"0":"post-104615","1":"product","2":"type-product","3":"status-publish","4":"has-post-thumbnail","6":"product_cat-produits-orl","7":"product_cat-trousse-oto-ophtalmoscope-o-r-l-heine","8":"product_cat-trousses-de-diagnostic-o-r-l","10":"first","11":"outofstock","12":"sale","13":"taxable","14":"shipping-taxable","15":"purchasable","16":"product-type-simple"},"_links":{"self":[{"href":"https:\/\/nimedixmedical.com\/fr\/wp-json\/wp\/v2\/product\/104615","targetHints":{"allow":["GET"]}}],"collection":[{"href":"https:\/\/nimedixmedical.com\/fr\/wp-json\/wp\/v2\/product"}],"about":[{"href":"https:\/\/nimedixmedical.com\/fr\/wp-json\/wp\/v2\/types\/product"}],"replies":[{"embeddable":true,"href":"https:\/\/nimedixmedical.com\/fr\/wp-json\/wp\/v2\/comments?post=104615"}],"wp:featuredmedia":[{"embeddable":true,"href":"https:\/\/nimedixmedical.com\/fr\/wp-json\/wp\/v2\/media\/104616"}],"wp:attachment":[{"href":"https:\/\/nimedixmedical.com\/fr\/wp-json\/wp\/v2\/media?parent=104615"}],"wp:term":[{"taxonomy":"product_brand","embeddable":true,"href":"https:\/\/nimedixmedical.com\/fr\/wp-json\/wp\/v2\/product_brand?post=104615"},{"taxonomy":"product_cat","embeddable":true,"href":"https:\/\/nimedixmedical.com\/fr\/wp-json\/wp\/v2\/product_cat?post=104615"},{"taxonomy":"product_tag","embeddable":true,"href":"https:\/\/nimedixmedical.com\/fr\/wp-json\/wp\/v2\/product_tag?post=104615"}],"curies":[{"name":"wp","href":"https:\/\/api.w.org\/{rel}","templated":true}]}}