{"id":104173,"date":"2025-11-30T19:52:48","date_gmt":"2025-11-30T18:52:48","guid":{"rendered":"https:\/\/nimedixmedical.com\/notre-catalogue\/sphygmo-aneroide-yton-stethoscope-incorp\/"},"modified":"2026-01-12T15:02:55","modified_gmt":"2026-01-12T14:02:55","slug":"sphygmo-aneroide-yton-stethoscope-incorp","status":"publish","type":"product","link":"https:\/\/nimedixmedical.com\/fr\/notre-catalogue\/sphygmo-aneroide-yton-stethoscope-incorp\/","title":{"rendered":"Sphygmo. Anero\u00efde Yton &#8211; St\u00e9thoscope Incorp."},"content":{"rendered":"<p>Le sphygmomanom\u00e8tre an\u00e9ro\u00efde YTON est un appareil m\u00e9dical essentiel pour mesurer la pression art\u00e9rielle. Con\u00e7u pour les professionnels de sant\u00e9 et les particuliers, cet instrument allie pr\u00e9cision et praticit\u00e9, gr\u00e2ce \u00e0 son st\u00e9thoscope int\u00e9gr\u00e9 et son brassard ergonomique.<\/p>\n<h2>Caract\u00e9ristiques<\/h2>\n<ul>\n<li>Brassard en nylon \u00e0 fermeture velcro pour un confort optimal.<\/li>\n<li>Manom\u00e8tre \u00e0 clip avec \u00e9chelle de 0 \u00e0 300 mmHg.<\/li>\n<li>D\u00e9compression contr\u00f4l\u00e9e \u00e0 4 mmHg\/minute maximum.<\/li>\n<li>Graduations du manom\u00e8tre tous les 2 mmHg, avec z\u00e9ro flottant pour des mesures pr\u00e9cises.<\/li>\n<li>Poire en latex avec valve chrom\u00e9e pour un r\u00e9glage facile.<\/li>\n<li>Livr\u00e9 dans un \u00e9tui souple en similicuir et une bo\u00eete en carton.<\/li>\n<li>Mode d&#8217;emploi multilingue (GB, FR, IT, ES, PT, DE, GR, Arabe).<\/li>\n<\/ul>\n<h2>Livraison<\/h2>\n<ul>\n<li><strong>France :<\/strong> Livraison directe.<\/li>\n<li><strong>Export (Europe et Afrique) :<\/strong> Sur devis.<\/li>\n<\/ul>\n","protected":false},"excerpt":{"rendered":"<ul>\n<li>Id\u00e9al pour une utilisation en milieu m\u00e9dical et \u00e0 domicile.<\/li>\n<li>St\u00e9thoscope int\u00e9gr\u00e9 pour une \u00e9coute simplifi\u00e9e des bruits du c\u0153ur et des art\u00e8res.<\/li>\n<li>Manom\u00e8tre fiable avec \u00e9chelle de 0 \u00e0 300 mmHg pour des mesures pr\u00e9cises de la pression art\u00e9rielle.<\/li>\n<li>Brassard confortable en nylon avec fermeture velcro pour un ajustement facile.<\/li>\n<\/ul>\n","protected":false},"featured_media":104174,"comment_status":"open","ping_status":"open","template":"","meta":{"inline_featured_image":false},"product_brand":[],"product_cat":[938,942,911],"product_tag":[],"class_list":{"0":"post-104173","1":"product","2":"type-product","3":"status-publish","4":"has-post-thumbnail","6":"product_cat-sphygmomanometres-et-tensiometres-aneroides","7":"product_cat-sphygmomanometres-et-tensiometres-aneroides-gima","8":"product_cat-stetho-et-tensiometres","10":"first","11":"instock","12":"sale","13":"taxable","14":"shipping-taxable","15":"purchasable","16":"product-type-simple"},"_links":{"self":[{"href":"https:\/\/nimedixmedical.com\/fr\/wp-json\/wp\/v2\/product\/104173","targetHints":{"allow":["GET"]}}],"collection":[{"href":"https:\/\/nimedixmedical.com\/fr\/wp-json\/wp\/v2\/product"}],"about":[{"href":"https:\/\/nimedixmedical.com\/fr\/wp-json\/wp\/v2\/types\/product"}],"replies":[{"embeddable":true,"href":"https:\/\/nimedixmedical.com\/fr\/wp-json\/wp\/v2\/comments?post=104173"}],"wp:featuredmedia":[{"embeddable":true,"href":"https:\/\/nimedixmedical.com\/fr\/wp-json\/wp\/v2\/media\/104174"}],"wp:attachment":[{"href":"https:\/\/nimedixmedical.com\/fr\/wp-json\/wp\/v2\/media?parent=104173"}],"wp:term":[{"taxonomy":"product_brand","embeddable":true,"href":"https:\/\/nimedixmedical.com\/fr\/wp-json\/wp\/v2\/product_brand?post=104173"},{"taxonomy":"product_cat","embeddable":true,"href":"https:\/\/nimedixmedical.com\/fr\/wp-json\/wp\/v2\/product_cat?post=104173"},{"taxonomy":"product_tag","embeddable":true,"href":"https:\/\/nimedixmedical.com\/fr\/wp-json\/wp\/v2\/product_tag?post=104173"}],"curies":[{"name":"wp","href":"https:\/\/api.w.org\/{rel}","templated":true}]}}