{"id":104124,"date":"2025-11-30T19:51:58","date_gmt":"2025-11-30T18:51:58","guid":{"rendered":"https:\/\/nimedixmedical.com\/notre-catalogue\/sphygmomanometre-boston\/"},"modified":"2026-01-12T15:02:43","modified_gmt":"2026-01-12T14:02:43","slug":"sphygmomanometre-boston","status":"publish","type":"product","link":"https:\/\/nimedixmedical.com\/fr\/notre-catalogue\/sphygmomanometre-boston\/","title":{"rendered":"Sphygmomanom\u00e8tre Boston"},"content":{"rendered":"<p>Le sphygmomanom\u00e8tre Boston est un dispositif m\u00e9dical essentiel pour la mesure pr\u00e9cise de la pression art\u00e9rielle. Con\u00e7u pour un usage professionnel et domestique, il allie robustesse et \u00e9l\u00e9gance, garantissant un suivi efficace de la sant\u00e9 cardiaque. Son utilisation est simple et intuitive, ce qui en fait un outil incontournable.<\/p>\n<h2>Caract\u00e9ristiques<\/h2>\n<ul>\n<li>Manom\u00e8tre an\u00e9ro\u00efde en alliage de zinc, \u00e9l\u00e9gant et robuste.<\/li>\n<li>Poire int\u00e9gr\u00e9e en PVC avec valve de d\u00e9compression pour usage \u00e0 une main.<\/li>\n<li>Cadran large (\u00d8 60 mm) pour une lecture facile.<\/li>\n<li>Brassard en nylon \u00e0 fermeture velcro, vessie en TPU \u00e0 un tube.<\/li>\n<li>Poign\u00e9e r\u00e9glable pour gaucher ou droitier.<\/li>\n<li>Livr\u00e9 dans une pochette de transport en nylon.<\/li>\n<li>Produit sans latex pour une utilisation s\u00e9curis\u00e9e.<\/li>\n<li>Mode d&#8217;emploi disponible en plusieurs langues : GB, FR, IT, ES, PT, DE, GR, Arabe.<\/li>\n<\/ul>\n<h2>Livraison<\/h2>\n<ul>\n<li><strong>France :<\/strong> Livraison directe.<\/li>\n<li><strong>Export (Europe et Afrique) :<\/strong> Sur devis.<\/li>\n<\/ul>\n","protected":false},"excerpt":{"rendered":"<ul>\n<li>Id\u00e9al pour les professionnels de sant\u00e9 et les particuliers souhaitant surveiller leur tension art\u00e9rielle.<\/li>\n<li>Manom\u00e8tre an\u00e9ro\u00efde robuste avec lecture facile gr\u00e2ce \u00e0 un cadran large.<\/li>\n<li>Poire int\u00e9gr\u00e9e et valve de d\u00e9compression pour une utilisation \u00e0 une main efficace.<\/li>\n<li>Livr\u00e9 avec un brassard \u00e9talonn\u00e9 et une pochette de transport pour faciliter le rangement.<\/li>\n<\/ul>\n","protected":false},"featured_media":104125,"comment_status":"open","ping_status":"open","template":"","meta":{"inline_featured_image":false},"product_brand":[],"product_cat":[938,942,911],"product_tag":[],"class_list":{"0":"post-104124","1":"product","2":"type-product","3":"status-publish","4":"has-post-thumbnail","6":"product_cat-sphygmomanometres-et-tensiometres-aneroides","7":"product_cat-sphygmomanometres-et-tensiometres-aneroides-gima","8":"product_cat-stetho-et-tensiometres","10":"first","11":"instock","12":"sale","13":"taxable","14":"shipping-taxable","15":"purchasable","16":"product-type-simple"},"_links":{"self":[{"href":"https:\/\/nimedixmedical.com\/fr\/wp-json\/wp\/v2\/product\/104124","targetHints":{"allow":["GET"]}}],"collection":[{"href":"https:\/\/nimedixmedical.com\/fr\/wp-json\/wp\/v2\/product"}],"about":[{"href":"https:\/\/nimedixmedical.com\/fr\/wp-json\/wp\/v2\/types\/product"}],"replies":[{"embeddable":true,"href":"https:\/\/nimedixmedical.com\/fr\/wp-json\/wp\/v2\/comments?post=104124"}],"wp:featuredmedia":[{"embeddable":true,"href":"https:\/\/nimedixmedical.com\/fr\/wp-json\/wp\/v2\/media\/104125"}],"wp:attachment":[{"href":"https:\/\/nimedixmedical.com\/fr\/wp-json\/wp\/v2\/media?parent=104124"}],"wp:term":[{"taxonomy":"product_brand","embeddable":true,"href":"https:\/\/nimedixmedical.com\/fr\/wp-json\/wp\/v2\/product_brand?post=104124"},{"taxonomy":"product_cat","embeddable":true,"href":"https:\/\/nimedixmedical.com\/fr\/wp-json\/wp\/v2\/product_cat?post=104124"},{"taxonomy":"product_tag","embeddable":true,"href":"https:\/\/nimedixmedical.com\/fr\/wp-json\/wp\/v2\/product_tag?post=104124"}],"curies":[{"name":"wp","href":"https:\/\/api.w.org\/{rel}","templated":true}]}}