{"id":104066,"date":"2025-11-30T19:51:15","date_gmt":"2025-11-30T18:51:15","guid":{"rendered":"https:\/\/nimedixmedical.com\/notre-catalogue\/sphygmomanometre-minimus-ii\/"},"modified":"2026-01-12T15:02:28","modified_gmt":"2026-01-12T14:02:28","slug":"sphygmomanometre-minimus-ii","status":"publish","type":"product","link":"https:\/\/nimedixmedical.com\/fr\/notre-catalogue\/sphygmomanometre-minimus-ii\/","title":{"rendered":"Sphygmomanom\u00e8tre Minimus Ii"},"content":{"rendered":"<p>Le tensiom\u00e8tre Minimus II est un appareil m\u00e9dical de haute pr\u00e9cision, con\u00e7u pour les professionnels de sant\u00e9. Son design ergonomique et sa robustesse en font un outil indispensable pour le suivi de la pression art\u00e9rielle des patients.<\/p>\n<h2>Caract\u00e9ristiques<\/h2>\n<ul>\n<li>Manom\u00e8tre an\u00e9ro\u00efde chrom\u00e9, \u00e9l\u00e9gant et r\u00e9sistant<\/li>\n<li>Poire int\u00e9gr\u00e9e avec soupape de purge utilisable \u00e0 une main<\/li>\n<li>Brassard en nylon noir avec fermeture velcro et vessie \u00e0 1 tube<\/li>\n<li>Soupape de purge d&#8217;air de haute pr\u00e9cision, inusable<\/li>\n<li>Fourni avec une poign\u00e9e en acier inox et raccord Luer Lock<\/li>\n<li>Livr\u00e9 dans une pochette en ska\u00ef \u00e9l\u00e9gante<\/li>\n<\/ul>\n<h2>Livraison<\/h2>\n<ul>\n<li><strong>France :<\/strong> Livraison directe.<\/li>\n<li><strong>Export (Europe et Afrique) :<\/strong> Sur devis.<\/li>\n<\/ul>\n","protected":false},"excerpt":{"rendered":"<ul>\n<li>Usage : Mesure pr\u00e9cise de la pression art\u00e9rielle gr\u00e2ce \u00e0 un manom\u00e8tre an\u00e9ro\u00efde de haute qualit\u00e9.<\/li>\n<li>B\u00e9n\u00e9fice : Design \u00e9l\u00e9gant et ergonomique avec une poire int\u00e9gr\u00e9e, facilitant l&#8217;utilisation d&#8217;une seule main.<\/li>\n<li>Durabilit\u00e9 : Fabriqu\u00e9 en Allemagne, offrant une r\u00e9sistance et une fiabilit\u00e9 exceptionnelles.<\/li>\n<li>Pr\u00e9cision : Soupape de purge d&#8217;air avec m\u00e9canisme de r\u00e9glage fin pour des mesures exactes et r\u00e9p\u00e9tables.<\/li>\n<\/ul>\n","protected":false},"featured_media":104067,"comment_status":"open","ping_status":"open","template":"","meta":{"inline_featured_image":false},"product_brand":[],"product_cat":[938,940,911],"product_tag":[],"class_list":{"0":"post-104066","1":"product","2":"type-product","3":"status-publish","4":"has-post-thumbnail","6":"product_cat-sphygmomanometres-et-tensiometres-aneroides","7":"product_cat-sphygmomanometres-et-tensiometres-aneroides-riester","8":"product_cat-stetho-et-tensiometres","10":"first","11":"instock","12":"sale","13":"taxable","14":"shipping-taxable","15":"purchasable","16":"product-type-simple"},"_links":{"self":[{"href":"https:\/\/nimedixmedical.com\/fr\/wp-json\/wp\/v2\/product\/104066","targetHints":{"allow":["GET"]}}],"collection":[{"href":"https:\/\/nimedixmedical.com\/fr\/wp-json\/wp\/v2\/product"}],"about":[{"href":"https:\/\/nimedixmedical.com\/fr\/wp-json\/wp\/v2\/types\/product"}],"replies":[{"embeddable":true,"href":"https:\/\/nimedixmedical.com\/fr\/wp-json\/wp\/v2\/comments?post=104066"}],"wp:featuredmedia":[{"embeddable":true,"href":"https:\/\/nimedixmedical.com\/fr\/wp-json\/wp\/v2\/media\/104067"}],"wp:attachment":[{"href":"https:\/\/nimedixmedical.com\/fr\/wp-json\/wp\/v2\/media?parent=104066"}],"wp:term":[{"taxonomy":"product_brand","embeddable":true,"href":"https:\/\/nimedixmedical.com\/fr\/wp-json\/wp\/v2\/product_brand?post=104066"},{"taxonomy":"product_cat","embeddable":true,"href":"https:\/\/nimedixmedical.com\/fr\/wp-json\/wp\/v2\/product_cat?post=104066"},{"taxonomy":"product_tag","embeddable":true,"href":"https:\/\/nimedixmedical.com\/fr\/wp-json\/wp\/v2\/product_tag?post=104066"}],"curies":[{"name":"wp","href":"https:\/\/api.w.org\/{rel}","templated":true}]}}