{"id":104030,"date":"2025-11-30T19:50:36","date_gmt":"2025-11-30T18:50:36","guid":{"rendered":"https:\/\/nimedixmedical.com\/notre-catalogue\/tensiometre-e-mega-noir-pediatrique\/"},"modified":"2026-01-12T15:02:21","modified_gmt":"2026-01-12T14:02:21","slug":"tensiometre-e-mega-noir-pediatrique","status":"publish","type":"product","link":"https:\/\/nimedixmedical.com\/fr\/notre-catalogue\/tensiometre-e-mega-noir-pediatrique\/","title":{"rendered":"Tensiom\u00e8tre E-mega &#8211; Noir &#8211; P\u00e9diatrique"},"content":{"rendered":"<p>Le tensiom\u00e8tre E-MEGA\u00ae noir p\u00e9diatrique est un dispositif m\u00e9dical de haute pr\u00e9cision, id\u00e9al pour le suivi de la pression art\u00e9rielle chez les enfants. Sa conception ergonomique et ses mat\u00e9riaux de qualit\u00e9 en font un outil indispensable pour les professionnels de sant\u00e9.<\/p>\n<h2>Caract\u00e9ristiques<\/h2>\n<ul>\n<li>Brassard manopoire d\u00e9sinfectable et sans latex.<\/li>\n<li>Gonflage rapide gr\u00e2ce \u00e0 la conception ergonomique en forme de cuill\u00e8re.<\/li>\n<li>Pr\u00e9cision durable avec membrane en cuivre-b\u00e9ryllium, r\u00e9sistance aux pressions jusqu\u2019\u00e0 600 mmHg.<\/li>\n<li>Tol\u00e9rance maximale aux erreurs de \u00b13 mmHg.<\/li>\n<li>Soupape de purge de pr\u00e9cision, inusable et \u00e0 r\u00e9glage ultra-pr\u00e9cis.<\/li>\n<li>Cadran large de \u00d8 63 mm pour une lecture facile.<\/li>\n<li>Livr\u00e9 avec un \u00e9tui \u00e0 fermeture \u00e9clair pour un transport pratique.<\/li>\n<\/ul>\n<h2>Livraison<\/h2>\n<ul>\n<li><strong>France :<\/strong> Livraison directe.<\/li>\n<li><strong>Export (Europe et Afrique) :<\/strong> Sur devis.<\/li>\n<\/ul>\n","protected":false},"excerpt":{"rendered":"<ul>\n<li>Usage : Tensiom\u00e8tre p\u00e9diatrique con\u00e7u pour une utilisation pr\u00e9cise et rapide.<\/li>\n<li>B\u00e9n\u00e9fice : Brassard d\u00e9sinfectable, sans latex, pour un confort et une s\u00e9curit\u00e9 accrus.<\/li>\n<li>Pr\u00e9cision : Membrane de haute qualit\u00e9 garantissant une tol\u00e9rance maximale aux erreurs de \u00b13 mmHg.<\/li>\n<li>Ergonomie : Gonflage rapide gr\u00e2ce \u00e0 sa conception ergonomique en forme de cuill\u00e8re.<\/li>\n<\/ul>\n","protected":false},"featured_media":104031,"comment_status":"open","ping_status":"open","template":"","meta":{"inline_featured_image":false},"product_brand":[],"product_cat":[938,940,911],"product_tag":[],"class_list":{"0":"post-104030","1":"product","2":"type-product","3":"status-publish","4":"has-post-thumbnail","6":"product_cat-sphygmomanometres-et-tensiometres-aneroides","7":"product_cat-sphygmomanometres-et-tensiometres-aneroides-riester","8":"product_cat-stetho-et-tensiometres","10":"first","11":"instock","12":"sale","13":"taxable","14":"shipping-taxable","15":"purchasable","16":"product-type-simple"},"_links":{"self":[{"href":"https:\/\/nimedixmedical.com\/fr\/wp-json\/wp\/v2\/product\/104030","targetHints":{"allow":["GET"]}}],"collection":[{"href":"https:\/\/nimedixmedical.com\/fr\/wp-json\/wp\/v2\/product"}],"about":[{"href":"https:\/\/nimedixmedical.com\/fr\/wp-json\/wp\/v2\/types\/product"}],"replies":[{"embeddable":true,"href":"https:\/\/nimedixmedical.com\/fr\/wp-json\/wp\/v2\/comments?post=104030"}],"wp:featuredmedia":[{"embeddable":true,"href":"https:\/\/nimedixmedical.com\/fr\/wp-json\/wp\/v2\/media\/104031"}],"wp:attachment":[{"href":"https:\/\/nimedixmedical.com\/fr\/wp-json\/wp\/v2\/media?parent=104030"}],"wp:term":[{"taxonomy":"product_brand","embeddable":true,"href":"https:\/\/nimedixmedical.com\/fr\/wp-json\/wp\/v2\/product_brand?post=104030"},{"taxonomy":"product_cat","embeddable":true,"href":"https:\/\/nimedixmedical.com\/fr\/wp-json\/wp\/v2\/product_cat?post=104030"},{"taxonomy":"product_tag","embeddable":true,"href":"https:\/\/nimedixmedical.com\/fr\/wp-json\/wp\/v2\/product_tag?post=104030"}],"curies":[{"name":"wp","href":"https:\/\/api.w.org\/{rel}","templated":true}]}}