{"id":104016,"date":"2025-11-30T19:50:36","date_gmt":"2025-11-30T18:50:36","guid":{"rendered":"https:\/\/nimedixmedical.com\/notre-catalogue\/riester-sphygmotensiophone-1380\/"},"modified":"2026-01-12T15:02:17","modified_gmt":"2026-01-12T14:02:17","slug":"riester-sphygmotensiophone-1380","status":"publish","type":"product","link":"https:\/\/nimedixmedical.com\/fr\/notre-catalogue\/riester-sphygmotensiophone-1380\/","title":{"rendered":"Riester Sphygmotensiophone &#8211; 1380"},"content":{"rendered":"<p>Le RIESTER SPHYGMOTENSIOPHONE &#8211; 1380 est un tensiom\u00e8tre an\u00e9ro\u00efde de haute pr\u00e9cision, con\u00e7u pour les professionnels de la sant\u00e9. Il garantit une mesure fiable de la pression art\u00e9rielle gr\u00e2ce \u00e0 ses composants de qualit\u00e9 sup\u00e9rieure et son ergonomie optimis\u00e9e.<\/p>\n<h2>Caract\u00e9ristiques<\/h2>\n<ul>\n<li>Tensiom\u00e8tre \u00e0 deux tubes tr\u00e8s pr\u00e9cis et fonctionnellement avanc\u00e9.<\/li>\n<li>Brassard pour adultes en coton de haute qualit\u00e9 avec finition en similicuir, \u00e9quip\u00e9 d&#8217;un clip en m\u00e9tal.<\/li>\n<li>Soupape de purge de pr\u00e9cision, inusable et \u00e0 r\u00e9glage ultra-pr\u00e9cis.<\/li>\n<li>Microfiltre de protection de la soupape de purge et du syst\u00e8me de mesure.<\/li>\n<li>Membrane en cuivre-b\u00e9ryllium \u00e0 trempe sp\u00e9ciale, r\u00e9sistante \u00e0 la pression jusqu&#8217;\u00e0 600g mmHg.<\/li>\n<li>Cadran facilement lisible, \u00d8 49 mm, de 0 \u00e0 300 mmHg.<\/li>\n<li>Tol\u00e9rance maximale aux erreurs \u00b13 mmHg.<\/li>\n<\/ul>\n<h2>Livraison<\/h2>\n<ul>\n<li><strong>France :<\/strong> Livraison directe.<\/li>\n<li><strong>Export (Europe et Afrique) :<\/strong> Sur devis.<\/li>\n<\/ul>\n","protected":false},"excerpt":{"rendered":"<ul>\n<li>Usage : Tensiom\u00e8tre \u00e0 deux tubes pour une mesure pr\u00e9cise de la pression art\u00e9rielle.<\/li>\n<li>B\u00e9n\u00e9fice : Brassard en coton de haute qualit\u00e9 pour un confort optimal lors de la prise de mesure.<\/li>\n<li>Durabilit\u00e9 : \u00c9quip\u00e9 d&#8217;une membrane en cuivre-b\u00e9ryllium inusable pour une long\u00e9vit\u00e9 accrue.<\/li>\n<li>Pr\u00e9cision : Tol\u00e9rance maximale aux erreurs de \u00b13 mmHg pour des r\u00e9sultats fiables.<\/li>\n<\/ul>\n","protected":false},"featured_media":104017,"comment_status":"open","ping_status":"open","template":"","meta":{"inline_featured_image":false},"product_brand":[],"product_cat":[938,940,911],"product_tag":[],"class_list":{"0":"post-104016","1":"product","2":"type-product","3":"status-publish","4":"has-post-thumbnail","6":"product_cat-sphygmomanometres-et-tensiometres-aneroides","7":"product_cat-sphygmomanometres-et-tensiometres-aneroides-riester","8":"product_cat-stetho-et-tensiometres","10":"first","11":"instock","12":"sale","13":"taxable","14":"shipping-taxable","15":"purchasable","16":"product-type-simple"},"_links":{"self":[{"href":"https:\/\/nimedixmedical.com\/fr\/wp-json\/wp\/v2\/product\/104016","targetHints":{"allow":["GET"]}}],"collection":[{"href":"https:\/\/nimedixmedical.com\/fr\/wp-json\/wp\/v2\/product"}],"about":[{"href":"https:\/\/nimedixmedical.com\/fr\/wp-json\/wp\/v2\/types\/product"}],"replies":[{"embeddable":true,"href":"https:\/\/nimedixmedical.com\/fr\/wp-json\/wp\/v2\/comments?post=104016"}],"wp:featuredmedia":[{"embeddable":true,"href":"https:\/\/nimedixmedical.com\/fr\/wp-json\/wp\/v2\/media\/104017"}],"wp:attachment":[{"href":"https:\/\/nimedixmedical.com\/fr\/wp-json\/wp\/v2\/media?parent=104016"}],"wp:term":[{"taxonomy":"product_brand","embeddable":true,"href":"https:\/\/nimedixmedical.com\/fr\/wp-json\/wp\/v2\/product_brand?post=104016"},{"taxonomy":"product_cat","embeddable":true,"href":"https:\/\/nimedixmedical.com\/fr\/wp-json\/wp\/v2\/product_cat?post=104016"},{"taxonomy":"product_tag","embeddable":true,"href":"https:\/\/nimedixmedical.com\/fr\/wp-json\/wp\/v2\/product_tag?post=104016"}],"curies":[{"name":"wp","href":"https:\/\/api.w.org\/{rel}","templated":true}]}}