{"id":104006,"date":"2025-11-30T19:50:36","date_gmt":"2025-11-30T18:50:36","guid":{"rendered":"https:\/\/nimedixmedical.com\/notre-catalogue\/brassard-riester-1-tube-adulte-large\/"},"modified":"2026-01-12T15:02:14","modified_gmt":"2026-01-12T14:02:14","slug":"brassard-riester-1-tube-adulte-large","status":"publish","type":"product","link":"https:\/\/nimedixmedical.com\/fr\/notre-catalogue\/brassard-riester-1-tube-adulte-large\/","title":{"rendered":"Brassard Riester 1 Tube &#8211; Adulte Large"},"content":{"rendered":"<p>Le brassard Riester 1 tube pour adulte large est un accessoire essentiel pour la prise de tension. Con\u00e7u pour une utilisation avec les tensiom\u00e8tres an\u00e9ro\u00efdes manuels, il assure un confort optimal gr\u00e2ce \u00e0 son mat\u00e9riau sans latex.<\/p>\n<h2>Caract\u00e9ristiques<\/h2>\n<ul>\n<li><strong>Code Riester :<\/strong> 122<\/li>\n<li><strong>Coloris :<\/strong> Noir<\/li>\n<li><strong>Dimensions :<\/strong> 70 cm x 15 cm<\/li>\n<li><strong>Circonf\u00e9rence :<\/strong> 34-44 cm<\/li>\n<li><strong>Compatibilit\u00e9 :<\/strong> Tous les tensiom\u00e8tres an\u00e9ro\u00efdes manuels Riester \u00e0 1 tube<\/li>\n<\/ul>\n<h2>Livraison<\/h2>\n<ul>\n<li><strong>France :<\/strong> Livraison directe.<\/li>\n<li><strong>Export (Europe et Afrique) :<\/strong> Sur devis.<\/li>\n<\/ul>\n","protected":false},"excerpt":{"rendered":"<ul>\n<li>Usage : Brassard con\u00e7u pour les tensiom\u00e8tres an\u00e9ro\u00efdes manuels.<\/li>\n<li>B\u00e9n\u00e9fice : Mat\u00e9riau sans latex pour un usage s\u00fbr et confortable.<\/li>\n<li>Dimensions adapt\u00e9es : S&#8217;adapte aux circonf\u00e9rences de bras de 34 \u00e0 44 cm.<\/li>\n<li>Compatibilit\u00e9 : Compatible avec tous les tensiom\u00e8tres Riester \u00e0 1 tube.<\/li>\n<\/ul>\n","protected":false},"featured_media":104007,"comment_status":"open","ping_status":"open","template":"","meta":{"inline_featured_image":false},"product_brand":[],"product_cat":[938,940,911],"product_tag":[],"class_list":{"0":"post-104006","1":"product","2":"type-product","3":"status-publish","4":"has-post-thumbnail","6":"product_cat-sphygmomanometres-et-tensiometres-aneroides","7":"product_cat-sphygmomanometres-et-tensiometres-aneroides-riester","8":"product_cat-stetho-et-tensiometres","10":"first","11":"instock","12":"sale","13":"taxable","14":"shipping-taxable","15":"purchasable","16":"product-type-simple"},"_links":{"self":[{"href":"https:\/\/nimedixmedical.com\/fr\/wp-json\/wp\/v2\/product\/104006","targetHints":{"allow":["GET"]}}],"collection":[{"href":"https:\/\/nimedixmedical.com\/fr\/wp-json\/wp\/v2\/product"}],"about":[{"href":"https:\/\/nimedixmedical.com\/fr\/wp-json\/wp\/v2\/types\/product"}],"replies":[{"embeddable":true,"href":"https:\/\/nimedixmedical.com\/fr\/wp-json\/wp\/v2\/comments?post=104006"}],"wp:featuredmedia":[{"embeddable":true,"href":"https:\/\/nimedixmedical.com\/fr\/wp-json\/wp\/v2\/media\/104007"}],"wp:attachment":[{"href":"https:\/\/nimedixmedical.com\/fr\/wp-json\/wp\/v2\/media?parent=104006"}],"wp:term":[{"taxonomy":"product_brand","embeddable":true,"href":"https:\/\/nimedixmedical.com\/fr\/wp-json\/wp\/v2\/product_brand?post=104006"},{"taxonomy":"product_cat","embeddable":true,"href":"https:\/\/nimedixmedical.com\/fr\/wp-json\/wp\/v2\/product_cat?post=104006"},{"taxonomy":"product_tag","embeddable":true,"href":"https:\/\/nimedixmedical.com\/fr\/wp-json\/wp\/v2\/product_tag?post=104006"}],"curies":[{"name":"wp","href":"https:\/\/api.w.org\/{rel}","templated":true}]}}