{"id":103989,"date":"2025-11-30T19:49:57","date_gmt":"2025-11-30T18:49:57","guid":{"rendered":"https:\/\/nimedixmedical.com\/notre-catalogue\/brassard-riester-2-tubes-enfant\/"},"modified":"2026-01-12T15:02:07","modified_gmt":"2026-01-12T14:02:07","slug":"brassard-riester-2-tubes-enfant","status":"publish","type":"product","link":"https:\/\/nimedixmedical.com\/fr\/notre-catalogue\/brassard-riester-2-tubes-enfant\/","title":{"rendered":"Brassard Riester 2 Tubes &#8211; Enfant"},"content":{"rendered":"<p>Le brassard Riester 2 tubes pour enfant est un dispositif m\u00e9dical essentiel pour la mesure de la pression art\u00e9rielle chez les jeunes patients. Con\u00e7u pour offrir une pr\u00e9cision optimale, il s&#8217;adapte parfaitement \u00e0 la morphologie des enfants, garantissant ainsi un confort maximal lors des examens m\u00e9dicaux.<\/p>\n<h2>Caract\u00e9ristiques<\/h2>\n<ul>\n<li><strong>Code Riester:<\/strong> 130<\/li>\n<li><strong>Coloris:<\/strong> bleu clair<\/li>\n<li><strong>Dimensions:<\/strong> 35,5 x 10 cm<\/li>\n<li><strong>Circonf\u00e9rence:<\/strong> 13 &#8211; 17 cm<\/li>\n<li><strong>Compatibilit\u00e9:<\/strong> Tous les tensiom\u00e8tres an\u00e9ro\u00efdes manuels Riester \u00e0 2 tubes, y compris BigBen<\/li>\n<\/ul>\n<h2>Livraison<\/h2>\n<ul>\n<li><strong>France :<\/strong> Livraison directe.<\/li>\n<li><strong>Export (Europe et Afrique) :<\/strong> Sur devis.<\/li>\n<\/ul>\n","protected":false},"excerpt":{"rendered":"<ul>\n<li>Brassard sp\u00e9cialement con\u00e7u pour les enfants.<\/li>\n<li>Fabriqu\u00e9 sans latex pour \u00e9viter les allergies.<\/li>\n<li>Compatible avec tous les tensiom\u00e8tres an\u00e9ro\u00efdes manuels Riester \u00e0 2 tubes.<\/li>\n<li>Facilit\u00e9 d&#8217;utilisation gr\u00e2ce \u00e0 son syst\u00e8me de velcro.<\/li>\n<\/ul>\n","protected":false},"featured_media":103990,"comment_status":"open","ping_status":"open","template":"","meta":{"inline_featured_image":false},"product_brand":[],"product_cat":[938,940,911],"product_tag":[],"class_list":{"0":"post-103989","1":"product","2":"type-product","3":"status-publish","4":"has-post-thumbnail","6":"product_cat-sphygmomanometres-et-tensiometres-aneroides","7":"product_cat-sphygmomanometres-et-tensiometres-aneroides-riester","8":"product_cat-stetho-et-tensiometres","10":"first","11":"instock","12":"sale","13":"taxable","14":"shipping-taxable","15":"purchasable","16":"product-type-simple"},"_links":{"self":[{"href":"https:\/\/nimedixmedical.com\/fr\/wp-json\/wp\/v2\/product\/103989","targetHints":{"allow":["GET"]}}],"collection":[{"href":"https:\/\/nimedixmedical.com\/fr\/wp-json\/wp\/v2\/product"}],"about":[{"href":"https:\/\/nimedixmedical.com\/fr\/wp-json\/wp\/v2\/types\/product"}],"replies":[{"embeddable":true,"href":"https:\/\/nimedixmedical.com\/fr\/wp-json\/wp\/v2\/comments?post=103989"}],"wp:featuredmedia":[{"embeddable":true,"href":"https:\/\/nimedixmedical.com\/fr\/wp-json\/wp\/v2\/media\/103990"}],"wp:attachment":[{"href":"https:\/\/nimedixmedical.com\/fr\/wp-json\/wp\/v2\/media?parent=103989"}],"wp:term":[{"taxonomy":"product_brand","embeddable":true,"href":"https:\/\/nimedixmedical.com\/fr\/wp-json\/wp\/v2\/product_brand?post=103989"},{"taxonomy":"product_cat","embeddable":true,"href":"https:\/\/nimedixmedical.com\/fr\/wp-json\/wp\/v2\/product_cat?post=103989"},{"taxonomy":"product_tag","embeddable":true,"href":"https:\/\/nimedixmedical.com\/fr\/wp-json\/wp\/v2\/product_tag?post=103989"}],"curies":[{"name":"wp","href":"https:\/\/api.w.org\/{rel}","templated":true}]}}