{"id":103954,"date":"2025-11-30T19:49:57","date_gmt":"2025-11-30T18:49:57","guid":{"rendered":"https:\/\/nimedixmedical.com\/notre-catalogue\/sphygmomanometre-big-ben-sur-socle-a-roulettes-adultes-brassard-monopiece\/"},"modified":"2026-01-12T15:01:57","modified_gmt":"2026-01-12T14:01:57","slug":"sphygmomanometre-big-ben-sur-socle-a-roulettes-adultes-brassard-monopiece","status":"publish","type":"product","link":"https:\/\/nimedixmedical.com\/fr\/notre-catalogue\/sphygmomanometre-big-ben-sur-socle-a-roulettes-adultes-brassard-monopiece\/","title":{"rendered":"Sphygmomanom\u00e8tre Big Ben &#8211; sur Socle \u00e0 Roulettes &#8211; Adultes, Brassard Monopi\u00e8ce"},"content":{"rendered":"<p>Le sphygmomanom\u00e8tre Big Ben\u00ae est un tensiom\u00e8tre an\u00e9ro\u00efde con\u00e7u pour une utilisation pr\u00e9cise et confortable. Id\u00e9al pour les professionnels de la sant\u00e9, il offre une grande lisibilit\u00e9 et des caract\u00e9ristiques pratiques pour faciliter la prise de tension art\u00e9rielle en milieu clinique ou domestique.<\/p>\n<h2>Caract\u00e9ristiques<\/h2>\n<ul>\n<li>Mod\u00e8le : RIESTER BIG BEN\u00ae sur socle \u00e0 roulettes.<\/li>\n<li>Diam\u00e8tre du socle : 54 cm.<\/li>\n<li>Grand cadran de 147 mm avec rep\u00e8re blanc sur fond noir.<\/li>\n<li>Plage de mesure : 0 \u00e0 300 mmHg.<\/li>\n<li>Brassard monopi\u00e8ce adulte avec 2 tubes, fermeture velcro et sans latex.<\/li>\n<li>Hauteur r\u00e9glable de 90 \u00e0 140 cm pour un meilleur confort d&#8217;utilisation.<\/li>\n<li>Longue tubulure en spirale pour plus de flexibilit\u00e9.<\/li>\n<li>Fabriqu\u00e9 en Allemagne, gage de qualit\u00e9 et de fiabilit\u00e9.<\/li>\n<\/ul>\n<h2>Livraison<\/h2>\n<ul>\n<li><strong>France :<\/strong> Livraison directe.<\/li>\n<li><strong>Export (Europe et Afrique) :<\/strong> Sur devis.<\/li>\n<\/ul>\n","protected":false},"excerpt":{"rendered":"<ul>\n<li>Usage : Tensiom\u00e8tre an\u00e9ro\u00efde pour adultes, id\u00e9al pour une utilisation clinique ou \u00e0 domicile.<\/li>\n<li>B\u00e9n\u00e9fice : Lecture facile gr\u00e2ce \u00e0 un grand cadran et rep\u00e8res bien visibles.<\/li>\n<li>Praticit\u00e9 : Socle \u00e0 roulettes pour un d\u00e9placement ais\u00e9 et hauteur r\u00e9glable de 90 \u00e0 140 cm.<\/li>\n<li>S\u00e9curit\u00e9 : Brassard sans latex et rangement pratique au dos de l&#8217;appareil.<\/li>\n<\/ul>\n","protected":false},"featured_media":103955,"comment_status":"open","ping_status":"open","template":"","meta":{"inline_featured_image":false},"product_brand":[],"product_cat":[934,935,911],"product_tag":[],"class_list":{"0":"post-103954","1":"product","2":"type-product","3":"status-publish","4":"has-post-thumbnail","6":"product_cat-sphygmomanometres-et-tensiometres-aneroides-sur-socle-a-roulettes-mural","7":"product_cat-sphygmomanometres-et-tensiometres-aneroides-riester-sur-socle-a-roulettes-mural","8":"product_cat-stetho-et-tensiometres","10":"first","11":"instock","12":"sale","13":"taxable","14":"shipping-taxable","15":"purchasable","16":"product-type-simple"},"_links":{"self":[{"href":"https:\/\/nimedixmedical.com\/fr\/wp-json\/wp\/v2\/product\/103954","targetHints":{"allow":["GET"]}}],"collection":[{"href":"https:\/\/nimedixmedical.com\/fr\/wp-json\/wp\/v2\/product"}],"about":[{"href":"https:\/\/nimedixmedical.com\/fr\/wp-json\/wp\/v2\/types\/product"}],"replies":[{"embeddable":true,"href":"https:\/\/nimedixmedical.com\/fr\/wp-json\/wp\/v2\/comments?post=103954"}],"wp:featuredmedia":[{"embeddable":true,"href":"https:\/\/nimedixmedical.com\/fr\/wp-json\/wp\/v2\/media\/103955"}],"wp:attachment":[{"href":"https:\/\/nimedixmedical.com\/fr\/wp-json\/wp\/v2\/media?parent=103954"}],"wp:term":[{"taxonomy":"product_brand","embeddable":true,"href":"https:\/\/nimedixmedical.com\/fr\/wp-json\/wp\/v2\/product_brand?post=103954"},{"taxonomy":"product_cat","embeddable":true,"href":"https:\/\/nimedixmedical.com\/fr\/wp-json\/wp\/v2\/product_cat?post=103954"},{"taxonomy":"product_tag","embeddable":true,"href":"https:\/\/nimedixmedical.com\/fr\/wp-json\/wp\/v2\/product_tag?post=103954"}],"curies":[{"name":"wp","href":"https:\/\/api.w.org\/{rel}","templated":true}]}}