{"id":103756,"date":"2025-11-30T19:47:11","date_gmt":"2025-11-30T18:47:11","guid":{"rendered":"https:\/\/nimedixmedical.com\/notre-catalogue\/tensiometre-connectee-ihealth-track\/"},"modified":"2026-01-12T15:01:08","modified_gmt":"2026-01-12T14:01:08","slug":"tensiometre-connectee-ihealth-track","status":"publish","type":"product","link":"https:\/\/nimedixmedical.com\/fr\/notre-catalogue\/tensiometre-connectee-ihealth-track\/","title":{"rendered":"Tensiometre Connectee Ihealth Track"},"content":{"rendered":"<p>Le tensiom\u00e8tre au bras connect\u00e9 iHealth Track est un dispositif m\u00e9dical innovant con\u00e7u pour mesurer avec pr\u00e9cision la pression art\u00e9rielle et la fr\u00e9quence cardiaque. Id\u00e9al pour un usage domestique ou professionnel, il garantit des r\u00e9sultats fiables et conformes aux recommandations de l&#8217;OMS.<\/p>\n<h2>Caract\u00e9ristiques<\/h2>\n<ul>\n<li>Pression art\u00e9rielle cliniquement valid\u00e9e (ESH).<\/li>\n<li>Mesure de la pression systolique, diastolique et fr\u00e9quence cardiaque (battements par minute).<\/li>\n<li>\u00c9valuation des mesures selon les normes de l&#8217;OMS.<\/li>\n<li>D\u00e9tection d&#8217;arythmie int\u00e9gr\u00e9e.<\/li>\n<li>\u00c9cran \u00e0 couleurs changeantes pour une lecture facile.<\/li>\n<li>Capacit\u00e9 de stockage de 60 m\u00e9moires.<\/li>\n<li>Connexion Bluetooth 4.0 pour synchronisation avec l&#8217;application MyVitals.<\/li>\n<li>Dimensions : 98 x 98 x 46 mm, poids : 438 g (avec batteries).<\/li>\n<li>Circonf\u00e9rence du brassard : 22-42 cm.<\/li>\n<li>M\u00e9thode de mesure : oscillom\u00e9trique, gonflage et d\u00e9gonflage automatiques.<\/li>\n<li>Alimentation : 4 batteries AAA 1,5 V, dur\u00e9e d&#8217;utilisation jusqu&#8217;\u00e0 250 mesures.<\/li>\n<li>Plage de mesure : Sys 60-260 mmHg, Dia 40-199 mmHg.<\/li>\n<li>Plage de fr\u00e9quence du pouls : 40-180 bts\/min.<\/li>\n<\/ul>\n<h2>Livraison<\/h2>\n<ul>\n<li><strong>France :<\/strong> Livraison directe.<\/li>\n<li><strong>Export (Europe et Afrique) :<\/strong> Sur devis.<\/li>\n<\/ul>\n","protected":false},"excerpt":{"rendered":"<ul>\n<li>Mesures pr\u00e9cises de la pression art\u00e9rielle et de la fr\u00e9quence cardiaque.<\/li>\n<li>D\u00e9tection d&#8217;arythmie pour une surveillance accrue de la sant\u00e9 cardiaque.<\/li>\n<li>Facile \u00e0 utiliser gr\u00e2ce \u00e0 une connexion Bluetooth et une application d\u00e9di\u00e9e.<\/li>\n<li>60 m\u00e9moires pour suivre l&#8217;\u00e9volution de vos donn\u00e9es de sant\u00e9.<\/li>\n<\/ul>\n","protected":false},"featured_media":103757,"comment_status":"open","ping_status":"open","template":"","meta":{"inline_featured_image":false},"product_brand":[],"product_cat":[929,911],"product_tag":[],"class_list":{"0":"post-103756","1":"product","2":"type-product","3":"status-publish","4":"has-post-thumbnail","6":"product_cat-sphygmomanometres-et-tensiometres-numeriques-gima","7":"product_cat-stetho-et-tensiometres","9":"first","10":"instock","11":"sale","12":"taxable","13":"shipping-taxable","14":"purchasable","15":"product-type-simple"},"_links":{"self":[{"href":"https:\/\/nimedixmedical.com\/fr\/wp-json\/wp\/v2\/product\/103756","targetHints":{"allow":["GET"]}}],"collection":[{"href":"https:\/\/nimedixmedical.com\/fr\/wp-json\/wp\/v2\/product"}],"about":[{"href":"https:\/\/nimedixmedical.com\/fr\/wp-json\/wp\/v2\/types\/product"}],"replies":[{"embeddable":true,"href":"https:\/\/nimedixmedical.com\/fr\/wp-json\/wp\/v2\/comments?post=103756"}],"wp:featuredmedia":[{"embeddable":true,"href":"https:\/\/nimedixmedical.com\/fr\/wp-json\/wp\/v2\/media\/103757"}],"wp:attachment":[{"href":"https:\/\/nimedixmedical.com\/fr\/wp-json\/wp\/v2\/media?parent=103756"}],"wp:term":[{"taxonomy":"product_brand","embeddable":true,"href":"https:\/\/nimedixmedical.com\/fr\/wp-json\/wp\/v2\/product_brand?post=103756"},{"taxonomy":"product_cat","embeddable":true,"href":"https:\/\/nimedixmedical.com\/fr\/wp-json\/wp\/v2\/product_cat?post=103756"},{"taxonomy":"product_tag","embeddable":true,"href":"https:\/\/nimedixmedical.com\/fr\/wp-json\/wp\/v2\/product_tag?post=103756"}],"curies":[{"name":"wp","href":"https:\/\/api.w.org\/{rel}","templated":true}]}}