{"id":103739,"date":"2025-11-30T19:47:11","date_gmt":"2025-11-30T18:47:11","guid":{"rendered":"https:\/\/nimedixmedical.com\/notre-catalogue\/tensiometre-ihealth-bp7s-vew-pour-le-poignet-avec-ecran\/"},"modified":"2026-01-12T15:01:07","modified_gmt":"2026-01-12T14:01:07","slug":"tensiometre-ihealth-bp7s-vew-pour-le-poignet-avec-ecran","status":"publish","type":"product","link":"https:\/\/nimedixmedical.com\/fr\/notre-catalogue\/tensiometre-ihealth-bp7s-vew-pour-le-poignet-avec-ecran\/","title":{"rendered":"Tensiom\u00e8tre Ihealth Bp7s Vew &#8211; pour le Poignet avec \u00c9cran"},"content":{"rendered":"<p>Le tensiom\u00e8tre iHealth BP7S est un appareil m\u00e9dical con\u00e7u pour mesurer la pression art\u00e9rielle au poignet. Cliniquement valid\u00e9, il offre une pr\u00e9cision optimale et une facilit\u00e9 d&#8217;utilisation, id\u00e9al pour un suivi r\u00e9gulier de votre sant\u00e9 cardiovasculaire.<\/p>\n<h2>Caract\u00e9ristiques<\/h2>\n<ul>\n<li>Pression art\u00e9rielle cliniquement valid\u00e9e.<\/li>\n<li>Large \u00e9cran r\u00e9tro-\u00e9clair\u00e9 et facile \u00e0 lire.<\/li>\n<li>Mesure de la pression art\u00e9rielle (systolique et diastolique) et de la fr\u00e9quence cardiaque.<\/li>\n<li>D\u00e9tection d\u2019arythmie pour un suivi cardiaque am\u00e9lior\u00e9.<\/li>\n<li>Capteur de position du poignet pour une mesure optimale.<\/li>\n<li>\u00c9valuation des mesures selon les recommandations de l&#8217;OMS.<\/li>\n<li>Connexion Bluetooth 4.0 pour le transfert de donn\u00e9es.<\/li>\n<li>M\u00e9thode de mesure oscillom\u00e9trique avec gonflage et d\u00e9gonflage automatiques.<\/li>\n<li>Dimensions compactes : 72x74x17,6 mm.<\/li>\n<li>Poids l\u00e9ger : 120 g.<\/li>\n<\/ul>\n<h2>Livraison<\/h2>\n<ul>\n<li><strong>France :<\/strong> Livraison directe.<\/li>\n<li><strong>Export (Europe et Afrique) :<\/strong> Sur devis.<\/li>\n<\/ul>\n","protected":false},"excerpt":{"rendered":"<ul>\n<li>Mesurez votre pression art\u00e9rielle et votre fr\u00e9quence cardiaque facilement avec un appareil au poignet.<\/li>\n<li>\u00c9cran r\u00e9tro-\u00e9clair\u00e9 pour une lecture claire des r\u00e9sultats, m\u00eame dans des conditions de faible luminosit\u00e9.<\/li>\n<li>D\u00e9tection d\u2019arythmie pour un suivi cardiaque plus pr\u00e9cis.<\/li>\n<li>Connexion Bluetooth pour un transfert facile des donn\u00e9es vers votre smartphone.<\/li>\n<\/ul>\n","protected":false},"featured_media":103740,"comment_status":"open","ping_status":"open","template":"","meta":{"inline_featured_image":false},"product_brand":[],"product_cat":[929,911],"product_tag":[],"class_list":{"0":"post-103739","1":"product","2":"type-product","3":"status-publish","4":"has-post-thumbnail","6":"product_cat-sphygmomanometres-et-tensiometres-numeriques-gima","7":"product_cat-stetho-et-tensiometres","9":"first","10":"instock","11":"sale","12":"taxable","13":"shipping-taxable","14":"purchasable","15":"product-type-simple"},"_links":{"self":[{"href":"https:\/\/nimedixmedical.com\/fr\/wp-json\/wp\/v2\/product\/103739","targetHints":{"allow":["GET"]}}],"collection":[{"href":"https:\/\/nimedixmedical.com\/fr\/wp-json\/wp\/v2\/product"}],"about":[{"href":"https:\/\/nimedixmedical.com\/fr\/wp-json\/wp\/v2\/types\/product"}],"replies":[{"embeddable":true,"href":"https:\/\/nimedixmedical.com\/fr\/wp-json\/wp\/v2\/comments?post=103739"}],"wp:featuredmedia":[{"embeddable":true,"href":"https:\/\/nimedixmedical.com\/fr\/wp-json\/wp\/v2\/media\/103740"}],"wp:attachment":[{"href":"https:\/\/nimedixmedical.com\/fr\/wp-json\/wp\/v2\/media?parent=103739"}],"wp:term":[{"taxonomy":"product_brand","embeddable":true,"href":"https:\/\/nimedixmedical.com\/fr\/wp-json\/wp\/v2\/product_brand?post=103739"},{"taxonomy":"product_cat","embeddable":true,"href":"https:\/\/nimedixmedical.com\/fr\/wp-json\/wp\/v2\/product_cat?post=103739"},{"taxonomy":"product_tag","embeddable":true,"href":"https:\/\/nimedixmedical.com\/fr\/wp-json\/wp\/v2\/product_tag?post=103739"}],"curies":[{"name":"wp","href":"https:\/\/api.w.org\/{rel}","templated":true}]}}