{"id":103724,"date":"2025-11-30T19:46:25","date_gmt":"2025-11-30T18:46:25","guid":{"rendered":"https:\/\/nimedixmedical.com\/notre-catalogue\/moniteur-de-p-s-numerique-domino-sur-socle-a-roulettes\/"},"modified":"2026-02-22T13:05:28","modified_gmt":"2026-02-22T12:05:28","slug":"moniteur-de-p-s-numerique-domino-sur-socle-a-roulettes","status":"publish","type":"product","link":"https:\/\/nimedixmedical.com\/fr\/notre-catalogue\/moniteur-de-p-s-numerique-domino-sur-socle-a-roulettes\/","title":{"rendered":"Moniteur de P.s. Num\u00e9rique Domino &#8211; sur Socle \u00e0 Roulettes"},"content":{"rendered":"<p>Le moniteur de pression sanguine num\u00e9rique Domino est con\u00e7u pour r\u00e9pondre aux exigences des environnements cliniques et m\u00e9dicaux. Gr\u00e2ce \u00e0 sa conception innovante et ses fonctionnalit\u00e9s avanc\u00e9es, il permet de surveiller efficacement la pression art\u00e9rielle et la fr\u00e9quence cardiaque.<\/p>\n<h2>Caract\u00e9ristiques<\/h2>\n<ul>\n<li>\u00c9cran large pour une visibilit\u00e9 optimale des donn\u00e9es.<\/li>\n<li>Affichage de la date, de l&#8217;heure et de la temp\u00e9rature ambiante (\u00b0C\/\u00b0F).<\/li>\n<li>D\u00e9tecteur IHB de fr\u00e9quence cardiaque irr\u00e9guli\u00e8re pour un suivi de sant\u00e9 complet.<\/li>\n<li>M\u00e9moire de 120 enregistrements (60 pour 2 utilisateurs) pour un suivi facile.<\/li>\n<li>Fonction horloge avec alarme de rappel pour ne pas rater les contr\u00f4les.<\/li>\n<li>Indicateur de classification de la pression sanguine selon l&#8217;OMS.<\/li>\n<li>Plage de mesure : Pression de -40 \u00e0 260 mmHg, Pouls de 40 \u00e0 160 bpm.<\/li>\n<li>Pr\u00e9cision de \u00b1 3 mmHg pour la pression et \u00b1 5 % pour le pouls.<\/li>\n<li>Alimentation par 4 piles ou adaptateur CA (en option).<\/li>\n<li>Dimensions : 158 x 120 x 127 mm, Poids : 490 g.<\/li>\n<\/ul>\n<h2>Livraison<\/h2>\n<ul>\n<li><strong>France :<\/strong> Livraison directe.<\/li>\n<li><strong>Export (Europe et Afrique) :<\/strong> Sur devis.<\/li>\n<\/ul>\n","protected":false},"excerpt":{"rendered":"<ul>\n<li>Moniteur de pression sanguine num\u00e9rique pour un usage clinique professionnel.<\/li>\n<li>Grand \u00e9cran pour une lecture facile des donn\u00e9es.<\/li>\n<li>Fonctionnalit\u00e9 de m\u00e9morisation pour suivre l&#8217;\u00e9volution de la pression art\u00e9rielle.<\/li>\n<li>Indicateur de classification selon l&#8217;OMS pour une \u00e9valuation rapide.<\/li>\n<\/ul>\n","protected":false},"featured_media":103725,"comment_status":"open","ping_status":"closed","template":"","meta":{"inline_featured_image":false},"product_brand":[],"product_cat":[929,911],"product_tag":[],"class_list":{"0":"post-103724","1":"product","2":"type-product","3":"status-publish","4":"has-post-thumbnail","6":"product_cat-sphygmomanometres-et-tensiometres-numeriques-gima","7":"product_cat-stetho-et-tensiometres","9":"first","10":"outofstock","11":"sale","12":"taxable","13":"shipping-taxable","14":"purchasable","15":"product-type-simple"},"_links":{"self":[{"href":"https:\/\/nimedixmedical.com\/fr\/wp-json\/wp\/v2\/product\/103724","targetHints":{"allow":["GET"]}}],"collection":[{"href":"https:\/\/nimedixmedical.com\/fr\/wp-json\/wp\/v2\/product"}],"about":[{"href":"https:\/\/nimedixmedical.com\/fr\/wp-json\/wp\/v2\/types\/product"}],"replies":[{"embeddable":true,"href":"https:\/\/nimedixmedical.com\/fr\/wp-json\/wp\/v2\/comments?post=103724"}],"wp:featuredmedia":[{"embeddable":true,"href":"https:\/\/nimedixmedical.com\/fr\/wp-json\/wp\/v2\/media\/103725"}],"wp:attachment":[{"href":"https:\/\/nimedixmedical.com\/fr\/wp-json\/wp\/v2\/media?parent=103724"}],"wp:term":[{"taxonomy":"product_brand","embeddable":true,"href":"https:\/\/nimedixmedical.com\/fr\/wp-json\/wp\/v2\/product_brand?post=103724"},{"taxonomy":"product_cat","embeddable":true,"href":"https:\/\/nimedixmedical.com\/fr\/wp-json\/wp\/v2\/product_cat?post=103724"},{"taxonomy":"product_tag","embeddable":true,"href":"https:\/\/nimedixmedical.com\/fr\/wp-json\/wp\/v2\/product_tag?post=103724"}],"curies":[{"name":"wp","href":"https:\/\/api.w.org\/{rel}","templated":true}]}}