{"id":103694,"date":"2025-11-30T19:46:25","date_gmt":"2025-11-30T18:46:25","guid":{"rendered":"https:\/\/nimedixmedical.com\/notre-catalogue\/tensiometre-electronique-au-poignet-smart\/"},"modified":"2026-01-12T15:00:58","modified_gmt":"2026-01-12T14:00:58","slug":"tensiometre-electronique-au-poignet-smart","status":"publish","type":"product","link":"https:\/\/nimedixmedical.com\/fr\/notre-catalogue\/tensiometre-electronique-au-poignet-smart\/","title":{"rendered":"Tensiom\u00e8tre \u00c9lectronique au Poignet Smart"},"content":{"rendered":"<p>Le tensiom\u00e8tre \u00e9lectronique au poignet Smart est un dispositif m\u00e9dical innovant, con\u00e7u pour mesurer la pression art\u00e9rielle avec pr\u00e9cision. Id\u00e9al pour un usage \u00e0 domicile, il permet un suivi r\u00e9gulier de la sant\u00e9 cardiovasculaire, tout en \u00e9tant simple d\u2019utilisation.<\/p>\n<h2>Caract\u00e9ristiques<\/h2>\n<ul>\n<li>Tensiom\u00e8tre automatique au poignet avec technologie Smart Inflation.<\/li>\n<li>Indicateur de pression conforme aux recommandations de l\u2019OMS.<\/li>\n<li>D\u00e9tection de la fr\u00e9quence cardiaque irr\u00e9guli\u00e8re pour une meilleure \u00e9valuation de la sant\u00e9.<\/li>\n<li>Moyenne des 3 derni\u00e8res lectures et m\u00e9moires de 2&#215;60 r\u00e9sultats avec date et heure.<\/li>\n<li>\u00c9cran LCD de 31,9&#215;39,6 mm pour une lisibilit\u00e9 optimale.<\/li>\n<li>Plage de mesure de la pression : 30-280 mmHg, pr\u00e9cision \u00b13 mmHg.<\/li>\n<li>Fonctionne avec 2 piles AAA 1,5 V (non incluses).<\/li>\n<li>Dimensions compactes : 84x64x28 mm, poids l\u00e9ger de 110 g sans piles.<\/li>\n<li>Brassard adapt\u00e9 aux circonf\u00e9rences de poignet de 14 \u00e0 19,5 cm.<\/li>\n<\/ul>\n<h2>Livraison<\/h2>\n<ul>\n<li><strong>France :<\/strong> Livraison directe.<\/li>\n<li><strong>Export (Europe et Afrique) :<\/strong> Sur devis.<\/li>\n<\/ul>\n","protected":false},"excerpt":{"rendered":"<ul>\n<li>Utilisation facile avec technologie Smart Inflation pour un gonflage automatique.<\/li>\n<li>Affichage clair des r\u00e9sultats avec indication de la pression selon l\u2019OMS.<\/li>\n<li>D\u00e9tection des irr\u00e9gularit\u00e9s cardiaques pour un suivi de sant\u00e9 pr\u00e9cis.<\/li>\n<li>M\u00e9morisation des derni\u00e8res mesures pour un suivi de l&#8217;\u00e9volution.<\/li>\n<\/ul>\n","protected":false},"featured_media":103695,"comment_status":"open","ping_status":"open","template":"","meta":{"inline_featured_image":false},"product_brand":[],"product_cat":[929,911],"product_tag":[],"class_list":{"0":"post-103694","1":"product","2":"type-product","3":"status-publish","4":"has-post-thumbnail","6":"product_cat-sphygmomanometres-et-tensiometres-numeriques-gima","7":"product_cat-stetho-et-tensiometres","9":"first","10":"instock","11":"sale","12":"taxable","13":"shipping-taxable","14":"purchasable","15":"product-type-simple"},"_links":{"self":[{"href":"https:\/\/nimedixmedical.com\/fr\/wp-json\/wp\/v2\/product\/103694","targetHints":{"allow":["GET"]}}],"collection":[{"href":"https:\/\/nimedixmedical.com\/fr\/wp-json\/wp\/v2\/product"}],"about":[{"href":"https:\/\/nimedixmedical.com\/fr\/wp-json\/wp\/v2\/types\/product"}],"replies":[{"embeddable":true,"href":"https:\/\/nimedixmedical.com\/fr\/wp-json\/wp\/v2\/comments?post=103694"}],"wp:featuredmedia":[{"embeddable":true,"href":"https:\/\/nimedixmedical.com\/fr\/wp-json\/wp\/v2\/media\/103695"}],"wp:attachment":[{"href":"https:\/\/nimedixmedical.com\/fr\/wp-json\/wp\/v2\/media?parent=103694"}],"wp:term":[{"taxonomy":"product_brand","embeddable":true,"href":"https:\/\/nimedixmedical.com\/fr\/wp-json\/wp\/v2\/product_brand?post=103694"},{"taxonomy":"product_cat","embeddable":true,"href":"https:\/\/nimedixmedical.com\/fr\/wp-json\/wp\/v2\/product_cat?post=103694"},{"taxonomy":"product_tag","embeddable":true,"href":"https:\/\/nimedixmedical.com\/fr\/wp-json\/wp\/v2\/product_tag?post=103694"}],"curies":[{"name":"wp","href":"https:\/\/api.w.org\/{rel}","templated":true}]}}