{"id":103656,"date":"2025-11-30T19:45:26","date_gmt":"2025-11-30T18:45:26","guid":{"rendered":"https:\/\/nimedixmedical.com\/notre-catalogue\/tensiometre-automatique-x-check\/"},"modified":"2026-01-12T15:00:56","modified_gmt":"2026-01-12T14:00:56","slug":"tensiometre-automatique-x-check","status":"publish","type":"product","link":"https:\/\/nimedixmedical.com\/fr\/notre-catalogue\/tensiometre-automatique-x-check\/","title":{"rendered":"Tensiom\u00e8tre Automatique X-check"},"content":{"rendered":"<p>Le tensiom\u00e8tre automatique X-Check est un dispositif m\u00e9dical con\u00e7u pour une utilisation domestique. Il permet une mesure pr\u00e9cise de la tension art\u00e9rielle et du pouls, tout en offrant des fonctionnalit\u00e9s avanc\u00e9es pour un suivi optimal de votre sant\u00e9.<\/p>\n<h2>Caract\u00e9ristiques<\/h2>\n<ul>\n<li>Fonctionnalit\u00e9 pour 2 utilisateurs avec 99 m\u00e9moires chacun.<\/li>\n<li>D\u00e9tection de fr\u00e9quence cardiaque irr\u00e9guli\u00e8re (IHB) et indicateur OMS.<\/li>\n<li>M\u00e9thode de mesure oscillom\u00e9trique avec pr\u00e9cision de \u00b13 mmHg.<\/li>\n<li>Affichage de la date et de l&#8217;heure, et indicateur de batterie faible.<\/li>\n<li>Brassard ajustable de 22 \u00e0 42 cm, livr\u00e9 avec 4 batteries AAA et un mode d&#8217;emploi.<\/li>\n<li>Dimensions : 98x118xh 62,5 mm, poids de 220 g sans batteries.<\/li>\n<li>Alimentation : 4 batteries AAA ou via un c\u00e2ble USB type C (non inclus).<\/li>\n<li>Arr\u00eat automatique apr\u00e8s 1 minute d&#8217;inactivit\u00e9.<\/li>\n<li>Protection de type BF, IP21 pour assurer la s\u00e9curit\u00e9 lors de l&#8217;utilisation.<\/li>\n<\/ul>\n<h2>Livraison<\/h2>\n<ul>\n<li><strong>France :<\/strong> Livraison directe.<\/li>\n<li><strong>Export (Europe et Afrique) :<\/strong> Sur devis.<\/li>\n<\/ul>\n","protected":false},"excerpt":{"rendered":"<ul>\n<li>Usage domestique : id\u00e9al pour surveiller votre tension art\u00e9rielle.<\/li>\n<li>B\u00e9n\u00e9fice : d\u00e9tection de la fr\u00e9quence cardiaque irr\u00e9guli\u00e8re pour une meilleure gestion de votre sant\u00e9.<\/li>\n<li>Pr\u00e9cision : moyenne des 3 derni\u00e8res mesures pour un suivi fiable.<\/li>\n<li>Facilit\u00e9 d&#8217;utilisation : affichage clair et indicateur de batterie faible.<\/li>\n<\/ul>\n","protected":false},"featured_media":103657,"comment_status":"open","ping_status":"open","template":"","meta":{"inline_featured_image":false},"product_brand":[],"product_cat":[929,911],"product_tag":[],"class_list":{"0":"post-103656","1":"product","2":"type-product","3":"status-publish","4":"has-post-thumbnail","6":"product_cat-sphygmomanometres-et-tensiometres-numeriques-gima","7":"product_cat-stetho-et-tensiometres","9":"first","10":"instock","11":"sale","12":"taxable","13":"shipping-taxable","14":"purchasable","15":"product-type-simple"},"_links":{"self":[{"href":"https:\/\/nimedixmedical.com\/fr\/wp-json\/wp\/v2\/product\/103656","targetHints":{"allow":["GET"]}}],"collection":[{"href":"https:\/\/nimedixmedical.com\/fr\/wp-json\/wp\/v2\/product"}],"about":[{"href":"https:\/\/nimedixmedical.com\/fr\/wp-json\/wp\/v2\/types\/product"}],"replies":[{"embeddable":true,"href":"https:\/\/nimedixmedical.com\/fr\/wp-json\/wp\/v2\/comments?post=103656"}],"wp:featuredmedia":[{"embeddable":true,"href":"https:\/\/nimedixmedical.com\/fr\/wp-json\/wp\/v2\/media\/103657"}],"wp:attachment":[{"href":"https:\/\/nimedixmedical.com\/fr\/wp-json\/wp\/v2\/media?parent=103656"}],"wp:term":[{"taxonomy":"product_brand","embeddable":true,"href":"https:\/\/nimedixmedical.com\/fr\/wp-json\/wp\/v2\/product_brand?post=103656"},{"taxonomy":"product_cat","embeddable":true,"href":"https:\/\/nimedixmedical.com\/fr\/wp-json\/wp\/v2\/product_cat?post=103656"},{"taxonomy":"product_tag","embeddable":true,"href":"https:\/\/nimedixmedical.com\/fr\/wp-json\/wp\/v2\/product_tag?post=103656"}],"curies":[{"name":"wp","href":"https:\/\/api.w.org\/{rel}","templated":true}]}}