{"id":103586,"date":"2025-11-30T19:45:26","date_gmt":"2025-11-30T18:45:26","guid":{"rendered":"https:\/\/nimedixmedical.com\/notre-catalogue\/littmann-cardiology-iv-6156-prune\/"},"modified":"2026-01-12T15:00:43","modified_gmt":"2026-01-12T14:00:43","slug":"littmann-cardiology-iv-6156-prune","status":"publish","type":"product","link":"https:\/\/nimedixmedical.com\/fr\/notre-catalogue\/littmann-cardiology-iv-6156-prune\/","title":{"rendered":"Littmann Cardiology Iv &#8211; 6156 &#8211; Prune"},"content":{"rendered":"<p>Le st\u00e9thoscope Littmann\u00ae 3M\u2122 Cardiology IV est un outil essentiel pour les professionnels de sant\u00e9. Con\u00e7u pour offrir une acoustique sup\u00e9rieure, il permet d&#8217;\u00e9couter avec pr\u00e9cision les sons du coeur et des poumons, facilitant ainsi le diagnostic m\u00e9dical.<\/p>\n<h2>Caract\u00e9ristiques<\/h2>\n<ul>\n<li>Longueur : 69 cm<\/li>\n<li>T\u00eate \u00d8 : 43\/33 mm<\/li>\n<li>Code 3M : 6156<\/li>\n<li>Couleur : prune<\/li>\n<li>Am\u00e9lioration de l&#8217;audibilit\u00e9 des sons \u00e0 haute fr\u00e9quence<\/li>\n<li>Diaphragme accordable pour l&#8217;auscultation des fr\u00e9quences hautes et basses<\/li>\n<li>C\u00f4t\u00e9 adulte et p\u00e9diatrique pour une majeure polyvalence<\/li>\n<li>Diaphragme \u00e0 une partie, plus facile \u00e0 attacher et nettoyer<\/li>\n<li>Tubulure de nouvelle g\u00e9n\u00e9ration \u00e0 longue dur\u00e9e<\/li>\n<li>Olives fines avec scellage doux<\/li>\n<\/ul>\n<h2>Livraison<\/h2>\n<ul>\n<li><strong>France :<\/strong> Livraison directe.<\/li>\n<li><strong>Export (Europe et Afrique) :<\/strong> Sur devis.<\/li>\n<\/ul>\n","protected":false},"excerpt":{"rendered":"<ul>\n<li>Usage : St\u00e9thoscope professionnel pour auscultation m\u00e9dicale.<\/li>\n<li>B\u00e9n\u00e9fice : Excellente acoustique pour une d\u00e9tection pr\u00e9cise des sons cardiaques et pulmonaires.<\/li>\n<li>Polyvalence : C\u00f4t\u00e9 adulte et p\u00e9diatrique pour s&#8217;adapter \u00e0 diff\u00e9rents patients.<\/li>\n<li>Facilit\u00e9 d&#8217;entretien : Diaphragme \u00e0 une partie, facile \u00e0 attacher et nettoyer.<\/li>\n<\/ul>\n","protected":false},"featured_media":103587,"comment_status":"open","ping_status":"open","template":"","meta":{"inline_featured_image":false},"product_brand":[],"product_cat":[926,911,920],"product_tag":[],"class_list":{"0":"post-103586","1":"product","2":"type-product","3":"status-publish","4":"has-post-thumbnail","6":"product_cat-littmann-cardiology-iv-et-stc-cardiology","7":"product_cat-stetho-et-tensiometres","8":"product_cat-stethoscopes-3m-littmann","10":"first","11":"instock","12":"sale","13":"taxable","14":"shipping-taxable","15":"purchasable","16":"product-type-simple"},"_links":{"self":[{"href":"https:\/\/nimedixmedical.com\/fr\/wp-json\/wp\/v2\/product\/103586","targetHints":{"allow":["GET"]}}],"collection":[{"href":"https:\/\/nimedixmedical.com\/fr\/wp-json\/wp\/v2\/product"}],"about":[{"href":"https:\/\/nimedixmedical.com\/fr\/wp-json\/wp\/v2\/types\/product"}],"replies":[{"embeddable":true,"href":"https:\/\/nimedixmedical.com\/fr\/wp-json\/wp\/v2\/comments?post=103586"}],"wp:featuredmedia":[{"embeddable":true,"href":"https:\/\/nimedixmedical.com\/fr\/wp-json\/wp\/v2\/media\/103587"}],"wp:attachment":[{"href":"https:\/\/nimedixmedical.com\/fr\/wp-json\/wp\/v2\/media?parent=103586"}],"wp:term":[{"taxonomy":"product_brand","embeddable":true,"href":"https:\/\/nimedixmedical.com\/fr\/wp-json\/wp\/v2\/product_brand?post=103586"},{"taxonomy":"product_cat","embeddable":true,"href":"https:\/\/nimedixmedical.com\/fr\/wp-json\/wp\/v2\/product_cat?post=103586"},{"taxonomy":"product_tag","embeddable":true,"href":"https:\/\/nimedixmedical.com\/fr\/wp-json\/wp\/v2\/product_tag?post=103586"}],"curies":[{"name":"wp","href":"https:\/\/api.w.org\/{rel}","templated":true}]}}