{"id":103444,"date":"2025-11-30T19:43:30","date_gmt":"2025-11-30T18:43:30","guid":{"rendered":"https:\/\/nimedixmedical.com\/notre-catalogue\/littmann-classic-ii-infant-2124-bleu-caraibes\/"},"modified":"2026-01-12T15:00:14","modified_gmt":"2026-01-12T14:00:14","slug":"littmann-classic-ii-infant-2124-bleu-caraibes","status":"publish","type":"product","link":"https:\/\/nimedixmedical.com\/fr\/notre-catalogue\/littmann-classic-ii-infant-2124-bleu-caraibes\/","title":{"rendered":"Littmann &#8220;classic Ii Infant&#8221; &#8211; 2124 &#8211; Bleu Cara\u00efbes"},"content":{"rendered":"<p>Le st\u00e9thoscope 3M\u2122 Littmann\u00ae Classic II est sp\u00e9cialement con\u00e7u pour les nouveau-n\u00e9s et les enfants. Avec son excellente acoustique et son design ergonomique, il est un outil essentiel pour les p\u00e9diatres souhaitant effectuer des auscultations pr\u00e9cises et confortables.<\/p>\n<h2>Caract\u00e9ristiques<\/h2>\n<ul>\n<li>Code 3M: 2124<\/li>\n<li>Couleur: bleu cara\u00efbes<\/li>\n<li>Longueur: 71 cm<\/li>\n<li>T\u00eate \u00d8: 27\/19 mm<\/li>\n<\/ul>\n<h2>Livraison<\/h2>\n<ul>\n<li><strong>France :<\/strong> Livraison directe.<\/li>\n<li><strong>Export (Europe et Afrique) :<\/strong> Sur devis.<\/li>\n<\/ul>\n","protected":false},"excerpt":{"rendered":"<ul>\n<li>Con\u00e7u pour les nouveau-n\u00e9s et les enfants, id\u00e9al pour les p\u00e9diatres.<\/li>\n<li>Excellente acoustique pour une auscultation pr\u00e9cise des bruits cardiaques et pulmonaires.<\/li>\n<li>Couleur bleu cara\u00efbes attrayante, qui peut rassurer les jeunes patients.<\/li>\n<li>Longueur de 71 cm pour un confort d&#8217;utilisation optimal.<\/li>\n<\/ul>\n","protected":false},"featured_media":103445,"comment_status":"open","ping_status":"open","template":"","meta":{"inline_featured_image":false},"product_brand":[],"product_cat":[925,911,920],"product_tag":[],"class_list":{"0":"post-103444","1":"product","2":"type-product","3":"status-publish","4":"has-post-thumbnail","6":"product_cat-littmann-classic-ii-enfant-et-pediatrique","7":"product_cat-stetho-et-tensiometres","8":"product_cat-stethoscopes-3m-littmann","10":"first","11":"instock","12":"sale","13":"taxable","14":"shipping-taxable","15":"purchasable","16":"product-type-simple"},"_links":{"self":[{"href":"https:\/\/nimedixmedical.com\/fr\/wp-json\/wp\/v2\/product\/103444","targetHints":{"allow":["GET"]}}],"collection":[{"href":"https:\/\/nimedixmedical.com\/fr\/wp-json\/wp\/v2\/product"}],"about":[{"href":"https:\/\/nimedixmedical.com\/fr\/wp-json\/wp\/v2\/types\/product"}],"replies":[{"embeddable":true,"href":"https:\/\/nimedixmedical.com\/fr\/wp-json\/wp\/v2\/comments?post=103444"}],"wp:featuredmedia":[{"embeddable":true,"href":"https:\/\/nimedixmedical.com\/fr\/wp-json\/wp\/v2\/media\/103445"}],"wp:attachment":[{"href":"https:\/\/nimedixmedical.com\/fr\/wp-json\/wp\/v2\/media?parent=103444"}],"wp:term":[{"taxonomy":"product_brand","embeddable":true,"href":"https:\/\/nimedixmedical.com\/fr\/wp-json\/wp\/v2\/product_brand?post=103444"},{"taxonomy":"product_cat","embeddable":true,"href":"https:\/\/nimedixmedical.com\/fr\/wp-json\/wp\/v2\/product_cat?post=103444"},{"taxonomy":"product_tag","embeddable":true,"href":"https:\/\/nimedixmedical.com\/fr\/wp-json\/wp\/v2\/product_tag?post=103444"}],"curies":[{"name":"wp","href":"https:\/\/api.w.org\/{rel}","templated":true}]}}