{"id":103319,"date":"2025-11-30T19:42:34","date_gmt":"2025-11-30T18:42:34","guid":{"rendered":"https:\/\/nimedixmedical.com\/notre-catalogue\/littmann-classic-iii-5868-bordeaux-finition-noire\/"},"modified":"2026-01-12T14:59:34","modified_gmt":"2026-01-12T13:59:34","slug":"littmann-classic-iii-5868-bordeaux-finition-noire","status":"publish","type":"product","link":"https:\/\/nimedixmedical.com\/fr\/notre-catalogue\/littmann-classic-iii-5868-bordeaux-finition-noire\/","title":{"rendered":"Littmann Classic Iii &#8211; 5868 &#8211; Bordeaux &#8211; Finition Noire"},"content":{"rendered":"<p>Le st\u00e9thoscope 3M\u2122 Littmann\u00ae Classic III\u2122 est un instrument essentiel pour les professionnels de sant\u00e9, combinant performance acoustique et confort d&#8217;utilisation. Sa conception moderne et ses caract\u00e9ristiques avanc\u00e9es en font un choix privil\u00e9gi\u00e9 pour les diagnostics m\u00e9dicaux pr\u00e9cis.<\/p>\n<h2>Caract\u00e9ristiques<\/h2>\n<ul>\n<li>Code 3M: 5868<\/li>\n<li>Couleur: Bordeaux avec finition noire<\/li>\n<li>Longueur: 69 cm<\/li>\n<li>T\u00eate \u00d8: 43\/33 mm<\/li>\n<li>Haute sensibilit\u00e9 acoustique pour un diagnostic pr\u00e9cis<\/li>\n<li>Doubles diaphragmes monobloc accordables sensibles \u00e0 la pression<\/li>\n<li>Pavillon \u00e0 double t\u00eate pour utilisation adulte et p\u00e9diatrique<\/li>\n<li>Partie petite emp\u00eache l&#8217;entr\u00e9e de d\u00e9tritus dans la cloche<\/li>\n<li>Embouts doux, herm\u00e9tiques avec fermeture \u00e0 pression<\/li>\n<li>Tubulure de nouvelle g\u00e9n\u00e9ration pour une dur\u00e9e de vie prolong\u00e9e<\/li>\n<li>Transformation de la petite partie en cloche ouverte<\/li>\n<\/ul>\n<h2>Livraison<\/h2>\n<ul>\n<li><strong>France :<\/strong> Livraison directe.<\/li>\n<li><strong>Export (Europe et Afrique) :<\/strong> Sur devis.<\/li>\n<\/ul>\n","protected":false},"excerpt":{"rendered":"<ul>\n<li>Usage : Id\u00e9al pour les professionnels de sant\u00e9 en qu\u00eate d&#8217;un st\u00e9thoscope de haute pr\u00e9cision.<\/li>\n<li>B\u00e9n\u00e9fice : Haute sensibilit\u00e9 acoustique pour un diagnostic fiable et rapide.<\/li>\n<li>Conception : Design moderne avec des diaphragmes accordables adapt\u00e9s aux adultes et p\u00e9diatrie.<\/li>\n<li>Confort : Embouts doux et herm\u00e9tiques pour une utilisation prolong\u00e9e sans inconfort.<\/li>\n<\/ul>\n","protected":false},"featured_media":103320,"comment_status":"open","ping_status":"open","template":"","meta":{"inline_featured_image":false},"product_brand":[],"product_cat":[924,911,920],"product_tag":[],"class_list":{"0":"post-103319","1":"product","2":"type-product","3":"status-publish","4":"has-post-thumbnail","6":"product_cat-littmann-classic-iii-et-traditional","7":"product_cat-stetho-et-tensiometres","8":"product_cat-stethoscopes-3m-littmann","10":"first","11":"instock","12":"sale","13":"taxable","14":"shipping-taxable","15":"purchasable","16":"product-type-simple"},"_links":{"self":[{"href":"https:\/\/nimedixmedical.com\/fr\/wp-json\/wp\/v2\/product\/103319","targetHints":{"allow":["GET"]}}],"collection":[{"href":"https:\/\/nimedixmedical.com\/fr\/wp-json\/wp\/v2\/product"}],"about":[{"href":"https:\/\/nimedixmedical.com\/fr\/wp-json\/wp\/v2\/types\/product"}],"replies":[{"embeddable":true,"href":"https:\/\/nimedixmedical.com\/fr\/wp-json\/wp\/v2\/comments?post=103319"}],"wp:featuredmedia":[{"embeddable":true,"href":"https:\/\/nimedixmedical.com\/fr\/wp-json\/wp\/v2\/media\/103320"}],"wp:attachment":[{"href":"https:\/\/nimedixmedical.com\/fr\/wp-json\/wp\/v2\/media?parent=103319"}],"wp:term":[{"taxonomy":"product_brand","embeddable":true,"href":"https:\/\/nimedixmedical.com\/fr\/wp-json\/wp\/v2\/product_brand?post=103319"},{"taxonomy":"product_cat","embeddable":true,"href":"https:\/\/nimedixmedical.com\/fr\/wp-json\/wp\/v2\/product_cat?post=103319"},{"taxonomy":"product_tag","embeddable":true,"href":"https:\/\/nimedixmedical.com\/fr\/wp-json\/wp\/v2\/product_tag?post=103319"}],"curies":[{"name":"wp","href":"https:\/\/api.w.org\/{rel}","templated":true}]}}