{"id":103030,"date":"2025-11-30T19:38:41","date_gmt":"2025-11-30T18:38:41","guid":{"rendered":"https:\/\/nimedixmedical.com\/notre-catalogue\/stethoscope-yton-tete-simple-y-bleu-fonce\/"},"modified":"2026-01-12T14:58:32","modified_gmt":"2026-01-12T13:58:32","slug":"stethoscope-yton-tete-simple-y-bleu-fonce","status":"publish","type":"product","link":"https:\/\/nimedixmedical.com\/fr\/notre-catalogue\/stethoscope-yton-tete-simple-y-bleu-fonce\/","title":{"rendered":"St\u00e9thoscope Yton T\u00eate Simple &#8211; Y Bleu Fonc\u00e9"},"content":{"rendered":"<p>Le st\u00e9thoscope Yton est un outil essentiel pour les professionnels de la sant\u00e9, offrant une combinaison de durabilit\u00e9 et de performance acoustique. Sa conception ergonomique et ses mat\u00e9riaux de qualit\u00e9 en font un choix id\u00e9al pour une utilisation quotidienne dans divers environnements m\u00e9dicaux.<\/p>\n<h2>Caract\u00e9ristiques<\/h2>\n<ul>\n<li>Mod\u00e8le : Yton t\u00eate simple, couleur bleu fonc\u00e9.<\/li>\n<li>Pavillon en aluminium solide de 45 mm de diam\u00e8tre.<\/li>\n<li>Cloche de 30 mm de diam\u00e8tre pour une meilleure pr\u00e9cision sonore.<\/li>\n<li>Finition \u00ab Duracote \u00bb pour une long\u00e9vit\u00e9 accrue.<\/li>\n<li>Mode d&#8217;emploi inclus en 11 langues : GB, FR, IT, DE, ES, PT, GR, PL, SE, HU, Arabe.<\/li>\n<li>Disponible en quatre couleurs : vert fonc\u00e9, bleu fonc\u00e9, rouge et bleu aqua.<\/li>\n<\/ul>\n<h2>Livraison<\/h2>\n<ul>\n<li><strong>France :<\/strong> Livraison directe.<\/li>\n<li><strong>Export (Europe et Afrique) :<\/strong> Sur devis.<\/li>\n<\/ul>\n","protected":false},"excerpt":{"rendered":"<ul>\n<li>St\u00e9thoscope Yton t\u00eate simple, id\u00e9al pour les professionnels de la sant\u00e9.<\/li>\n<li>Conception sans latex pour \u00e9viter les allergies.<\/li>\n<li>Pavillon en aluminium robuste offrant une excellente acoustique.<\/li>\n<li>Disponible en plusieurs couleurs pour un choix personnalis\u00e9.<\/li>\n<\/ul>\n","protected":false},"featured_media":103031,"comment_status":"open","ping_status":"open","template":"","meta":{"inline_featured_image":false},"product_brand":[],"product_cat":[911,918],"product_tag":[],"class_list":{"0":"post-103030","1":"product","2":"type-product","3":"status-publish","4":"has-post-thumbnail","6":"product_cat-stetho-et-tensiometres","7":"product_cat-stethoscopes-adultes-tete-simple","9":"first","10":"instock","11":"sale","12":"taxable","13":"shipping-taxable","14":"purchasable","15":"product-type-simple"},"_links":{"self":[{"href":"https:\/\/nimedixmedical.com\/fr\/wp-json\/wp\/v2\/product\/103030","targetHints":{"allow":["GET"]}}],"collection":[{"href":"https:\/\/nimedixmedical.com\/fr\/wp-json\/wp\/v2\/product"}],"about":[{"href":"https:\/\/nimedixmedical.com\/fr\/wp-json\/wp\/v2\/types\/product"}],"replies":[{"embeddable":true,"href":"https:\/\/nimedixmedical.com\/fr\/wp-json\/wp\/v2\/comments?post=103030"}],"wp:featuredmedia":[{"embeddable":true,"href":"https:\/\/nimedixmedical.com\/fr\/wp-json\/wp\/v2\/media\/103031"}],"wp:attachment":[{"href":"https:\/\/nimedixmedical.com\/fr\/wp-json\/wp\/v2\/media?parent=103030"}],"wp:term":[{"taxonomy":"product_brand","embeddable":true,"href":"https:\/\/nimedixmedical.com\/fr\/wp-json\/wp\/v2\/product_brand?post=103030"},{"taxonomy":"product_cat","embeddable":true,"href":"https:\/\/nimedixmedical.com\/fr\/wp-json\/wp\/v2\/product_cat?post=103030"},{"taxonomy":"product_tag","embeddable":true,"href":"https:\/\/nimedixmedical.com\/fr\/wp-json\/wp\/v2\/product_tag?post=103030"}],"curies":[{"name":"wp","href":"https:\/\/api.w.org\/{rel}","templated":true}]}}