{"id":102995,"date":"2025-11-30T19:38:41","date_gmt":"2025-11-30T18:38:41","guid":{"rendered":"https:\/\/nimedixmedical.com\/notre-catalogue\/stethoscope-de-couleur-trad-noir\/"},"modified":"2026-01-12T14:58:28","modified_gmt":"2026-01-12T13:58:28","slug":"stethoscope-de-couleur-trad-noir","status":"publish","type":"product","link":"https:\/\/nimedixmedical.com\/fr\/notre-catalogue\/stethoscope-de-couleur-trad-noir\/","title":{"rendered":"St\u00e9thoscope de Couleur Trad &#8211; Noir"},"content":{"rendered":"<p>Le st\u00e9thoscope de couleur Trad en noir est un outil essentiel pour les professionnels de sant\u00e9. Sa conception l\u00e9g\u00e8re et fiable permet une \u00e9coute pr\u00e9cise des sons corporels, rendant son utilisation quotidienne agr\u00e9able et efficace. Id\u00e9al pour les m\u00e9decins et les infirmiers, il allie fonctionnalit\u00e9 et esth\u00e9tique.<\/p>\n<h2>Caract\u00e9ristiques<\/h2>\n<ul>\n<li>Type : St\u00e9thoscope de couleur Trad, t\u00eate simple.<\/li>\n<li>Mat\u00e9riau : Aluminium l\u00e9ger, sans latex.<\/li>\n<li>Dimensions : Pavillon \u00d8 43,5 mm, cloche \u00d8 30 mm.<\/li>\n<li>Tubulure : Longueur 62 cm, \u00d8 int\u00e9rieur 4 mm, \u00d8 ext\u00e9rieur 8 mm.<\/li>\n<li>Livr\u00e9 dans une bo\u00eete en carton avec mode d&#8217;emploi en 11 langues : GB, FR, IT, ES, DE, PT, GR, PL, HU, SE, Arabe.<\/li>\n<\/ul>\n<h2>Livraison<\/h2>\n<ul>\n<li><strong>France :<\/strong> Livraison directe.<\/li>\n<li><strong>Export (Europe et Afrique) :<\/strong> Sur devis.<\/li>\n<\/ul>\n","protected":false},"excerpt":{"rendered":"<ul>\n<li>Id\u00e9al pour les professionnels de sant\u00e9 : st\u00e9thoscope l\u00e9ger et fiable, con\u00e7u pour un usage quotidien.<\/li>\n<li>Pr\u00e9cision auditive : pavillon et cloche de dimensions adapt\u00e9es pour une \u00e9coute optimale des sons corporels.<\/li>\n<li>Conception sans latex : adapt\u00e9 aux personnes sensibles, offrant un confort d&#8217;utilisation.<\/li>\n<li>Facilit\u00e9 d&#8217;utilisation : livr\u00e9 avec un mode d&#8217;emploi disponible en 11 langues.<\/li>\n<\/ul>\n","protected":false},"featured_media":102996,"comment_status":"open","ping_status":"open","template":"","meta":{"inline_featured_image":false},"product_brand":[],"product_cat":[911,918],"product_tag":[],"class_list":{"0":"post-102995","1":"product","2":"type-product","3":"status-publish","4":"has-post-thumbnail","6":"product_cat-stetho-et-tensiometres","7":"product_cat-stethoscopes-adultes-tete-simple","9":"first","10":"instock","11":"sale","12":"taxable","13":"shipping-taxable","14":"purchasable","15":"product-type-simple"},"_links":{"self":[{"href":"https:\/\/nimedixmedical.com\/fr\/wp-json\/wp\/v2\/product\/102995","targetHints":{"allow":["GET"]}}],"collection":[{"href":"https:\/\/nimedixmedical.com\/fr\/wp-json\/wp\/v2\/product"}],"about":[{"href":"https:\/\/nimedixmedical.com\/fr\/wp-json\/wp\/v2\/types\/product"}],"replies":[{"embeddable":true,"href":"https:\/\/nimedixmedical.com\/fr\/wp-json\/wp\/v2\/comments?post=102995"}],"wp:featuredmedia":[{"embeddable":true,"href":"https:\/\/nimedixmedical.com\/fr\/wp-json\/wp\/v2\/media\/102996"}],"wp:attachment":[{"href":"https:\/\/nimedixmedical.com\/fr\/wp-json\/wp\/v2\/media?parent=102995"}],"wp:term":[{"taxonomy":"product_brand","embeddable":true,"href":"https:\/\/nimedixmedical.com\/fr\/wp-json\/wp\/v2\/product_brand?post=102995"},{"taxonomy":"product_cat","embeddable":true,"href":"https:\/\/nimedixmedical.com\/fr\/wp-json\/wp\/v2\/product_cat?post=102995"},{"taxonomy":"product_tag","embeddable":true,"href":"https:\/\/nimedixmedical.com\/fr\/wp-json\/wp\/v2\/product_tag?post=102995"}],"curies":[{"name":"wp","href":"https:\/\/api.w.org\/{rel}","templated":true}]}}