{"id":102980,"date":"2025-11-30T19:38:41","date_gmt":"2025-11-30T18:38:41","guid":{"rendered":"https:\/\/nimedixmedical.com\/notre-catalogue\/stethoscope-de-couleur-trad-jaune\/"},"modified":"2026-01-12T14:58:25","modified_gmt":"2026-01-12T13:58:25","slug":"stethoscope-de-couleur-trad-jaune","status":"publish","type":"product","link":"https:\/\/nimedixmedical.com\/fr\/notre-catalogue\/stethoscope-de-couleur-trad-jaune\/","title":{"rendered":"St\u00e9thoscope de Couleur Trad &#8211; Jaune"},"content":{"rendered":"<p>Le st\u00e9thoscope de couleur traditionnel jaune est un outil essentiel pour tout professionnel de sant\u00e9. Con\u00e7u pour offrir une auscultation claire et pr\u00e9cise, il combine fonctionnalit\u00e9 et esth\u00e9tique avec ses diff\u00e9rentes options de couleur. Sa l\u00e9g\u00e8ret\u00e9 et ses mat\u00e9riaux de qualit\u00e9 en font un choix privil\u00e9gi\u00e9 dans le milieu m\u00e9dical.<\/p>\n<h2>Caract\u00e9ristiques<\/h2>\n<ul>\n<li>T\u00eate simple TRAD en aluminium, couleur jaune.<\/li>\n<li>Pavillon de 43,5 mm et cloche de 30 mm pour une \u00e9coute optimale.<\/li>\n<li>Lyre en laiton pour une durabilit\u00e9 accrue.<\/li>\n<li>Tubulure de 62 cm de long avec un diam\u00e8tre int\u00e9rieur de 4 mm et ext\u00e9rieur de 8 mm.<\/li>\n<li>Livr\u00e9 dans une bo\u00eete en carton avec un mode d&#8217;emploi en 11 langues (GB, FR, IT, ES, DE, PT, GR, PL, HU, SE, Arabe).<\/li>\n<\/ul>\n<h2>Livraison<\/h2>\n<ul>\n<li><strong>France :<\/strong> Livraison directe.<\/li>\n<li><strong>Export (Europe et Afrique) :<\/strong> Sur devis.<\/li>\n<\/ul>\n","protected":false},"excerpt":{"rendered":"<ul>\n<li>Id\u00e9al pour les professionnels de sant\u00e9 : permet une auscultation pr\u00e9cise.<\/li>\n<li>Conception l\u00e9g\u00e8re : facilite l&#8217;utilisation prolong\u00e9e sans fatigue.<\/li>\n<li>Mat\u00e9riaux sans latex : convient aux patients sensibles aux allergies.<\/li>\n<li>Disponibilit\u00e9 en plusieurs couleurs : personnalisation pour les pr\u00e9f\u00e9rences des utilisateurs.<\/li>\n<\/ul>\n","protected":false},"featured_media":102981,"comment_status":"open","ping_status":"open","template":"","meta":{"inline_featured_image":false},"product_brand":[],"product_cat":[911,918],"product_tag":[],"class_list":{"0":"post-102980","1":"product","2":"type-product","3":"status-publish","4":"has-post-thumbnail","6":"product_cat-stetho-et-tensiometres","7":"product_cat-stethoscopes-adultes-tete-simple","9":"first","10":"instock","11":"sale","12":"taxable","13":"shipping-taxable","14":"purchasable","15":"product-type-simple"},"_links":{"self":[{"href":"https:\/\/nimedixmedical.com\/fr\/wp-json\/wp\/v2\/product\/102980","targetHints":{"allow":["GET"]}}],"collection":[{"href":"https:\/\/nimedixmedical.com\/fr\/wp-json\/wp\/v2\/product"}],"about":[{"href":"https:\/\/nimedixmedical.com\/fr\/wp-json\/wp\/v2\/types\/product"}],"replies":[{"embeddable":true,"href":"https:\/\/nimedixmedical.com\/fr\/wp-json\/wp\/v2\/comments?post=102980"}],"wp:featuredmedia":[{"embeddable":true,"href":"https:\/\/nimedixmedical.com\/fr\/wp-json\/wp\/v2\/media\/102981"}],"wp:attachment":[{"href":"https:\/\/nimedixmedical.com\/fr\/wp-json\/wp\/v2\/media?parent=102980"}],"wp:term":[{"taxonomy":"product_brand","embeddable":true,"href":"https:\/\/nimedixmedical.com\/fr\/wp-json\/wp\/v2\/product_brand?post=102980"},{"taxonomy":"product_cat","embeddable":true,"href":"https:\/\/nimedixmedical.com\/fr\/wp-json\/wp\/v2\/product_cat?post=102980"},{"taxonomy":"product_tag","embeddable":true,"href":"https:\/\/nimedixmedical.com\/fr\/wp-json\/wp\/v2\/product_tag?post=102980"}],"curies":[{"name":"wp","href":"https:\/\/api.w.org\/{rel}","templated":true}]}}