{"id":102973,"date":"2025-11-30T19:37:59","date_gmt":"2025-11-30T18:37:59","guid":{"rendered":"https:\/\/nimedixmedical.com\/notre-catalogue\/stethoscope-regalite-y-noir\/"},"modified":"2026-01-12T14:58:24","modified_gmt":"2026-01-12T13:58:24","slug":"stethoscope-regalite-y-noir","status":"publish","type":"product","link":"https:\/\/nimedixmedical.com\/fr\/notre-catalogue\/stethoscope-regalite-y-noir\/","title":{"rendered":"St\u00e9thoscope Regalite &#8211; Y Noir"},"content":{"rendered":"<p>Le st\u00e9thoscope REGALITE &#8211; Y noir est un outil indispensable pour les professionnels de sant\u00e9, alliant qualit\u00e9 et fonctionnalit\u00e9. Con\u00e7u pour une utilisation quotidienne, il garantit une excellente acoustique pour un diagnostic pr\u00e9cis.<\/p>\n<h2>Caract\u00e9ristiques<\/h2>\n<ul>\n<li>T\u00eate simple de premi\u00e8re qualit\u00e9 pour une acoustique optimis\u00e9e.<\/li>\n<li>Pavillon chrom\u00e9 offrant durabilit\u00e9 et esth\u00e9tique.<\/li>\n<li>Lyre avec ressort interne \u00abSUPERFLEX\u00bb pour un ajustement confortable.<\/li>\n<li>Tubulure d&#8217;un seul tenant en PVC moul\u00e9, assurant une meilleure transmission du son.<\/li>\n<li>Livr\u00e9 dans un coffret de luxe incluant diaphragme et \u00e9couteurs souples de rechange.<\/li>\n<li>Manuel disponible en 7 langues : GB, FR, IT, ES, PT, GR, Arabe.<\/li>\n<\/ul>\n<h2>Livraison<\/h2>\n<ul>\n<li><strong>France :<\/strong> Livraison directe.<\/li>\n<li><strong>Export (Europe et Afrique) :<\/strong> Sur devis.<\/li>\n<\/ul>\n","protected":false},"excerpt":{"rendered":"<ul>\n<li>Usage : St\u00e9thoscope \u00e0 t\u00eate simple pour les professionnels de sant\u00e9.<\/li>\n<li>B\u00e9n\u00e9fice : Qualit\u00e9 sonore optimale gr\u00e2ce \u00e0 son pavillon chrom\u00e9 et sa tubulure en PVC.<\/li>\n<li>Praticit\u00e9 : Livr\u00e9 avec des \u00e9couteurs souples de rechange et un manuel multilingue.<\/li>\n<li>Design : \u00c9l\u00e9gant coffret de luxe pour un transport facile.<\/li>\n<\/ul>\n","protected":false},"featured_media":102974,"comment_status":"open","ping_status":"open","template":"","meta":{"inline_featured_image":false},"product_brand":[],"product_cat":[911,917],"product_tag":[],"class_list":{"0":"post-102973","1":"product","2":"type-product","3":"status-publish","4":"has-post-thumbnail","6":"product_cat-stetho-et-tensiometres","7":"product_cat-stethoscopes-cardiologiques-et-electroniques","9":"first","10":"instock","11":"sale","12":"taxable","13":"shipping-taxable","14":"purchasable","15":"product-type-simple"},"_links":{"self":[{"href":"https:\/\/nimedixmedical.com\/fr\/wp-json\/wp\/v2\/product\/102973","targetHints":{"allow":["GET"]}}],"collection":[{"href":"https:\/\/nimedixmedical.com\/fr\/wp-json\/wp\/v2\/product"}],"about":[{"href":"https:\/\/nimedixmedical.com\/fr\/wp-json\/wp\/v2\/types\/product"}],"replies":[{"embeddable":true,"href":"https:\/\/nimedixmedical.com\/fr\/wp-json\/wp\/v2\/comments?post=102973"}],"wp:featuredmedia":[{"embeddable":true,"href":"https:\/\/nimedixmedical.com\/fr\/wp-json\/wp\/v2\/media\/102974"}],"wp:attachment":[{"href":"https:\/\/nimedixmedical.com\/fr\/wp-json\/wp\/v2\/media?parent=102973"}],"wp:term":[{"taxonomy":"product_brand","embeddable":true,"href":"https:\/\/nimedixmedical.com\/fr\/wp-json\/wp\/v2\/product_brand?post=102973"},{"taxonomy":"product_cat","embeddable":true,"href":"https:\/\/nimedixmedical.com\/fr\/wp-json\/wp\/v2\/product_cat?post=102973"},{"taxonomy":"product_tag","embeddable":true,"href":"https:\/\/nimedixmedical.com\/fr\/wp-json\/wp\/v2\/product_tag?post=102973"}],"curies":[{"name":"wp","href":"https:\/\/api.w.org\/{rel}","templated":true}]}}