{"id":102764,"date":"2025-11-30T19:35:40","date_gmt":"2025-11-30T18:35:40","guid":{"rendered":"https:\/\/nimedixmedical.com\/notre-catalogue\/filtre-antibacterien-spiroguard\/"},"modified":"2026-01-12T14:57:36","modified_gmt":"2026-01-12T13:57:36","slug":"filtre-antibacterien-spiroguard","status":"publish","type":"product","link":"https:\/\/nimedixmedical.com\/fr\/notre-catalogue\/filtre-antibacterien-spiroguard\/","title":{"rendered":"Filtre Antibact\u00e9rien Spiroguard"},"content":{"rendered":"<p>Le filtre antibact\u00e9rien Spiroguard est un accessoire essentiel pour les professionnels de sant\u00e9 pratiquant des tests de spirom\u00e9trie. Il assure la protection contre les agents pathog\u00e8nes, tout en maintenant la fiabilit\u00e9 des r\u00e9sultats des tests respiratoires.<\/p>\n<h2>Caract\u00e9ristiques<\/h2>\n<ul>\n<li>Bo\u00eete de 50 filtres antibact\u00e9riens Spiroguard.<\/li>\n<li>Compatibilit\u00e9 : Erich Jaeger Gmbh Masterlab et Masterscreen.<\/li>\n<li>Compatible avec Ferraris Medical &#8211; P.K. Morgan Autolink-Benchmark Transflo et USA Transfer System.<\/li>\n<li>Utilisation avec Sensormedics 2200, 2400, 2450, et Vitalograph Wedge-Bellow-Alpha et Escort Spirometers.<\/li>\n<\/ul>\n<h2>Livraison<\/h2>\n<ul>\n<li><strong>France :<\/strong> Livraison directe.<\/li>\n<li><strong>Export (Europe et Afrique) :<\/strong> Sur devis.<\/li>\n<\/ul>\n","protected":false},"excerpt":{"rendered":"<ul>\n<li>Filtre antibact\u00e9rien pour une protection optimale lors des spirom\u00e9tries.<\/li>\n<li>Compatible avec plusieurs mod\u00e8les de spirom\u00e8tres, garantissant une utilisation polyvalente.<\/li>\n<li>Pack de 50 unit\u00e9s, id\u00e9al pour un usage intensif dans un cadre m\u00e9dical.<\/li>\n<li>Facilite le maintien de l&#8217;hygi\u00e8ne et de la s\u00e9curit\u00e9 des patients et des praticiens.<\/li>\n<\/ul>\n","protected":false},"featured_media":102765,"comment_status":"open","ping_status":"open","template":"","meta":{"inline_featured_image":false},"product_brand":[],"product_cat":[908,902,909],"product_tag":[],"class_list":{"0":"post-102764","1":"product","2":"type-product","3":"status-publish","4":"has-post-thumbnail","6":"product_cat-accessoires-pour-spirometres","7":"product_cat-audiometrie-et-spirometrie","8":"product_cat-embouts-buccaux-papier-filtre-et-pince-nez-pour-spirometres","10":"first","11":"instock","12":"sale","13":"taxable","14":"shipping-taxable","15":"purchasable","16":"product-type-simple"},"_links":{"self":[{"href":"https:\/\/nimedixmedical.com\/fr\/wp-json\/wp\/v2\/product\/102764","targetHints":{"allow":["GET"]}}],"collection":[{"href":"https:\/\/nimedixmedical.com\/fr\/wp-json\/wp\/v2\/product"}],"about":[{"href":"https:\/\/nimedixmedical.com\/fr\/wp-json\/wp\/v2\/types\/product"}],"replies":[{"embeddable":true,"href":"https:\/\/nimedixmedical.com\/fr\/wp-json\/wp\/v2\/comments?post=102764"}],"wp:featuredmedia":[{"embeddable":true,"href":"https:\/\/nimedixmedical.com\/fr\/wp-json\/wp\/v2\/media\/102765"}],"wp:attachment":[{"href":"https:\/\/nimedixmedical.com\/fr\/wp-json\/wp\/v2\/media?parent=102764"}],"wp:term":[{"taxonomy":"product_brand","embeddable":true,"href":"https:\/\/nimedixmedical.com\/fr\/wp-json\/wp\/v2\/product_brand?post=102764"},{"taxonomy":"product_cat","embeddable":true,"href":"https:\/\/nimedixmedical.com\/fr\/wp-json\/wp\/v2\/product_cat?post=102764"},{"taxonomy":"product_tag","embeddable":true,"href":"https:\/\/nimedixmedical.com\/fr\/wp-json\/wp\/v2\/product_tag?post=102764"}],"curies":[{"name":"wp","href":"https:\/\/api.w.org\/{rel}","templated":true}]}}