{"id":102668,"date":"2025-11-30T19:34:42","date_gmt":"2025-11-30T18:34:42","guid":{"rendered":"https:\/\/nimedixmedical.com\/notre-catalogue\/embout-auriculaire-sanibel-adi-12-mm-jaune\/"},"modified":"2026-01-12T14:56:51","modified_gmt":"2026-01-12T13:56:51","slug":"embout-auriculaire-sanibel-adi-12-mm-jaune","status":"publish","type":"product","link":"https:\/\/nimedixmedical.com\/fr\/notre-catalogue\/embout-auriculaire-sanibel-adi-12-mm-jaune\/","title":{"rendered":"Embout Auriculaire Sanibel Adi 12 mm &#8211; Jaune"},"content":{"rendered":"<p>Les embouts auriculaires Sanibel ADI sont sp\u00e9cialement con\u00e7us pour optimiser les tests auditifs en garantissant un confort et un scellage ad\u00e9quat dans le conduit auditif. Leurs propri\u00e9t\u00e9s biocompatibles en font un choix s\u00fbr pour les professionnels de la sant\u00e9.<\/p>\n<h2>Caract\u00e9ristiques<\/h2>\n<ul>\n<li>Olives en forme de champignon de 12 mm, couleur jaune.<\/li>\n<li>Mat\u00e9riau biocompatible doux et collant pour un excellent confort.<\/li>\n<li>Compatible avec divers audiom\u00e8tres tels qu&#8217;Amplivox\u00ae, Interacoustics\u00ae, et Maico\u00ae.<\/li>\n<li>Disponibles en diff\u00e9rentes tailles et formes pour s&#8217;adapter \u00e0 tous les conduits auditifs.<\/li>\n<li>Produits sans latex, r\u00e9duisant le risque d&#8217;allergies.<\/li>\n<\/ul>\n<h2>Livraison<\/h2>\n<ul>\n<li><strong>France :<\/strong> Livraison directe.<\/li>\n<li><strong>Export (Europe et Afrique) :<\/strong> Sur devis.<\/li>\n<\/ul>\n","protected":false},"excerpt":{"rendered":"<ul>\n<li>Usage : Con\u00e7ues pour les instruments acoustiques et syst\u00e8mes d\u2019\u00e9mission oto-acoustiques.<\/li>\n<li>B\u00e9n\u00e9fice : Mat\u00e9riau biocompatible assurant un scellage optimal pour des tests rapides.<\/li>\n<li>Compatibilit\u00e9 : S&#8217;adapte \u00e0 divers mod\u00e8les d&#8217;audiom\u00e8tres pour une utilisation polyvalente.<\/li>\n<li>S\u00e9curit\u00e9 : Produits sans latex, minimisant les risques d&#8217;allergies.<\/li>\n<\/ul>\n","protected":false},"featured_media":102669,"comment_status":"open","ping_status":"open","template":"","meta":{"inline_featured_image":false},"product_brand":[],"product_cat":[907,902],"product_tag":[],"class_list":{"0":"post-102668","1":"product","2":"type-product","3":"status-publish","4":"has-post-thumbnail","6":"product_cat-audiometres","7":"product_cat-audiometrie-et-spirometrie","9":"first","10":"instock","11":"sale","12":"taxable","13":"shipping-taxable","14":"purchasable","15":"product-type-simple"},"_links":{"self":[{"href":"https:\/\/nimedixmedical.com\/fr\/wp-json\/wp\/v2\/product\/102668","targetHints":{"allow":["GET"]}}],"collection":[{"href":"https:\/\/nimedixmedical.com\/fr\/wp-json\/wp\/v2\/product"}],"about":[{"href":"https:\/\/nimedixmedical.com\/fr\/wp-json\/wp\/v2\/types\/product"}],"replies":[{"embeddable":true,"href":"https:\/\/nimedixmedical.com\/fr\/wp-json\/wp\/v2\/comments?post=102668"}],"wp:featuredmedia":[{"embeddable":true,"href":"https:\/\/nimedixmedical.com\/fr\/wp-json\/wp\/v2\/media\/102669"}],"wp:attachment":[{"href":"https:\/\/nimedixmedical.com\/fr\/wp-json\/wp\/v2\/media?parent=102668"}],"wp:term":[{"taxonomy":"product_brand","embeddable":true,"href":"https:\/\/nimedixmedical.com\/fr\/wp-json\/wp\/v2\/product_brand?post=102668"},{"taxonomy":"product_cat","embeddable":true,"href":"https:\/\/nimedixmedical.com\/fr\/wp-json\/wp\/v2\/product_cat?post=102668"},{"taxonomy":"product_tag","embeddable":true,"href":"https:\/\/nimedixmedical.com\/fr\/wp-json\/wp\/v2\/product_tag?post=102668"}],"curies":[{"name":"wp","href":"https:\/\/api.w.org\/{rel}","templated":true}]}}