{"id":102639,"date":"2025-11-30T19:34:42","date_gmt":"2025-11-30T18:34:42","guid":{"rendered":"https:\/\/nimedixmedical.com\/notre-catalogue\/jeu-de-rampes-pour-pro-45-paire\/"},"modified":"2026-01-12T14:56:42","modified_gmt":"2026-01-12T13:56:42","slug":"jeu-de-rampes-pour-pro-45-paire","status":"publish","type":"product","link":"https:\/\/nimedixmedical.com\/fr\/notre-catalogue\/jeu-de-rampes-pour-pro-45-paire\/","title":{"rendered":"Jeu de Rampes pour Pro 45 &#8211; Paire"},"content":{"rendered":"<p>Le jeu de rampes pour PRO 45 est un dispositif essentiel pour garantir l&#8217;acc\u00e8s aux cabines audiom\u00e9triques aux personnes utilisant un fauteuil roulant. Con\u00e7u pour optimiser l&#8217;accessibilit\u00e9, il facilite les examens auditifs dans un cadre m\u00e9dical adapt\u00e9.<\/p>\n<h2>Caract\u00e9ristiques<\/h2>\n<ul>\n<li>Constitution : 2 \u00e9l\u00e9ments (interne et externe).<\/li>\n<li>Compatible avec plusieurs mod\u00e8les de cabines : PRO 30 et PRO 45S.<\/li>\n<li>Dimensions adapt\u00e9es aux cabines : PRO 30 (107 x 107 cm, 132 x 132 cm, 211 x 107 cm, 211 x 211 cm) et PRO 45S (216 x 216 cm, 318 x 216 cm).<\/li>\n<li>Conception robuste pour une utilisation durable et s\u00e9curis\u00e9e.<\/li>\n<\/ul>\n<h2>Livraison<\/h2>\n<ul>\n<li><strong>France :<\/strong> Livraison directe.<\/li>\n<li><strong>Export (Europe et Afrique) :<\/strong> Sur devis.<\/li>\n<\/ul>\n","protected":false},"excerpt":{"rendered":"<ul>\n<li>Facilite l&#8217;acc\u00e8s aux cabines audiom\u00e9triques pour les fauteuils roulants.<\/li>\n<li>Comprend deux \u00e9l\u00e9ments pour s&#8217;adapter parfaitement aux diff\u00e9rentes configurations de cabines.<\/li>\n<li>Am\u00e9liore l&#8217;accessibilit\u00e9 et la s\u00e9curit\u00e9 des utilisateurs lors des tests audiom\u00e9triques.<\/li>\n<li>Compatible avec plusieurs mod\u00e8les de cabines PRO 30 et PRO 45S.<\/li>\n<\/ul>\n","protected":false},"featured_media":102640,"comment_status":"open","ping_status":"open","template":"","meta":{"inline_featured_image":false},"product_brand":[],"product_cat":[902,906],"product_tag":[],"class_list":{"0":"post-102639","1":"product","2":"type-product","3":"status-publish","4":"has-post-thumbnail","6":"product_cat-audiometrie-et-spirometrie","7":"product_cat-cabines-daudiometrie","9":"first","10":"outofstock","11":"sale","12":"taxable","13":"shipping-taxable","14":"purchasable","15":"product-type-simple"},"_links":{"self":[{"href":"https:\/\/nimedixmedical.com\/fr\/wp-json\/wp\/v2\/product\/102639","targetHints":{"allow":["GET"]}}],"collection":[{"href":"https:\/\/nimedixmedical.com\/fr\/wp-json\/wp\/v2\/product"}],"about":[{"href":"https:\/\/nimedixmedical.com\/fr\/wp-json\/wp\/v2\/types\/product"}],"replies":[{"embeddable":true,"href":"https:\/\/nimedixmedical.com\/fr\/wp-json\/wp\/v2\/comments?post=102639"}],"wp:featuredmedia":[{"embeddable":true,"href":"https:\/\/nimedixmedical.com\/fr\/wp-json\/wp\/v2\/media\/102640"}],"wp:attachment":[{"href":"https:\/\/nimedixmedical.com\/fr\/wp-json\/wp\/v2\/media?parent=102639"}],"wp:term":[{"taxonomy":"product_brand","embeddable":true,"href":"https:\/\/nimedixmedical.com\/fr\/wp-json\/wp\/v2\/product_brand?post=102639"},{"taxonomy":"product_cat","embeddable":true,"href":"https:\/\/nimedixmedical.com\/fr\/wp-json\/wp\/v2\/product_cat?post=102639"},{"taxonomy":"product_tag","embeddable":true,"href":"https:\/\/nimedixmedical.com\/fr\/wp-json\/wp\/v2\/product_tag?post=102639"}],"curies":[{"name":"wp","href":"https:\/\/api.w.org\/{rel}","templated":true}]}}