{"id":102630,"date":"2025-11-30T19:34:03","date_gmt":"2025-11-30T18:34:03","guid":{"rendered":"https:\/\/nimedixmedical.com\/notre-catalogue\/cabine-daudiometrie-pro-30-211x211-x242-cm\/"},"modified":"2026-01-12T14:56:37","modified_gmt":"2026-01-12T13:56:37","slug":"cabine-daudiometrie-pro-30-211x211-x242-cm","status":"publish","type":"product","link":"https:\/\/nimedixmedical.com\/fr\/notre-catalogue\/cabine-daudiometrie-pro-30-211x211-x242-cm\/","title":{"rendered":"Cabine D&#8217;audiom\u00e9trie Pro 30 211&#215;211 X242 cm"},"content":{"rendered":"<p>La cabine d&#8217;audiom\u00e9trie PRO 30 est con\u00e7ue pour r\u00e9pondre aux besoins des professionnels de sant\u00e9, offrant un environnement acoustique optimal pour les \u00e9valuations auditives. Sa structure robuste et ses caract\u00e9ristiques avanc\u00e9es en font un choix id\u00e9al pour les cliniques et les h\u00f4pitaux.<\/p>\n<h2>Caract\u00e9ristiques<\/h2>\n<ul>\n<li>Dimensions ext\u00e9rieures: 211 x 211 x 244 cm (hauteur incluant le syst\u00e8me de ventilation)<\/li>\n<li>Int\u00e9rieur en mousse acoustique pyramidale auto-extinguible de couleur gris anthracite.<\/li>\n<li>Ext\u00e9rieur en panneaux r\u00e9sistants, ignifuges et lavables, avec un cadre en aluminium.<\/li>\n<li>Module de connexion des c\u00e2bles inclus pour une utilisation pratique.<\/li>\n<li>Syst\u00e8me d\u2019\u00e9change d\u2019air hygi\u00e9nisant pour un confort optimal.<\/li>\n<li>Poids: 645 kg, garantissant une stabilit\u00e9 lors des tests.<\/li>\n<li>R\u00e9duction du bruit test\u00e9e \u00e0 1000 Hz: 34,5 dB.<\/li>\n<li>Alimentation \u00e9clairage interne: 86-265 V, 50\/60 Hz.<\/li>\n<li>Conforme aux normes de Classe I selon le R\u00e8glement UE 2017\/745 sur les dispositifs m\u00e9dicaux.<\/li>\n<\/ul>\n<h2>Livraison<\/h2>\n<ul>\n<li><strong>France :<\/strong> Livraison directe.<\/li>\n<li><strong>Export (Europe et Afrique) :<\/strong> Sur devis.<\/li>\n<\/ul>\n","protected":false},"excerpt":{"rendered":"<ul>\n<li>Usage: Cabine d&#8217;audiom\u00e9trie con\u00e7ue pour des tests auditifs pr\u00e9cis en milieu m\u00e9dical.<\/li>\n<li>B\u00e9n\u00e9fice: R\u00e9duction du bruit jusqu&#8217;\u00e0 34,5 dB, garantissant un environnement calme pour les \u00e9valuations auditives.<\/li>\n<li>Confort: Syst\u00e8me de ventilation int\u00e9gr\u00e9 pour un air hygi\u00e9nis\u00e9 et un confort optimal lors des tests.<\/li>\n<li>S\u00e9curit\u00e9: Construit avec des mat\u00e9riaux ignifuges et lavables, garantissant la s\u00e9curit\u00e9 et l&#8217;hygi\u00e8ne.<\/li>\n<\/ul>\n","protected":false},"featured_media":102631,"comment_status":"open","ping_status":"open","template":"","meta":{"inline_featured_image":false},"product_brand":[],"product_cat":[902,906],"product_tag":[],"class_list":{"0":"post-102630","1":"product","2":"type-product","3":"status-publish","4":"has-post-thumbnail","6":"product_cat-audiometrie-et-spirometrie","7":"product_cat-cabines-daudiometrie","9":"first","10":"outofstock","11":"sale","12":"taxable","13":"shipping-taxable","14":"purchasable","15":"product-type-simple"},"_links":{"self":[{"href":"https:\/\/nimedixmedical.com\/fr\/wp-json\/wp\/v2\/product\/102630","targetHints":{"allow":["GET"]}}],"collection":[{"href":"https:\/\/nimedixmedical.com\/fr\/wp-json\/wp\/v2\/product"}],"about":[{"href":"https:\/\/nimedixmedical.com\/fr\/wp-json\/wp\/v2\/types\/product"}],"replies":[{"embeddable":true,"href":"https:\/\/nimedixmedical.com\/fr\/wp-json\/wp\/v2\/comments?post=102630"}],"wp:featuredmedia":[{"embeddable":true,"href":"https:\/\/nimedixmedical.com\/fr\/wp-json\/wp\/v2\/media\/102631"}],"wp:attachment":[{"href":"https:\/\/nimedixmedical.com\/fr\/wp-json\/wp\/v2\/media?parent=102630"}],"wp:term":[{"taxonomy":"product_brand","embeddable":true,"href":"https:\/\/nimedixmedical.com\/fr\/wp-json\/wp\/v2\/product_brand?post=102630"},{"taxonomy":"product_cat","embeddable":true,"href":"https:\/\/nimedixmedical.com\/fr\/wp-json\/wp\/v2\/product_cat?post=102630"},{"taxonomy":"product_tag","embeddable":true,"href":"https:\/\/nimedixmedical.com\/fr\/wp-json\/wp\/v2\/product_tag?post=102630"}],"curies":[{"name":"wp","href":"https:\/\/api.w.org\/{rel}","templated":true}]}}