{"id":102622,"date":"2025-11-30T19:34:03","date_gmt":"2025-11-30T18:34:03","guid":{"rendered":"https:\/\/nimedixmedical.com\/notre-catalogue\/dispositif-de-ventilation-pap-cpap\/"},"modified":"2026-01-12T14:56:35","modified_gmt":"2026-01-12T13:56:35","slug":"dispositif-de-ventilation-pap-cpap","status":"publish","type":"product","link":"https:\/\/nimedixmedical.com\/fr\/notre-catalogue\/dispositif-de-ventilation-pap-cpap\/","title":{"rendered":"Dispositif de Ventilation Pap- Cpap"},"content":{"rendered":"<p>Le dispositif de ventilation PAP-CPAP est con\u00e7u pour aider les patients souffrant de troubles respiratoires pendant leur sommeil. Gr\u00e2ce \u00e0 une pression positive d&#8217;air continue, il facilite la respiration et am\u00e9liore la qualit\u00e9 du sommeil sans provoquer de traumatisme.<\/p>\n<h2>Caract\u00e9ristiques<\/h2>\n<ul>\n<li>Mode de traitement: CPAP<\/li>\n<li>Plage de pression: 4~20 cm H2O \u00b10.5 cm H2O<\/li>\n<li>Espace de temps d&#8217;augmentation: 0~45 min<\/li>\n<li>Alarme de protection pour chute du masque<\/li>\n<li>Alimentation: 100-240 V, 50-60 Hz DC 24 V<\/li>\n<li>Compensation altim\u00e9trique automatique jusqu&#8217;\u00e0 3 500m<\/li>\n<li>Syst\u00e8me de circuit d&#8217;air USM: ultra silencieux<\/li>\n<li>PCM: technologie anti-bruits<\/li>\n<li>Technique 3A d&#8217;auto adaptation d&#8217;ajustement de fr\u00e9quence<\/li>\n<li>Dimensions: 27&#215;13,5xh 10 cm &#8211; Poids: 1,5 kg<\/li>\n<\/ul>\n<h2>Livraison<\/h2>\n<ul>\n<li><strong>France :<\/strong> Livraison directe.<\/li>\n<li><strong>Export (Europe et Afrique) :<\/strong> Sur devis.<\/li>\n<\/ul>\n","protected":false},"excerpt":{"rendered":"<ul>\n<li>Dispositif de ventilation CPAP pour un traitement efficace des troubles respiratoires nocturnes.<\/li>\n<li>Am\u00e9lioration significative de la qualit\u00e9 du sommeil et r\u00e9duction de l&#8217;inconfort.<\/li>\n<li>Fonctionnement silencieux (28 dB) pour un environnement de sommeil paisible.<\/li>\n<li>Durabilit\u00e9 exceptionnelle avec 20 000 heures de fonctionnement.<\/li>\n<\/ul>\n","protected":false},"featured_media":102623,"comment_status":"open","ping_status":"open","template":"","meta":{"inline_featured_image":false},"product_brand":[],"product_cat":[902,905],"product_tag":[],"class_list":{"0":"post-102622","1":"product","2":"type-product","3":"status-publish","4":"has-post-thumbnail","6":"product_cat-audiometrie-et-spirometrie","7":"product_cat-cpap-et-autocpap","9":"first","10":"outofstock","11":"sale","12":"taxable","13":"shipping-taxable","14":"purchasable","15":"product-type-simple"},"_links":{"self":[{"href":"https:\/\/nimedixmedical.com\/fr\/wp-json\/wp\/v2\/product\/102622","targetHints":{"allow":["GET"]}}],"collection":[{"href":"https:\/\/nimedixmedical.com\/fr\/wp-json\/wp\/v2\/product"}],"about":[{"href":"https:\/\/nimedixmedical.com\/fr\/wp-json\/wp\/v2\/types\/product"}],"replies":[{"embeddable":true,"href":"https:\/\/nimedixmedical.com\/fr\/wp-json\/wp\/v2\/comments?post=102622"}],"wp:featuredmedia":[{"embeddable":true,"href":"https:\/\/nimedixmedical.com\/fr\/wp-json\/wp\/v2\/media\/102623"}],"wp:attachment":[{"href":"https:\/\/nimedixmedical.com\/fr\/wp-json\/wp\/v2\/media?parent=102622"}],"wp:term":[{"taxonomy":"product_brand","embeddable":true,"href":"https:\/\/nimedixmedical.com\/fr\/wp-json\/wp\/v2\/product_brand?post=102622"},{"taxonomy":"product_cat","embeddable":true,"href":"https:\/\/nimedixmedical.com\/fr\/wp-json\/wp\/v2\/product_cat?post=102622"},{"taxonomy":"product_tag","embeddable":true,"href":"https:\/\/nimedixmedical.com\/fr\/wp-json\/wp\/v2\/product_tag?post=102622"}],"curies":[{"name":"wp","href":"https:\/\/api.w.org\/{rel}","templated":true}]}}