{"id":102616,"date":"2025-11-30T19:34:03","date_gmt":"2025-11-30T18:34:03","guid":{"rendered":"https:\/\/nimedixmedical.com\/notre-catalogue\/dispositif-de-ventilation-pap-cpap-auto-cpap\/"},"modified":"2026-01-12T14:56:35","modified_gmt":"2026-01-12T13:56:35","slug":"dispositif-de-ventilation-pap-cpap-auto-cpap","status":"publish","type":"product","link":"https:\/\/nimedixmedical.com\/fr\/notre-catalogue\/dispositif-de-ventilation-pap-cpap-auto-cpap\/","title":{"rendered":"Dispositif de Ventilation Pap- Cpap\/auto Cpap"},"content":{"rendered":"<p>Le dispositif de ventilation PAP (CPAP\/AUTO CPAP) est con\u00e7u pour offrir une solution efficace aux patients souffrant de troubles respiratoires durant leur sommeil. En maintenant les voies respiratoires ouvertes, cet appareil contribue \u00e0 am\u00e9liorer significativement la qualit\u00e9 du sommeil.<\/p>\n<h2>Caract\u00e9ristiques<\/h2>\n<ul>\n<li>Mode de traitement : CPAP, AUTO CPAP<\/li>\n<li>Plage de pression : 4~20 cm H2O \u00b10.5 cm H2O<\/li>\n<li>\u00c9l\u00e9vation de pression automatique avec un temps d&#8217;augmentation de 0~45 min<\/li>\n<li>Alarme de protection en cas de chute du masque<\/li>\n<li>Alimentation : 100-240 V, 50-60 Hz DC 24 V<\/li>\n<li>Compensation altim\u00e9trique automatique jusqu&#8217;\u00e0 3 500m<\/li>\n<li>Syst\u00e8me de circuit d\u2019air USM pour un fonctionnement ultra silencieux<\/li>\n<li>Dimensions : 27&#215;13,5xh 10 cm, Poids : 1,5 kg<\/li>\n<li>Accessoires inclus : sac de transport, 2 filtres, tube pour l\u2019air, humidificateur chauffant, masque nasal, carte SD, adaptateur, c\u00e2ble et mode d\u2019emploi (en GB, IT)<\/li>\n<\/ul>\n<h2>Livraison<\/h2>\n<ul>\n<li><strong>France :<\/strong> Livraison directe.<\/li>\n<li><strong>Export (Europe et Afrique) :<\/strong> Sur devis.<\/li>\n<\/ul>\n","protected":false},"excerpt":{"rendered":"<ul>\n<li>Dispositif de ventilation PAP (CPAP\/AUTO CPAP) destin\u00e9 aux patients souffrant de troubles respiratoires nocturnes.<\/li>\n<li>Am\u00e9lioration de la qualit\u00e9 du sommeil gr\u00e2ce \u00e0 une pression d&#8217;air constante qui maintient les voies respiratoires ouvertes.<\/li>\n<li>Appareil silencieux avec un niveau sonore de seulement 28 dB, garantissant un confort optimal pendant la nuit.<\/li>\n<li>Durabilit\u00e9 exceptionnelle avec 20 000 heures de fonctionnement, et un design facile \u00e0 utiliser.<\/li>\n<\/ul>\n","protected":false},"featured_media":102617,"comment_status":"open","ping_status":"open","template":"","meta":{"inline_featured_image":false},"product_brand":[],"product_cat":[902,905],"product_tag":[],"class_list":{"0":"post-102616","1":"product","2":"type-product","3":"status-publish","4":"has-post-thumbnail","6":"product_cat-audiometrie-et-spirometrie","7":"product_cat-cpap-et-autocpap","9":"first","10":"instock","11":"sale","12":"taxable","13":"shipping-taxable","14":"purchasable","15":"product-type-simple"},"_links":{"self":[{"href":"https:\/\/nimedixmedical.com\/fr\/wp-json\/wp\/v2\/product\/102616","targetHints":{"allow":["GET"]}}],"collection":[{"href":"https:\/\/nimedixmedical.com\/fr\/wp-json\/wp\/v2\/product"}],"about":[{"href":"https:\/\/nimedixmedical.com\/fr\/wp-json\/wp\/v2\/types\/product"}],"replies":[{"embeddable":true,"href":"https:\/\/nimedixmedical.com\/fr\/wp-json\/wp\/v2\/comments?post=102616"}],"wp:featuredmedia":[{"embeddable":true,"href":"https:\/\/nimedixmedical.com\/fr\/wp-json\/wp\/v2\/media\/102617"}],"wp:attachment":[{"href":"https:\/\/nimedixmedical.com\/fr\/wp-json\/wp\/v2\/media?parent=102616"}],"wp:term":[{"taxonomy":"product_brand","embeddable":true,"href":"https:\/\/nimedixmedical.com\/fr\/wp-json\/wp\/v2\/product_brand?post=102616"},{"taxonomy":"product_cat","embeddable":true,"href":"https:\/\/nimedixmedical.com\/fr\/wp-json\/wp\/v2\/product_cat?post=102616"},{"taxonomy":"product_tag","embeddable":true,"href":"https:\/\/nimedixmedical.com\/fr\/wp-json\/wp\/v2\/product_tag?post=102616"}],"curies":[{"name":"wp","href":"https:\/\/api.w.org\/{rel}","templated":true}]}}