{"id":102557,"date":"2025-11-30T19:33:16","date_gmt":"2025-11-30T18:33:16","guid":{"rendered":"https:\/\/nimedixmedical.com\/notre-catalogue\/spirobank-ii-basic-logiciel\/"},"modified":"2026-01-12T14:56:21","modified_gmt":"2026-01-12T13:56:21","slug":"spirobank-ii-basic-logiciel","status":"publish","type":"product","link":"https:\/\/nimedixmedical.com\/fr\/notre-catalogue\/spirobank-ii-basic-logiciel\/","title":{"rendered":"Spirobank Ii Basic + Logiciel"},"content":{"rendered":"<p>Le SPIROBANK II BASIC est un spirom\u00e8tre de poche innovant, con\u00e7u pour permettre aux professionnels de sant\u00e9 de r\u00e9aliser des tests de spirom\u00e9trie de mani\u00e8re rapide et efficace, m\u00eame en d\u00e9placement. Sa portabilit\u00e9 et sa facilit\u00e9 d&#8217;utilisation en font un outil essentiel pour le diagnostic respiratoire.<\/p>\n<h2>Caract\u00e9ristiques<\/h2>\n<ul>\n<li>Absence d&#8217;\u00e9talonnage : utilise une turbine jetable FlowMIR ou une turbine r\u00e9utilisable.<\/li>\n<li>Mesures pr\u00e9cises : FVC, VC, IVC, IC, ERV, FEV1, et autres param\u00e8tres spirom\u00e9triques.<\/li>\n<li>M\u00e9moire int\u00e9gr\u00e9e : capacit\u00e9 de stockage allant jusqu&#8217;\u00e0 10 000 tests.<\/li>\n<li>Connexion USB pour tests en temps r\u00e9el et recharge facile.<\/li>\n<li>Compatible avec le logiciel MIR Spiro, offrant une interface intuitive et des mises \u00e0 jour automatiques.<\/li>\n<li>Configuration requise : compatible avec Windows et Mac, avec une gestion des donn\u00e9es simplifi\u00e9e.<\/li>\n<\/ul>\n<h2>Livraison<\/h2>\n<ul>\n<li><strong>France :<\/strong> Livraison directe.<\/li>\n<li><strong>Export (Europe et Afrique) :<\/strong> Sur devis.<\/li>\n<\/ul>\n","protected":false},"excerpt":{"rendered":"<ul>\n<li>Usage polyvalent : id\u00e9al pour les g\u00e9n\u00e9ralistes et les professionnels de sant\u00e9 sur le terrain.<\/li>\n<li>B\u00e9n\u00e9fice de portabilit\u00e9 : spirom\u00e8tre compact avec une batterie longue dur\u00e9e de 40 heures.<\/li>\n<li>Tests pr\u00e9cis : mesure des param\u00e8tres spirom\u00e9triques essentiels avec interpr\u00e9tation imm\u00e9diate.<\/li>\n<li>Logiciel avanc\u00e9 : mise \u00e0 jour automatique et interface intuitive pour une gestion efficace des patients.<\/li>\n<\/ul>\n","protected":false},"featured_media":102558,"comment_status":"open","ping_status":"open","template":"","meta":{"inline_featured_image":false},"product_brand":[],"product_cat":[902,903],"product_tag":[],"class_list":{"0":"post-102557","1":"product","2":"type-product","3":"status-publish","4":"has-post-thumbnail","6":"product_cat-audiometrie-et-spirometrie","7":"product_cat-spirometres","9":"first","10":"instock","11":"sale","12":"taxable","13":"shipping-taxable","14":"purchasable","15":"product-type-simple"},"_links":{"self":[{"href":"https:\/\/nimedixmedical.com\/fr\/wp-json\/wp\/v2\/product\/102557","targetHints":{"allow":["GET"]}}],"collection":[{"href":"https:\/\/nimedixmedical.com\/fr\/wp-json\/wp\/v2\/product"}],"about":[{"href":"https:\/\/nimedixmedical.com\/fr\/wp-json\/wp\/v2\/types\/product"}],"replies":[{"embeddable":true,"href":"https:\/\/nimedixmedical.com\/fr\/wp-json\/wp\/v2\/comments?post=102557"}],"wp:featuredmedia":[{"embeddable":true,"href":"https:\/\/nimedixmedical.com\/fr\/wp-json\/wp\/v2\/media\/102558"}],"wp:attachment":[{"href":"https:\/\/nimedixmedical.com\/fr\/wp-json\/wp\/v2\/media?parent=102557"}],"wp:term":[{"taxonomy":"product_brand","embeddable":true,"href":"https:\/\/nimedixmedical.com\/fr\/wp-json\/wp\/v2\/product_brand?post=102557"},{"taxonomy":"product_cat","embeddable":true,"href":"https:\/\/nimedixmedical.com\/fr\/wp-json\/wp\/v2\/product_cat?post=102557"},{"taxonomy":"product_tag","embeddable":true,"href":"https:\/\/nimedixmedical.com\/fr\/wp-json\/wp\/v2\/product_tag?post=102557"}],"curies":[{"name":"wp","href":"https:\/\/api.w.org\/{rel}","templated":true}]}}