{"id":102514,"date":"2025-11-30T19:33:16","date_gmt":"2025-11-30T18:33:16","guid":{"rendered":"https:\/\/nimedixmedical.com\/notre-catalogue\/spirometre-portatif-sp-80b\/"},"modified":"2026-01-12T14:56:15","modified_gmt":"2026-01-12T13:56:15","slug":"spirometre-portatif-sp-80b","status":"publish","type":"product","link":"https:\/\/nimedixmedical.com\/fr\/notre-catalogue\/spirometre-portatif-sp-80b\/","title":{"rendered":"Spirom\u00e8tre Portatif Sp-80b"},"content":{"rendered":"<p>Le spirom\u00e8tre portable SP-80B est con\u00e7u pour examiner la fonction pulmonaire avec pr\u00e9cision. Il est adapt\u00e9 aussi bien pour une utilisation clinique dans les h\u00f4pitaux que pour des tests \u00e0 domicile, permettant un suivi de sant\u00e9 respiratoire efficace.<\/p>\n<h2>Caract\u00e9ristiques<\/h2>\n<ul>\n<li>Affichage LCD couleur 2,8&#8243; pour une visualisation claire des param\u00e8tres mesur\u00e9s.<\/li>\n<li>Mesure de 8 param\u00e8tres li\u00e9s \u00e0 la capacit\u00e9 vitale forc\u00e9e (CVF).<\/li>\n<li>Plage de volume : 0~10 l avec une pr\u00e9cision de \u00b1 3%.<\/li>\n<li>Plage de d\u00e9bit : 0~16 l\/s avec une pr\u00e9cision de \u00b1 5%.<\/li>\n<li>M\u00e9moire int\u00e9gr\u00e9e de 224 cas avec graphiques, permettant le suivi des tendances.<\/li>\n<li>Fonction d\u2019alerte pour des limites de volume et de d\u00e9bit d\u00e9pass\u00e9es.<\/li>\n<li>Livr\u00e9 avec c\u00e2ble USB, embouts buccaux jetables, et logiciel PC multilingue.<\/li>\n<li>Autonomie : batterie lithium rechargeable de 200 mA avec arr\u00eat automatique apr\u00e8s 2 minutes.<\/li>\n<\/ul>\n<h2>Livraison<\/h2>\n<ul>\n<li><strong>France :<\/strong> Livraison directe.<\/li>\n<li><strong>Export (Europe et Afrique) :<\/strong> Sur devis.<\/li>\n<\/ul>\n","protected":false},"excerpt":{"rendered":"<ul>\n<li>Usage : \u00c9valuation de la fonction pulmonaire pour h\u00f4pitaux et tests \u00e0 domicile.<\/li>\n<li>B\u00e9n\u00e9fice : Pr\u00e9cision \u00e9lev\u00e9e avec affichage graphique pour une analyse facile des r\u00e9sultats.<\/li>\n<li>Connectivit\u00e9 : Transmission de donn\u00e9es via Bluetooth ou USB pour un suivi optimal.<\/li>\n<li>Praticit\u00e9 : Portable et l\u00e9ger, id\u00e9al pour une utilisation quotidienne.<\/li>\n<\/ul>\n","protected":false},"featured_media":102515,"comment_status":"open","ping_status":"open","template":"","meta":{"inline_featured_image":false},"product_brand":[],"product_cat":[902,903],"product_tag":[],"class_list":{"0":"post-102514","1":"product","2":"type-product","3":"status-publish","4":"has-post-thumbnail","6":"product_cat-audiometrie-et-spirometrie","7":"product_cat-spirometres","9":"first","10":"instock","11":"sale","12":"taxable","13":"shipping-taxable","14":"purchasable","15":"product-type-simple"},"_links":{"self":[{"href":"https:\/\/nimedixmedical.com\/fr\/wp-json\/wp\/v2\/product\/102514","targetHints":{"allow":["GET"]}}],"collection":[{"href":"https:\/\/nimedixmedical.com\/fr\/wp-json\/wp\/v2\/product"}],"about":[{"href":"https:\/\/nimedixmedical.com\/fr\/wp-json\/wp\/v2\/types\/product"}],"replies":[{"embeddable":true,"href":"https:\/\/nimedixmedical.com\/fr\/wp-json\/wp\/v2\/comments?post=102514"}],"wp:featuredmedia":[{"embeddable":true,"href":"https:\/\/nimedixmedical.com\/fr\/wp-json\/wp\/v2\/media\/102515"}],"wp:attachment":[{"href":"https:\/\/nimedixmedical.com\/fr\/wp-json\/wp\/v2\/media?parent=102514"}],"wp:term":[{"taxonomy":"product_brand","embeddable":true,"href":"https:\/\/nimedixmedical.com\/fr\/wp-json\/wp\/v2\/product_brand?post=102514"},{"taxonomy":"product_cat","embeddable":true,"href":"https:\/\/nimedixmedical.com\/fr\/wp-json\/wp\/v2\/product_cat?post=102514"},{"taxonomy":"product_tag","embeddable":true,"href":"https:\/\/nimedixmedical.com\/fr\/wp-json\/wp\/v2\/product_tag?post=102514"}],"curies":[{"name":"wp","href":"https:\/\/api.w.org\/{rel}","templated":true}]}}