{"id":102277,"date":"2025-11-30T19:29:43","date_gmt":"2025-11-30T18:29:43","guid":{"rendered":"https:\/\/nimedixmedical.com\/notre-catalogue\/cardioline-ecg100l-full-glasgow-easyapp-ecran-tactile-couleur-5\/"},"modified":"2026-01-12T14:55:26","modified_gmt":"2026-01-12T13:55:26","slug":"cardioline-ecg100l-full-glasgow-easyapp-ecran-tactile-couleur-5","status":"publish","type":"product","link":"https:\/\/nimedixmedical.com\/fr\/notre-catalogue\/cardioline-ecg100l-full-glasgow-easyapp-ecran-tactile-couleur-5\/","title":{"rendered":"Cardioline Ecg100l Full (glasgow +easyapp) &#8211; \u00c9cran Tactile Couleur 5&#8243;"},"content":{"rendered":"<p>Le Cardioline ECG100L FULL est un \u00e9lectrocardiogramme de pointe, con\u00e7u pour faciliter l&#8217;acquisition rapide et pr\u00e9cise d&#8217;ECG au repos dans divers environnements m\u00e9dicaux. Sa technologie avanc\u00e9e et son interface utilisateur intuitive en font un outil essentiel pour tout professionnel de sant\u00e9.<\/p>\n<h2>Caract\u00e9ristiques<\/h2>\n<ul>\n<li>\u00c9cran couleur tactile de 5&#8243; avec une r\u00e9solution de 800 x 480 pour une visualisation claire des donn\u00e9es ECG.<\/li>\n<li>Acquisition ECG en modes Automatique, Manuel, Stat, et Rythme, avec 12 d\u00e9rivations disponibles.<\/li>\n<li>Interpr\u00e9tation des r\u00e9sultats via l&#8217;algorithme de Glasgow, capable de d\u00e9tecter diverses anomalies cardiaques.<\/li>\n<li>Fonctionnalit\u00e9 EasyApp pour la gestion des ECG, permettant l&#8217;exportation des fichiers au format SCP et PDF.<\/li>\n<li>Imprimante thermique int\u00e9gr\u00e9e pour une impression rapide et de haute qualit\u00e9 des r\u00e9sultats ECG.<\/li>\n<li>Capacit\u00e9 de m\u00e9moire pour stocker jusqu&#8217;\u00e0 50 ECG, avec une dur\u00e9e de vie de batterie de plus de 6 heures.<\/li>\n<\/ul>\n<h2>Livraison<\/h2>\n<ul>\n<li><strong>France :<\/strong> Livraison directe.<\/li>\n<li><strong>Export (Europe et Afrique) :<\/strong> Sur devis.<\/li>\n<\/ul>\n","protected":false},"excerpt":{"rendered":"<ul>\n<li>Acquisition d&#8217;ECG au repos \u00e0 12 d\u00e9rivations, simple et rapide.<\/li>\n<li>\u00c9cran tactile couleur de 5&#8243; pour une navigation intuitive.<\/li>\n<li>Interpr\u00e9tation avanc\u00e9e gr\u00e2ce \u00e0 l&#8217;algorithme de Glasgow pour adultes et enfants.<\/li>\n<li>Fonction EasyApp pour la gestion et l&#8217;exportation des donn\u00e9es ECG.<\/li>\n<\/ul>\n","protected":false},"featured_media":102278,"comment_status":"open","ping_status":"open","template":"","meta":{"inline_featured_image":false},"product_brand":[],"product_cat":[891,886,866],"product_tag":[],"class_list":{"0":"post-102277","1":"product","2":"type-product","3":"status-publish","4":"has-post-thumbnail","6":"product_cat-ecg-3-6-12-pistes","7":"product_cat-ecg-et-24-heures-ecg","8":"product_cat-ecg-moniteurs-et-ultrasons","10":"first","11":"instock","12":"sale","13":"taxable","14":"shipping-taxable","15":"purchasable","16":"product-type-simple"},"_links":{"self":[{"href":"https:\/\/nimedixmedical.com\/fr\/wp-json\/wp\/v2\/product\/102277","targetHints":{"allow":["GET"]}}],"collection":[{"href":"https:\/\/nimedixmedical.com\/fr\/wp-json\/wp\/v2\/product"}],"about":[{"href":"https:\/\/nimedixmedical.com\/fr\/wp-json\/wp\/v2\/types\/product"}],"replies":[{"embeddable":true,"href":"https:\/\/nimedixmedical.com\/fr\/wp-json\/wp\/v2\/comments?post=102277"}],"wp:featuredmedia":[{"embeddable":true,"href":"https:\/\/nimedixmedical.com\/fr\/wp-json\/wp\/v2\/media\/102278"}],"wp:attachment":[{"href":"https:\/\/nimedixmedical.com\/fr\/wp-json\/wp\/v2\/media?parent=102277"}],"wp:term":[{"taxonomy":"product_brand","embeddable":true,"href":"https:\/\/nimedixmedical.com\/fr\/wp-json\/wp\/v2\/product_brand?post=102277"},{"taxonomy":"product_cat","embeddable":true,"href":"https:\/\/nimedixmedical.com\/fr\/wp-json\/wp\/v2\/product_cat?post=102277"},{"taxonomy":"product_tag","embeddable":true,"href":"https:\/\/nimedixmedical.com\/fr\/wp-json\/wp\/v2\/product_tag?post=102277"}],"curies":[{"name":"wp","href":"https:\/\/api.w.org\/{rel}","templated":true}]}}