{"id":102224,"date":"2025-11-30T19:29:43","date_gmt":"2025-11-30T18:29:43","guid":{"rendered":"https:\/\/nimedixmedical.com\/notre-catalogue\/moniteur-delectrocardiogramme-portable-duoek-s\/"},"modified":"2026-01-12T14:55:15","modified_gmt":"2026-01-12T13:55:15","slug":"moniteur-delectrocardiogramme-portable-duoek-s","status":"publish","type":"product","link":"https:\/\/nimedixmedical.com\/fr\/notre-catalogue\/moniteur-delectrocardiogramme-portable-duoek-s\/","title":{"rendered":"Moniteur D\u2019\u00e9lectrocardiogramme Portable Duoek S"},"content":{"rendered":"<p>Le moniteur ECG portable DuoEK\u2122 S est con\u00e7u pour des analyses cardiaques imm\u00e9diates et pr\u00e9cises. Compact et l\u00e9ger, il permet un suivi de la sant\u00e9 cardiaque \u00e0 tout moment, offrant une solution efficace pour les patients souffrant de divers troubles cardiaques.<\/p>\n<h2>Caract\u00e9ristiques<\/h2>\n<ul>\n<li>3 d\u00e9rivations : main-main, main-jambe et thoracique.<\/li>\n<li>\u00c9cran OLED pour des images ECG claires.<\/li>\n<li>Mesures en utilisant un seul bouton.<\/li>\n<li>Longueur ECG : enregistrement de 30 secondes \u00e0 5 minutes.<\/li>\n<li>Plage fr\u00e9quence cardiaque : 30 &#8211; 250 bpm.<\/li>\n<li>Batterie rechargeable aux polym\u00e8res de lithium (500 mesures par charge).<\/li>\n<li>Temps de recharge : 2-3 heures.<\/li>\n<li>Connectivit\u00e9 : Bluetooth 4.0 BLE et connecteur micro-USB.<\/li>\n<li>M\u00e9moire int\u00e9gr\u00e9e : 10 sessions pour ECG < 1 minute et 4 sessions pour ECG de 5 minutes.<\/li>\n<li>Dimensions : 92x32x8,2 mm &#8211; Poids : 26,8 g.<\/li>\n<\/ul>\n<h2>Livraison<\/h2>\n<ul>\n<li><strong>France :<\/strong> Livraison directe.<\/li>\n<li><strong>Export (Europe et Afrique) :<\/strong> Sur devis.<\/li>\n<\/ul>\n","protected":false},"excerpt":{"rendered":"<ul>\n<li>Moniteur ECG portable pour des mesures pr\u00e9cises en tout lieu.<\/li>\n<li>Id\u00e9al pour les personnes souffrant de stress, palpitations ou troubles cardiaques.<\/li>\n<li>Facilit\u00e9 d&#8217;utilisation avec un seul bouton et application mobile gratuite.<\/li>\n<li>Autonomie exceptionnelle avec 500 mesures par charge.<\/li>\n<\/ul>\n","protected":false},"featured_media":102225,"comment_status":"open","ping_status":"open","template":"","meta":{"inline_featured_image":false},"product_brand":[],"product_cat":[890,886,866],"product_tag":[],"class_list":{"0":"post-102224","1":"product","2":"type-product","3":"status-publish","4":"has-post-thumbnail","6":"product_cat-ecg-de-poche","7":"product_cat-ecg-et-24-heures-ecg","8":"product_cat-ecg-moniteurs-et-ultrasons","10":"first","11":"outofstock","12":"sale","13":"taxable","14":"shipping-taxable","15":"purchasable","16":"product-type-simple"},"_links":{"self":[{"href":"https:\/\/nimedixmedical.com\/fr\/wp-json\/wp\/v2\/product\/102224","targetHints":{"allow":["GET"]}}],"collection":[{"href":"https:\/\/nimedixmedical.com\/fr\/wp-json\/wp\/v2\/product"}],"about":[{"href":"https:\/\/nimedixmedical.com\/fr\/wp-json\/wp\/v2\/types\/product"}],"replies":[{"embeddable":true,"href":"https:\/\/nimedixmedical.com\/fr\/wp-json\/wp\/v2\/comments?post=102224"}],"wp:featuredmedia":[{"embeddable":true,"href":"https:\/\/nimedixmedical.com\/fr\/wp-json\/wp\/v2\/media\/102225"}],"wp:attachment":[{"href":"https:\/\/nimedixmedical.com\/fr\/wp-json\/wp\/v2\/media?parent=102224"}],"wp:term":[{"taxonomy":"product_brand","embeddable":true,"href":"https:\/\/nimedixmedical.com\/fr\/wp-json\/wp\/v2\/product_brand?post=102224"},{"taxonomy":"product_cat","embeddable":true,"href":"https:\/\/nimedixmedical.com\/fr\/wp-json\/wp\/v2\/product_cat?post=102224"},{"taxonomy":"product_tag","embeddable":true,"href":"https:\/\/nimedixmedical.com\/fr\/wp-json\/wp\/v2\/product_tag?post=102224"}],"curies":[{"name":"wp","href":"https:\/\/api.w.org\/{rel}","templated":true}]}}