{"id":102138,"date":"2025-11-30T19:28:52","date_gmt":"2025-11-30T18:28:52","guid":{"rendered":"https:\/\/nimedixmedical.com\/notre-catalogue\/sonoeye-p3-doppler-couleur-numerique-sonde-phase-array\/"},"modified":"2026-01-12T14:55:01","modified_gmt":"2026-01-12T13:55:01","slug":"sonoeye-p3-doppler-couleur-numerique-sonde-phase-array","status":"publish","type":"product","link":"https:\/\/nimedixmedical.com\/fr\/notre-catalogue\/sonoeye-p3-doppler-couleur-numerique-sonde-phase-array\/","title":{"rendered":"Sonoeye P3 Doppler Couleur Num\u00e9rique &#8211; Sonde Phase Array"},"content":{"rendered":"<p>Le SonoEye P3 Doppler couleur num\u00e9rique est un \u00e9chographe portable con\u00e7u pour offrir aux professionnels de sant\u00e9 des solutions d&#8217;imagerie ultrasonore pr\u00e9cises et accessibles dans divers environnements m\u00e9dicaux. Son utilisation est adapt\u00e9e aussi bien pour les patients humains que v\u00e9t\u00e9rinaires.<\/p>\n<h2>Caract\u00e9ristiques<\/h2>\n<ul>\n<li>Type de sonde: Phased Array<\/li>\n<li>Fr\u00e9quence r\u00e9seau: 3,0 MHz<\/li>\n<li>Bande de fr\u00e9quences: 2,5-4,0 MHz<\/li>\n<li>Profondeur de balayage: 4,9-22,7 cm<\/li>\n<li>Empreinte de la sonde: 18&#215;12,5 mm<\/li>\n<li>Champ visuel (FOV): 90 degr\u00e9s<\/li>\n<li>Modes Doppler: B+C, B\/M, C, PW<\/li>\n<li>Dimensions: 64x173x24 mm<\/li>\n<li>Poids sans c\u00e2ble: 124 g<\/li>\n<li>Connectivit\u00e9 avec smartphones et tablettes sp\u00e9cifiques<\/li>\n<\/ul>\n<h2>Livraison<\/h2>\n<ul>\n<li><strong>France :<\/strong> Livraison directe.<\/li>\n<li><strong>Export (Europe et Afrique) :<\/strong> Sur devis.<\/li>\n<\/ul>\n","protected":false},"excerpt":{"rendered":"<ul>\n<li>Usage polyvalent pour l&#8217;\u00e9valuation des poumons, abdomen, c\u0153ur et m\u00e9decine d&#8217;urgence.<\/li>\n<li>B\u00e9n\u00e9fice d&#8217;une portabilit\u00e9 exceptionnelle avec une connexion facile \u00e0 un smartphone ou un pad.<\/li>\n<li>Imperm\u00e9abilit\u00e9 IPX7, permettant un nettoyage et une st\u00e9rilisation ais\u00e9s.<\/li>\n<li>Interactivit\u00e9 simple gr\u00e2ce \u00e0 un d\u00e9marrage et arr\u00eat par simple pression du pouce.<\/li>\n<\/ul>\n","protected":false},"featured_media":102139,"comment_status":"open","ping_status":"open","template":"","meta":{"inline_featured_image":false},"product_brand":[],"product_cat":[885,866,882],"product_tag":[],"class_list":{"0":"post-102138","1":"product","2":"type-product","3":"status-publish","4":"has-post-thumbnail","6":"product_cat-colourdoppler-chison","7":"product_cat-ecg-moniteurs-et-ultrasons","8":"product_cat-ecographes-systeme-ultrasons","10":"first","11":"instock","12":"sale","13":"taxable","14":"shipping-taxable","15":"purchasable","16":"product-type-simple"},"_links":{"self":[{"href":"https:\/\/nimedixmedical.com\/fr\/wp-json\/wp\/v2\/product\/102138","targetHints":{"allow":["GET"]}}],"collection":[{"href":"https:\/\/nimedixmedical.com\/fr\/wp-json\/wp\/v2\/product"}],"about":[{"href":"https:\/\/nimedixmedical.com\/fr\/wp-json\/wp\/v2\/types\/product"}],"replies":[{"embeddable":true,"href":"https:\/\/nimedixmedical.com\/fr\/wp-json\/wp\/v2\/comments?post=102138"}],"wp:featuredmedia":[{"embeddable":true,"href":"https:\/\/nimedixmedical.com\/fr\/wp-json\/wp\/v2\/media\/102139"}],"wp:attachment":[{"href":"https:\/\/nimedixmedical.com\/fr\/wp-json\/wp\/v2\/media?parent=102138"}],"wp:term":[{"taxonomy":"product_brand","embeddable":true,"href":"https:\/\/nimedixmedical.com\/fr\/wp-json\/wp\/v2\/product_brand?post=102138"},{"taxonomy":"product_cat","embeddable":true,"href":"https:\/\/nimedixmedical.com\/fr\/wp-json\/wp\/v2\/product_cat?post=102138"},{"taxonomy":"product_tag","embeddable":true,"href":"https:\/\/nimedixmedical.com\/fr\/wp-json\/wp\/v2\/product_tag?post=102138"}],"curies":[{"name":"wp","href":"https:\/\/api.w.org\/{rel}","templated":true}]}}