{"id":102071,"date":"2025-11-30T19:28:04","date_gmt":"2025-11-30T18:28:04","guid":{"rendered":"https:\/\/nimedixmedical.com\/notre-catalogue\/echographe-nb-chison-eco3-exp-2-connecteurs-de-sonde\/"},"modified":"2026-01-12T14:54:46","modified_gmt":"2026-01-12T13:54:46","slug":"echographe-nb-chison-eco3-exp-2-connecteurs-de-sonde","status":"publish","type":"product","link":"https:\/\/nimedixmedical.com\/fr\/notre-catalogue\/echographe-nb-chison-eco3-exp-2-connecteurs-de-sonde\/","title":{"rendered":"\u00c9chographe N&#038;b Chison Eco3 Exp. &#8211; 2 Connecteurs de Sonde"},"content":{"rendered":"<p>L&#8217;\u00e9chographe N&#038;B Chison ECO3 EXP. est con\u00e7u pour les professionnels de la sant\u00e9, offrant une solution portable et performante pour des diagnostics rapides et pr\u00e9cis. Gr\u00e2ce \u00e0 sa compacit\u00e9 et ses fonctionnalit\u00e9s avanc\u00e9es, il s&#8217;adapte parfaitement aux environnements cliniques vari\u00e9s.<\/p>\n<h2>Caract\u00e9ristiques<\/h2>\n<ul>\n<li>Mod\u00e8le N\/B avec doppler, sans sonde incluse.<\/li>\n<li>\u00c9cran LED de 12\u201d avec une r\u00e9solution de 1024 x 768, offrant une excellente visibilit\u00e9.<\/li>\n<li>Dimensions : 33,5 x 15,5 x 35 cm, poids : 6 kg, batterie Li-ion rechargeable avec jusqu&#8217;\u00e0 2,5 heures d&#8217;autonomie.<\/li>\n<li>Modes d&#8217;affichage : B, B\/B, 4B, M, B\/M, PW (uniquement ECO2, ECO3EXP.).<\/li>\n<li>Traitement d&#8217;image avanc\u00e9 incluant optimisation intelligente et algorithme de r\u00e9duction des taches focales.<\/li>\n<li>Interface utilisateur intuitive avec clavier r\u00e9tro-\u00e9clair\u00e9 et 8 TGC pour r\u00e9glages simples.<\/li>\n<li>Syst\u00e8me de stockage EASYVIEW\u2122 avec compatibilit\u00e9 pour divers formats d&#8217;images (BMP, JPG, DCM, CIN, AVI).<\/li>\n<li>Normes respect\u00e9es : IEC 60601-1, IEC 60601-1-1, IEC 60601-1-2, IEC 60601-1-4, IEC 60601-2-37.<\/li>\n<\/ul>\n<h2>Livraison<\/h2>\n<ul>\n<li><strong>France :<\/strong> Livraison directe.<\/li>\n<li><strong>Export (Europe et Afrique) :<\/strong> Sur devis.<\/li>\n<\/ul>\n","protected":false},"excerpt":{"rendered":"<ul>\n<li>\u00c9chographe compact et l\u00e9ger, id\u00e9al pour une utilisation en ext\u00e9rieur.<\/li>\n<li>\u00c9cran LED de haute r\u00e9solution offrant des images ultra-brillantes.<\/li>\n<li>Facilit\u00e9 d&#8217;utilisation gr\u00e2ce \u00e0 un panneau de contr\u00f4le intuitif et des touches rapides.<\/li>\n<li>Stockage flexible des images via EASYVIEW\u2122 sur disque dur ou USB.<\/li>\n<\/ul>\n","protected":false},"featured_media":102072,"comment_status":"open","ping_status":"open","template":"","meta":{"inline_featured_image":false},"product_brand":[],"product_cat":[866,882,884],"product_tag":[],"class_list":{"0":"post-102071","1":"product","2":"type-product","3":"status-publish","4":"has-post-thumbnail","6":"product_cat-ecg-moniteurs-et-ultrasons","7":"product_cat-ecographes-systeme-ultrasons","8":"product_cat-systeme-ultrasons-portatif-chison","10":"first","11":"instock","12":"sale","13":"taxable","14":"shipping-taxable","15":"purchasable","16":"product-type-simple"},"_links":{"self":[{"href":"https:\/\/nimedixmedical.com\/fr\/wp-json\/wp\/v2\/product\/102071","targetHints":{"allow":["GET"]}}],"collection":[{"href":"https:\/\/nimedixmedical.com\/fr\/wp-json\/wp\/v2\/product"}],"about":[{"href":"https:\/\/nimedixmedical.com\/fr\/wp-json\/wp\/v2\/types\/product"}],"replies":[{"embeddable":true,"href":"https:\/\/nimedixmedical.com\/fr\/wp-json\/wp\/v2\/comments?post=102071"}],"wp:featuredmedia":[{"embeddable":true,"href":"https:\/\/nimedixmedical.com\/fr\/wp-json\/wp\/v2\/media\/102072"}],"wp:attachment":[{"href":"https:\/\/nimedixmedical.com\/fr\/wp-json\/wp\/v2\/media?parent=102071"}],"wp:term":[{"taxonomy":"product_brand","embeddable":true,"href":"https:\/\/nimedixmedical.com\/fr\/wp-json\/wp\/v2\/product_brand?post=102071"},{"taxonomy":"product_cat","embeddable":true,"href":"https:\/\/nimedixmedical.com\/fr\/wp-json\/wp\/v2\/product_cat?post=102071"},{"taxonomy":"product_tag","embeddable":true,"href":"https:\/\/nimedixmedical.com\/fr\/wp-json\/wp\/v2\/product_tag?post=102071"}],"curies":[{"name":"wp","href":"https:\/\/api.w.org\/{rel}","templated":true}]}}