{"id":101911,"date":"2025-11-30T19:25:50","date_gmt":"2025-11-30T18:25:50","guid":{"rendered":"https:\/\/nimedixmedical.com\/notre-catalogue\/electrodes-mousse-jetables-48-50-mm-gel-liquide\/"},"modified":"2026-01-12T14:54:01","modified_gmt":"2026-01-12T13:54:01","slug":"electrodes-mousse-jetables-48-50-mm-gel-liquide","status":"publish","type":"product","link":"https:\/\/nimedixmedical.com\/fr\/notre-catalogue\/electrodes-mousse-jetables-48-50-mm-gel-liquide\/","title":{"rendered":"\u00c9lectrodes Mousse Jetables 48-50 mm &#8211; Gel Liquide"},"content":{"rendered":"<p>Les \u00e9lectrodes mousse jetables de 48-50 mm sont con\u00e7ues pour assurer une excellente conductivit\u00e9 lors des examens ECG. Leur utilisation est essentielle dans le cadre de surveillance cardiaque, que ce soit en repos ou lors de tests de stress.<\/p>\n<h2>Caract\u00e9ristiques<\/h2>\n<ul>\n<li><strong>Code FIAB:<\/strong> F9067<\/li>\n<li><strong>Mat\u00e9riau:<\/strong> PE &#8211; Mousse<\/li>\n<li><strong>Mesure:<\/strong> \u00d8 48 x 50 mm<\/li>\n<li><strong>Gel:<\/strong> Liquide<\/li>\n<li><strong>Forme:<\/strong> Ovale<\/li>\n<li><strong>Raccord:<\/strong> Snap<\/li>\n<li><strong>Patient:<\/strong> Adulte<\/li>\n<li><strong>Application:<\/strong> repos, stress, ECG Holter<\/li>\n<li><strong>Commande minimum:<\/strong> bo\u00eete de 1 200 unit\u00e9s (24 sacs de 50)<\/li>\n<\/ul>\n<h2>Livraison<\/h2>\n<ul>\n<li><strong>France :<\/strong> Livraison directe.<\/li>\n<li><strong>Export (Europe et Afrique) :<\/strong> Sur devis.<\/li>\n<\/ul>\n","protected":false},"excerpt":{"rendered":"<ul>\n<li>\u00c9lectrodes ECG universelles jetables, id\u00e9ales pour une utilisation sur patients adultes.<\/li>\n<li>Forme ovale et gel liquide pour une meilleure conductivit\u00e9 et confort.<\/li>\n<li>Compatible avec diverses applications : repos, stress, ECG Holter.<\/li>\n<li>Sans latex, r\u00e9duisant ainsi les risques d&#8217;allergies.<\/li>\n<\/ul>\n","protected":false},"featured_media":101912,"comment_status":"open","ping_status":"open","template":"","meta":{"inline_featured_image":false},"product_brand":[],"product_cat":[866,881],"product_tag":[],"class_list":{"0":"post-101911","1":"product","2":"type-product","3":"status-publish","4":"has-post-thumbnail","6":"product_cat-ecg-moniteurs-et-ultrasons","7":"product_cat-electrodes-cables-et-accessoires-pour-ecg","9":"first","10":"instock","11":"sale","12":"taxable","13":"shipping-taxable","14":"purchasable","15":"product-type-simple"},"_links":{"self":[{"href":"https:\/\/nimedixmedical.com\/fr\/wp-json\/wp\/v2\/product\/101911","targetHints":{"allow":["GET"]}}],"collection":[{"href":"https:\/\/nimedixmedical.com\/fr\/wp-json\/wp\/v2\/product"}],"about":[{"href":"https:\/\/nimedixmedical.com\/fr\/wp-json\/wp\/v2\/types\/product"}],"replies":[{"embeddable":true,"href":"https:\/\/nimedixmedical.com\/fr\/wp-json\/wp\/v2\/comments?post=101911"}],"wp:featuredmedia":[{"embeddable":true,"href":"https:\/\/nimedixmedical.com\/fr\/wp-json\/wp\/v2\/media\/101912"}],"wp:attachment":[{"href":"https:\/\/nimedixmedical.com\/fr\/wp-json\/wp\/v2\/media?parent=101911"}],"wp:term":[{"taxonomy":"product_brand","embeddable":true,"href":"https:\/\/nimedixmedical.com\/fr\/wp-json\/wp\/v2\/product_brand?post=101911"},{"taxonomy":"product_cat","embeddable":true,"href":"https:\/\/nimedixmedical.com\/fr\/wp-json\/wp\/v2\/product_cat?post=101911"},{"taxonomy":"product_tag","embeddable":true,"href":"https:\/\/nimedixmedical.com\/fr\/wp-json\/wp\/v2\/product_tag?post=101911"}],"curies":[{"name":"wp","href":"https:\/\/api.w.org\/{rel}","templated":true}]}}