{"id":101903,"date":"2025-11-30T19:25:50","date_gmt":"2025-11-30T18:25:50","guid":{"rendered":"https:\/\/nimedixmedical.com\/notre-catalogue\/gel-de-cavitation-konix-tube-250-ml\/"},"modified":"2026-01-12T14:53:44","modified_gmt":"2026-01-12T13:53:44","slug":"gel-de-cavitation-konix-tube-250-ml","status":"publish","type":"product","link":"https:\/\/nimedixmedical.com\/fr\/notre-catalogue\/gel-de-cavitation-konix-tube-250-ml\/","title":{"rendered":"Gel de Cavitation Konix &#8211; Tube 250 mL"},"content":{"rendered":"<p>Le gel de cavitation Konix est con\u00e7u pour une utilisation en esth\u00e9tique et en m\u00e9decine, offrant un confort optimal durant les proc\u00e9dures d&#8217;\u00e9pilation et de cavitation. Sa formulation avanc\u00e9e permet de maximiser l&#8217;efficacit\u00e9 des traitements tout en prot\u00e9geant la peau.<\/p>\n<h2>Caract\u00e9ristiques<\/h2>\n<ul>\n<li>Tube de 250 ml, bo\u00eete de 40 unit\u00e9s<\/li>\n<li>Gel cosm\u00e9tique sp\u00e9cialement formul\u00e9 pour laser et cavitation<\/li>\n<li>Hypoallerg\u00e9nique, sans huile, formald\u00e9hyde ou sel<\/li>\n<li>Grande viscosit\u00e9 pour une application facile et un maintien de la sonde<\/li>\n<li>Inodore et sans effets toxiques<\/li>\n<\/ul>\n<h2>Livraison<\/h2>\n<ul>\n<li><strong>France :<\/strong> Livraison directe.<\/li>\n<li><strong>Export (Europe et Afrique) :<\/strong> Sur devis.<\/li>\n<\/ul>\n","protected":false},"excerpt":{"rendered":"<ul>\n<li>Gel cosm\u00e9tique pour \u00e9pilation et cavitation<\/li>\n<li>Calme la douleur et prolonge la dur\u00e9e des dispositifs<\/li>\n<li>Hypoallerg\u00e9nique et non irritant pour la peau<\/li>\n<li>Facile \u00e0 nettoyer et hydrosoluble<\/li>\n<\/ul>\n","protected":false},"featured_media":101904,"comment_status":"open","ping_status":"open","template":"","meta":{"inline_featured_image":false},"product_brand":[],"product_cat":[866,875,880],"product_tag":[],"class_list":{"0":"post-101903","1":"product","2":"type-product","3":"status-publish","4":"has-post-thumbnail","6":"product_cat-ecg-moniteurs-et-ultrasons","7":"product_cat-gel","8":"product_cat-gel-cosmetique","10":"first","11":"outofstock","12":"sale","13":"taxable","14":"shipping-taxable","15":"purchasable","16":"product-type-simple"},"_links":{"self":[{"href":"https:\/\/nimedixmedical.com\/fr\/wp-json\/wp\/v2\/product\/101903","targetHints":{"allow":["GET"]}}],"collection":[{"href":"https:\/\/nimedixmedical.com\/fr\/wp-json\/wp\/v2\/product"}],"about":[{"href":"https:\/\/nimedixmedical.com\/fr\/wp-json\/wp\/v2\/types\/product"}],"replies":[{"embeddable":true,"href":"https:\/\/nimedixmedical.com\/fr\/wp-json\/wp\/v2\/comments?post=101903"}],"wp:featuredmedia":[{"embeddable":true,"href":"https:\/\/nimedixmedical.com\/fr\/wp-json\/wp\/v2\/media\/101904"}],"wp:attachment":[{"href":"https:\/\/nimedixmedical.com\/fr\/wp-json\/wp\/v2\/media?parent=101903"}],"wp:term":[{"taxonomy":"product_brand","embeddable":true,"href":"https:\/\/nimedixmedical.com\/fr\/wp-json\/wp\/v2\/product_brand?post=101903"},{"taxonomy":"product_cat","embeddable":true,"href":"https:\/\/nimedixmedical.com\/fr\/wp-json\/wp\/v2\/product_cat?post=101903"},{"taxonomy":"product_tag","embeddable":true,"href":"https:\/\/nimedixmedical.com\/fr\/wp-json\/wp\/v2\/product_tag?post=101903"}],"curies":[{"name":"wp","href":"https:\/\/api.w.org\/{rel}","templated":true}]}}