{"id":101806,"date":"2025-11-30T19:24:47","date_gmt":"2025-11-30T18:24:47","guid":{"rendered":"https:\/\/nimedixmedical.com\/notre-catalogue\/moniteur-gima-vital-plus\/"},"modified":"2026-01-12T14:53:23","modified_gmt":"2026-01-12T13:53:23","slug":"moniteur-gima-vital-plus","status":"publish","type":"product","link":"https:\/\/nimedixmedical.com\/fr\/notre-catalogue\/moniteur-gima-vital-plus\/","title":{"rendered":"Moniteur GIMA Vital Plus"},"content":{"rendered":"<p>Le Moniteur GIMA Vital Plus est un dispositif m\u00e9dical essentiel pour la surveillance des signes vitaux des patients. Con\u00e7u pour les environnements cliniques, il permet une \u00e9valuation rapide et pr\u00e9cise de l&#8217;\u00e9tat de sant\u00e9 des patients.<\/p>\n<h2>Caract\u00e9ristiques<\/h2>\n<ul>\n<li>\u00c9cran tactile \u00e0 haute r\u00e9solution de 7 pouces pour une navigation ais\u00e9e.<\/li>\n<li>Mesure de la pression art\u00e9rielle (NIBP), SpO2, ECG et temp\u00e9rature.<\/li>\n<li>Donn\u00e9es historiques visualisables sous forme d\u2019onde, liste et graphique des tendances.<\/li>\n<li>Connectivit\u00e9 USB pour la sortie de donn\u00e9es et mise \u00e0 jour du logiciel.<\/li>\n<li>Plage de mesure de la pression art\u00e9rielle: Adulte (40-275 mmHg), P\u00e9diatrique (40-200 mmHg), N\u00e9onatal (40-135 mmHg).<\/li>\n<li>Pr\u00e9cision de SpO2: 3% pour une plage de 70 \u00e0 100% avec rendement faible de perfusion jusqu&#8217;\u00e0 0,4%.<\/li>\n<li>Fr\u00e9quence du pouls mesurable de 30 \u00e0 240 bpm avec une pr\u00e9cision de \u00b12 bpm.<\/li>\n<li>Alimentation universelle: 100~240 VAC, 50\/60 Hz avec batterie Li-ion de 11,1 V \/ 4 400 mAh.<\/li>\n<\/ul>\n<h2>Livraison<\/h2>\n<ul>\n<li><strong>France :<\/strong> Livraison directe.<\/li>\n<li><strong>Export (Europe et Afrique) :<\/strong> Sur devis.<\/li>\n<\/ul>\n","protected":false},"excerpt":{"rendered":"<ul>\n<li>Moniteur multiparam\u00e9trique pour une surveillance compl\u00e8te des param\u00e8tres vitaux.<\/li>\n<li>\u00c9cran tactile haute r\u00e9solution pour une utilisation intuitive et facile.<\/li>\n<li>Enregistrement des donn\u00e9es historiques avec affichage graphique pour un suivi efficace.<\/li>\n<li>Technologie avanc\u00e9e garantissant pr\u00e9cision et fiabilit\u00e9 des mesures.<\/li>\n<\/ul>\n","protected":false},"featured_media":101807,"comment_status":"open","ping_status":"open","template":"","meta":{"inline_featured_image":false},"product_brand":[],"product_cat":[866,872],"product_tag":[],"class_list":{"0":"post-101806","1":"product","2":"type-product","3":"status-publish","4":"has-post-thumbnail","6":"product_cat-ecg-moniteurs-et-ultrasons","7":"product_cat-moniteurs-de-signes-vitaux-et-accessoires","9":"first","10":"instock","11":"sale","12":"taxable","13":"shipping-taxable","14":"purchasable","15":"product-type-simple"},"_links":{"self":[{"href":"https:\/\/nimedixmedical.com\/fr\/wp-json\/wp\/v2\/product\/101806","targetHints":{"allow":["GET"]}}],"collection":[{"href":"https:\/\/nimedixmedical.com\/fr\/wp-json\/wp\/v2\/product"}],"about":[{"href":"https:\/\/nimedixmedical.com\/fr\/wp-json\/wp\/v2\/types\/product"}],"replies":[{"embeddable":true,"href":"https:\/\/nimedixmedical.com\/fr\/wp-json\/wp\/v2\/comments?post=101806"}],"wp:featuredmedia":[{"embeddable":true,"href":"https:\/\/nimedixmedical.com\/fr\/wp-json\/wp\/v2\/media\/101807"}],"wp:attachment":[{"href":"https:\/\/nimedixmedical.com\/fr\/wp-json\/wp\/v2\/media?parent=101806"}],"wp:term":[{"taxonomy":"product_brand","embeddable":true,"href":"https:\/\/nimedixmedical.com\/fr\/wp-json\/wp\/v2\/product_brand?post=101806"},{"taxonomy":"product_cat","embeddable":true,"href":"https:\/\/nimedixmedical.com\/fr\/wp-json\/wp\/v2\/product_cat?post=101806"},{"taxonomy":"product_tag","embeddable":true,"href":"https:\/\/nimedixmedical.com\/fr\/wp-json\/wp\/v2\/product_tag?post=101806"}],"curies":[{"name":"wp","href":"https:\/\/api.w.org\/{rel}","templated":true}]}}