{"id":101777,"date":"2025-11-30T19:24:18","date_gmt":"2025-11-30T18:24:18","guid":{"rendered":"https:\/\/nimedixmedical.com\/notre-catalogue\/moniteur-multiparametres-up-7000\/"},"modified":"2026-02-14T19:29:54","modified_gmt":"2026-02-14T18:29:54","slug":"moniteur-multiparametres-up-7000","status":"publish","type":"product","link":"https:\/\/nimedixmedical.com\/fr\/notre-catalogue\/moniteur-multiparametres-up-7000\/","title":{"rendered":"Moniteur Multiparam\u00e8tres Up 7000"},"content":{"rendered":"<p>Le Moniteur Multiparam\u00e8tres UP 7000 est un appareil m\u00e9dical avanc\u00e9 con\u00e7u pour la surveillance continue des signes vitaux des patients, tant en milieu hospitalier qu&#8217;en soins intensifs. Gr\u00e2ce \u00e0 ses fonctionnalit\u00e9s polyvalentes, il garantit une gestion optimale des donn\u00e9es cliniques.<\/p>\n<h2>Caract\u00e9ristiques<\/h2>\n<ul>\n<li>\u00c9cran couleur TFT de haute r\u00e9solution de 12,1\u2019\u2019.<\/li>\n<li>Amplification ECG \u00e0 3 pistes avec analyse des arythmies et du segment ST.<\/li>\n<li>Sauvegarde de 2000 groupes de donn\u00e9es et 24 heures de trac\u00e9s ECG.<\/li>\n<li>Affichage simultan\u00e9 de 9 pistes ECG avec protection contre les interf\u00e9rences de d\u00e9fibrillation.<\/li>\n<li>Mode de mesure pour adultes, p\u00e9diatriques et n\u00e9onatals.<\/li>\n<li>Alarmes visuelles et sonores pour une surveillance efficace.<\/li>\n<li>Batterie rechargeable int\u00e9gr\u00e9e et imprimante thermique int\u00e9gr\u00e9e.<\/li>\n<li>Surveillance NIBP avec des intervalles de mesure adapt\u00e9s pour chaque tranche d&#8217;\u00e2ge.<\/li>\n<li>Plage de mesure de la temp\u00e9rature allant de 21,0 \u00b0C \u00e0 50,0 \u00b0C.<\/li>\n<li>Surveillance SpO2 et pouls avec des plages \u00e9tendues pour une pr\u00e9cision accrue.<\/li>\n<li>Alimentation de 100 \u00e0 240 Vac avec une consommation inf\u00e9rieure \u00e0 80 VA.<\/li>\n<li>Port r\u00e9seau Ethernet pour une connectivit\u00e9 facile.<\/li>\n<\/ul>\n<h2>Livraison<\/h2>\n<ul>\n<li><strong>France :<\/strong> Livraison directe.<\/li>\n<li><strong>Export (Europe et Afrique) :<\/strong> Sur devis.<\/li>\n<\/ul>\n","protected":false},"excerpt":{"rendered":"<ul>\n<li>Surveillance pr\u00e9cise des param\u00e8tres vitaux (ECG, pression art\u00e9rielle, SpO2, temp\u00e9rature).<\/li>\n<li>\u00c9cran couleur haute r\u00e9solution pour un affichage clair et intuitif.<\/li>\n<li>Alarmes visuelles et sonores pour une r\u00e9activit\u00e9 imm\u00e9diate en cas d&#8217;anomalie.<\/li>\n<li>Imprimante thermique int\u00e9gr\u00e9e pour un enregistrement facile des donn\u00e9es.<\/li>\n<\/ul>\n","protected":false},"featured_media":101778,"comment_status":"open","ping_status":"closed","template":"","meta":{"inline_featured_image":false},"product_brand":[],"product_cat":[866,872],"product_tag":[],"class_list":{"0":"post-101777","1":"product","2":"type-product","3":"status-publish","4":"has-post-thumbnail","6":"product_cat-ecg-moniteurs-et-ultrasons","7":"product_cat-moniteurs-de-signes-vitaux-et-accessoires","9":"first","10":"instock","11":"sale","12":"taxable","13":"shipping-taxable","14":"purchasable","15":"product-type-simple"},"_links":{"self":[{"href":"https:\/\/nimedixmedical.com\/fr\/wp-json\/wp\/v2\/product\/101777","targetHints":{"allow":["GET"]}}],"collection":[{"href":"https:\/\/nimedixmedical.com\/fr\/wp-json\/wp\/v2\/product"}],"about":[{"href":"https:\/\/nimedixmedical.com\/fr\/wp-json\/wp\/v2\/types\/product"}],"replies":[{"embeddable":true,"href":"https:\/\/nimedixmedical.com\/fr\/wp-json\/wp\/v2\/comments?post=101777"}],"wp:featuredmedia":[{"embeddable":true,"href":"https:\/\/nimedixmedical.com\/fr\/wp-json\/wp\/v2\/media\/101778"}],"wp:attachment":[{"href":"https:\/\/nimedixmedical.com\/fr\/wp-json\/wp\/v2\/media?parent=101777"}],"wp:term":[{"taxonomy":"product_brand","embeddable":true,"href":"https:\/\/nimedixmedical.com\/fr\/wp-json\/wp\/v2\/product_brand?post=101777"},{"taxonomy":"product_cat","embeddable":true,"href":"https:\/\/nimedixmedical.com\/fr\/wp-json\/wp\/v2\/product_cat?post=101777"},{"taxonomy":"product_tag","embeddable":true,"href":"https:\/\/nimedixmedical.com\/fr\/wp-json\/wp\/v2\/product_tag?post=101777"}],"curies":[{"name":"wp","href":"https:\/\/api.w.org\/{rel}","templated":true}]}}