{"id":101744,"date":"2025-11-30T19:24:18","date_gmt":"2025-11-30T18:24:18","guid":{"rendered":"https:\/\/nimedixmedical.com\/notre-catalogue\/osteodensitometre-a-ultrasons-sunlight-miniomni-pour-levaluation-de-losteoporose-avec-sonde-cm-logiciel-adultes-enfants\/"},"modified":"2026-01-12T14:53:12","modified_gmt":"2026-01-12T13:53:12","slug":"osteodensitometre-a-ultrasons-sunlight-miniomni-pour-levaluation-de-losteoporose-avec-sonde-cm-logiciel-adultes-enfants","status":"publish","type":"product","link":"https:\/\/nimedixmedical.com\/fr\/notre-catalogue\/osteodensitometre-a-ultrasons-sunlight-miniomni-pour-levaluation-de-losteoporose-avec-sonde-cm-logiciel-adultes-enfants\/","title":{"rendered":"Ost\u00e9odensitom\u00e8tre \u00c0 Ultrasons Sunlight Miniomni pour L&#8217;\u00e9valuation de L&#8217;ost\u00e9oporose avec Sonde cm + Logiciel &#8211; Adultes + Enfants"},"content":{"rendered":"<p>L&#8217;ost\u00e9odensitom\u00e8tre \u00e0 ultrasons Sunlight MiniOmni\u2122 est un outil essentiel pour le d\u00e9pistage pr\u00e9coce de l&#8217;ost\u00e9oporose, offrant une m\u00e9thode d&#8217;\u00e9valuation pr\u00e9cise et non invasive de la densit\u00e9 osseuse. Compact et l\u00e9ger, il se pr\u00eate parfaitement \u00e0 une utilisation dans divers environnements m\u00e9dicaux.<\/p>\n<h2>Caract\u00e9ristiques<\/h2>\n<ul>\n<li>Technologie Omnipath\u2122 pour une mesure pr\u00e9cise de la vitesse des ondes ultrasonores.<\/li>\n<li>Non invasif, sans radiations, assurant la s\u00e9curit\u00e9 du patient.<\/li>\n<li>R\u00e9sultats disponibles en quelques minutes, sans pr\u00e9-chauffage ni \u00e9talonnage n\u00e9cessaires.<\/li>\n<li>Rapports clairs et cod\u00e9s par couleur, incluant des bases de donn\u00e9es ethniques pour une \u00e9valuation pr\u00e9cise.<\/li>\n<li>Licence optionnelle Multi-Site pour mesurer plusieurs zones du squelette.<\/li>\n<li>Dimensions compactes : 140x140xh 223 mm, poids l\u00e9ger de 1 kg.<\/li>\n<\/ul>\n<h2>Livraison<\/h2>\n<ul>\n<li><strong>France :<\/strong> Livraison directe.<\/li>\n<li><strong>Export (Europe et Afrique) :<\/strong> Sur devis.<\/li>\n<\/ul>\n","protected":false},"excerpt":{"rendered":"<ul>\n<li>Usage : \u00c9valuation non invasive de la densit\u00e9 osseuse chez les adultes et les enfants.<\/li>\n<li>B\u00e9n\u00e9fice : R\u00e9sultats rapides et fiables sans radiations, parfait pour les cabinets m\u00e9dicaux et pharmacies.<\/li>\n<li>Technologie : Bas\u00e9 sur des ultrasons quantitatifs, \u00e9liminant les interf\u00e9rences des tissus mous.<\/li>\n<li>Rapports clairs : Interpr\u00e9tation facile avec des bases de donn\u00e9es ethniques int\u00e9gr\u00e9es.<\/li>\n<\/ul>\n","protected":false},"featured_media":101745,"comment_status":"open","ping_status":"open","template":"","meta":{"inline_featured_image":false},"product_brand":[],"product_cat":[866,870],"product_tag":[],"class_list":{"0":"post-101744","1":"product","2":"type-product","3":"status-publish","4":"has-post-thumbnail","6":"product_cat-ecg-moniteurs-et-ultrasons","7":"product_cat-osteodensitometre-a-ultrasons","9":"first","10":"outofstock","11":"sale","12":"taxable","13":"shipping-taxable","14":"purchasable","15":"product-type-simple"},"_links":{"self":[{"href":"https:\/\/nimedixmedical.com\/fr\/wp-json\/wp\/v2\/product\/101744","targetHints":{"allow":["GET"]}}],"collection":[{"href":"https:\/\/nimedixmedical.com\/fr\/wp-json\/wp\/v2\/product"}],"about":[{"href":"https:\/\/nimedixmedical.com\/fr\/wp-json\/wp\/v2\/types\/product"}],"replies":[{"embeddable":true,"href":"https:\/\/nimedixmedical.com\/fr\/wp-json\/wp\/v2\/comments?post=101744"}],"wp:featuredmedia":[{"embeddable":true,"href":"https:\/\/nimedixmedical.com\/fr\/wp-json\/wp\/v2\/media\/101745"}],"wp:attachment":[{"href":"https:\/\/nimedixmedical.com\/fr\/wp-json\/wp\/v2\/media?parent=101744"}],"wp:term":[{"taxonomy":"product_brand","embeddable":true,"href":"https:\/\/nimedixmedical.com\/fr\/wp-json\/wp\/v2\/product_brand?post=101744"},{"taxonomy":"product_cat","embeddable":true,"href":"https:\/\/nimedixmedical.com\/fr\/wp-json\/wp\/v2\/product_cat?post=101744"},{"taxonomy":"product_tag","embeddable":true,"href":"https:\/\/nimedixmedical.com\/fr\/wp-json\/wp\/v2\/product_tag?post=101744"}],"curies":[{"name":"wp","href":"https:\/\/api.w.org\/{rel}","templated":true}]}}