{"id":101717,"date":"2025-11-30T19:23:48","date_gmt":"2025-11-30T18:23:48","guid":{"rendered":"https:\/\/nimedixmedical.com\/notre-catalogue\/papier-pour-imprimante-video-durico-compatible-upp-110hg-k91hg-kp91hg\/"},"modified":"2026-01-12T14:53:06","modified_gmt":"2026-01-12T13:53:06","slug":"papier-pour-imprimante-video-durico-compatible-upp-110hg-k91hg-kp91hg","status":"publish","type":"product","link":"https:\/\/nimedixmedical.com\/fr\/notre-catalogue\/papier-pour-imprimante-video-durico-compatible-upp-110hg-k91hg-kp91hg\/","title":{"rendered":"Papier pour Imprimante Vid\u00e9o Durico Compatible Upp-110hg, K91hg\/kp91hg"},"content":{"rendered":"<p>Le papier pour imprimante vid\u00e9o Durico est con\u00e7u sp\u00e9cifiquement pour le secteur m\u00e9dical, garantissant une impression de haute qualit\u00e9 pour les images m\u00e9dicales. Adapt\u00e9 aux imprimantes thermiques de marque Sony et Mitsubishi, il permet d&#8217;obtenir des r\u00e9sultats pr\u00e9cis et durables.<\/p>\n<h2>Caract\u00e9ristiques<\/h2>\n<ul>\n<li>Compatible avec : SONY UPP-110HG, MITSUBISHI K91HG, MITSUBISHI KP91HG.<\/li>\n<li>Dimensions : 110 mm x 18 m, offrant une grande surface d&#8217;impression.<\/li>\n<li>Qualit\u00e9 du papier : tr\u00e8s brillant, pour des images \u00e9clatantes et pr\u00e9cises.<\/li>\n<li>R\u00e9sistance \u00e0 l&#8217;humidit\u00e9, \u00e0 la chaleur et \u00e0 l&#8217;eau, pour une long\u00e9vit\u00e9 accrue des impressions.<\/li>\n<li>Couche anti-\u00e9lectrostatique pour prot\u00e9ger la t\u00eate thermique de l&#8217;imprimante.<\/li>\n<li>Facilit\u00e9 de d\u00e9chirement pour un usage pratique et un stockage sans encombre.<\/li>\n<\/ul>\n<h2>Livraison<\/h2>\n<ul>\n<li><strong>France :<\/strong> Livraison directe.<\/li>\n<li><strong>Export (Europe et Afrique) :<\/strong> Sur devis.<\/li>\n<\/ul>\n","protected":false},"excerpt":{"rendered":"<ul>\n<li>Compatible avec les imprimantes vid\u00e9o Sony UPP-110HG et Mitsubishi K91HG\/KP91HG.<\/li>\n<li>Qualit\u00e9 d&#8217;image sup\u00e9rieure avec une reproduction photo-r\u00e9aliste et des couleurs \u00e9clatantes.<\/li>\n<li>R\u00e9sistance \u00e9lev\u00e9e \u00e0 l&#8217;humidit\u00e9, \u00e0 la chaleur et \u00e0 l&#8217;eau pour des images durables.<\/li>\n<li>Facilit\u00e9 d&#8217;utilisation avec un d\u00e9chirement simple et une faible courbure pour un stockage pratique.<\/li>\n<\/ul>\n","protected":false},"featured_media":101718,"comment_status":"open","ping_status":"open","template":"","meta":{"inline_featured_image":false},"product_brand":[],"product_cat":[866,869],"product_tag":[],"class_list":{"0":"post-101717","1":"product","2":"type-product","3":"status-publish","4":"has-post-thumbnail","6":"product_cat-ecg-moniteurs-et-ultrasons","7":"product_cat-papier-thermique-pour-imprimante-video","9":"first","10":"outofstock","11":"sale","12":"taxable","13":"shipping-taxable","14":"purchasable","15":"product-type-simple"},"_links":{"self":[{"href":"https:\/\/nimedixmedical.com\/fr\/wp-json\/wp\/v2\/product\/101717","targetHints":{"allow":["GET"]}}],"collection":[{"href":"https:\/\/nimedixmedical.com\/fr\/wp-json\/wp\/v2\/product"}],"about":[{"href":"https:\/\/nimedixmedical.com\/fr\/wp-json\/wp\/v2\/types\/product"}],"replies":[{"embeddable":true,"href":"https:\/\/nimedixmedical.com\/fr\/wp-json\/wp\/v2\/comments?post=101717"}],"wp:featuredmedia":[{"embeddable":true,"href":"https:\/\/nimedixmedical.com\/fr\/wp-json\/wp\/v2\/media\/101718"}],"wp:attachment":[{"href":"https:\/\/nimedixmedical.com\/fr\/wp-json\/wp\/v2\/media?parent=101717"}],"wp:term":[{"taxonomy":"product_brand","embeddable":true,"href":"https:\/\/nimedixmedical.com\/fr\/wp-json\/wp\/v2\/product_brand?post=101717"},{"taxonomy":"product_cat","embeddable":true,"href":"https:\/\/nimedixmedical.com\/fr\/wp-json\/wp\/v2\/product_cat?post=101717"},{"taxonomy":"product_tag","embeddable":true,"href":"https:\/\/nimedixmedical.com\/fr\/wp-json\/wp\/v2\/product_tag?post=101717"}],"curies":[{"name":"wp","href":"https:\/\/api.w.org\/{rel}","templated":true}]}}