{"id":101709,"date":"2025-11-30T19:23:48","date_gmt":"2025-11-30T18:23:48","guid":{"rendered":"https:\/\/nimedixmedical.com\/notre-catalogue\/papier-pour-imprimante-video-durico-compatible-sony-upp-210hd\/"},"modified":"2026-01-12T14:53:03","modified_gmt":"2026-01-12T13:53:03","slug":"papier-pour-imprimante-video-durico-compatible-sony-upp-210hd","status":"publish","type":"product","link":"https:\/\/nimedixmedical.com\/fr\/notre-catalogue\/papier-pour-imprimante-video-durico-compatible-sony-upp-210hd\/","title":{"rendered":"Papier pour Imprimante Vid\u00e9o Durico Compatible Sony Upp-210hd"},"content":{"rendered":"<p>Le papier pour imprimante vid\u00e9o Durico est sp\u00e9cialement con\u00e7u pour les environnements m\u00e9dicaux, garantissant des impressions de haute qualit\u00e9 pour les images ultrasons et ECG. Sa compatibilit\u00e9 avec les imprimantes Sony UPP-210HD en fait un choix id\u00e9al pour les professionnels de la sant\u00e9.<\/p>\n<h2>Caract\u00e9ristiques<\/h2>\n<ul>\n<li><strong>Compatible avec:<\/strong> SONY UPP-210HD<\/li>\n<li><strong>Qualit\u00e9 du papier:<\/strong> haute densit\u00e9<\/li>\n<li><strong>Dimensions:<\/strong> 210 mm x 25 m<\/li>\n<li><strong>Commandes minimales:<\/strong> bo\u00eete de 5 rouleaux<\/li>\n<li><strong>R\u00e9sistance:<\/strong> \u00e9lev\u00e9e \u00e0 l\u2019humidit\u00e9, \u00e0 la chaleur et \u00e0 l\u2019eau<\/li>\n<li><strong>Reproduction des images:<\/strong> photo-r\u00e9aliste avec intensit\u00e9 des couleurs \u00e9lev\u00e9e<\/li>\n<li><strong>Impression sans probl\u00e8mes:<\/strong> d\u00e9chirure facile et courbures minimales<\/li>\n<li><strong>Couche anti-\u00e9lectrostatique:<\/strong> prot\u00e8ge la t\u00eate thermique<\/li>\n<\/ul>\n<h2>Livraison<\/h2>\n<ul>\n<li><strong>France :<\/strong> Livraison directe.<\/li>\n<li><strong>Export (Europe et Afrique) :<\/strong> Sur devis.<\/li>\n<\/ul>\n","protected":false},"excerpt":{"rendered":"<ul>\n<li>Compatible avec les imprimantes vid\u00e9o Sony UPP-210HD pour une utilisation optimale.<\/li>\n<li>Haute densit\u00e9 et r\u00e9sistance \u00e0 l&#8217;humidit\u00e9, garantissant des images durables et de qualit\u00e9.<\/li>\n<li>Reproduction pr\u00e9cise et haute r\u00e9solution pour des r\u00e9sultats m\u00e9dicaux clairs et brillants.<\/li>\n<li>Facilit\u00e9 d&#8217;utilisation avec d\u00e9chirure facile et stockage simplifi\u00e9.<\/li>\n<\/ul>\n","protected":false},"featured_media":101710,"comment_status":"open","ping_status":"open","template":"","meta":{"inline_featured_image":false},"product_brand":[],"product_cat":[866,869],"product_tag":[],"class_list":{"0":"post-101709","1":"product","2":"type-product","3":"status-publish","4":"has-post-thumbnail","6":"product_cat-ecg-moniteurs-et-ultrasons","7":"product_cat-papier-thermique-pour-imprimante-video","9":"first","10":"instock","11":"sale","12":"taxable","13":"shipping-taxable","14":"purchasable","15":"product-type-simple"},"_links":{"self":[{"href":"https:\/\/nimedixmedical.com\/fr\/wp-json\/wp\/v2\/product\/101709","targetHints":{"allow":["GET"]}}],"collection":[{"href":"https:\/\/nimedixmedical.com\/fr\/wp-json\/wp\/v2\/product"}],"about":[{"href":"https:\/\/nimedixmedical.com\/fr\/wp-json\/wp\/v2\/types\/product"}],"replies":[{"embeddable":true,"href":"https:\/\/nimedixmedical.com\/fr\/wp-json\/wp\/v2\/comments?post=101709"}],"wp:featuredmedia":[{"embeddable":true,"href":"https:\/\/nimedixmedical.com\/fr\/wp-json\/wp\/v2\/media\/101710"}],"wp:attachment":[{"href":"https:\/\/nimedixmedical.com\/fr\/wp-json\/wp\/v2\/media?parent=101709"}],"wp:term":[{"taxonomy":"product_brand","embeddable":true,"href":"https:\/\/nimedixmedical.com\/fr\/wp-json\/wp\/v2\/product_brand?post=101709"},{"taxonomy":"product_cat","embeddable":true,"href":"https:\/\/nimedixmedical.com\/fr\/wp-json\/wp\/v2\/product_cat?post=101709"},{"taxonomy":"product_tag","embeddable":true,"href":"https:\/\/nimedixmedical.com\/fr\/wp-json\/wp\/v2\/product_tag?post=101709"}],"curies":[{"name":"wp","href":"https:\/\/api.w.org\/{rel}","templated":true}]}}