{"id":101702,"date":"2025-11-30T19:23:48","date_gmt":"2025-11-30T18:23:48","guid":{"rendered":"https:\/\/nimedixmedical.com\/notre-catalogue\/papier-pour-imprimante-video-durico-compatible-mitsubshi-k61s-kp61s-kp61b\/"},"modified":"2026-01-12T14:53:00","modified_gmt":"2026-01-12T13:53:00","slug":"papier-pour-imprimante-video-durico-compatible-mitsubshi-k61s-kp61s-kp61b","status":"publish","type":"product","link":"https:\/\/nimedixmedical.com\/fr\/notre-catalogue\/papier-pour-imprimante-video-durico-compatible-mitsubshi-k61s-kp61s-kp61b\/","title":{"rendered":"Papier pour Imprimante Vid\u00e9o Durico Compatible Mitsubshi K61s\/kp61s\/kp61b"},"content":{"rendered":"<p>Le papier pour imprimante vid\u00e9o Durico est con\u00e7u sp\u00e9cifiquement pour les professionnels du secteur m\u00e9dical. Compatible avec les mod\u00e8les Mitsubishi K61S, KP61S et KP61B, ce papier garantit des impressions de haute qualit\u00e9 adapt\u00e9es aux besoins des praticiens.<\/p>\n<h2>Caract\u00e9ristiques<\/h2>\n<ul>\n<li>Compatible avec : MITSUBISHI K61S, MITSUBISHI KP61S, MITSUBISHI KP61B<\/li>\n<li>Qualit\u00e9 du papier : standard<\/li>\n<li>Dimensions : 110 mm x 20 m<\/li>\n<li>Minimum de commande : bo\u00eete de 5 rouleaux<\/li>\n<li>R\u00e9sistance \u00e9lev\u00e9e \u00e0 l\u2019humidit\u00e9 et \u00e0 la chaleur<\/li>\n<li>Reproduction pr\u00e9cise des images avec une intensit\u00e9 des couleurs \u00e9lev\u00e9e<\/li>\n<li>Couche anti-\u00e9lectrostatique pour prot\u00e9ger la t\u00eate thermique<\/li>\n<\/ul>\n<h2>Livraison<\/h2>\n<ul>\n<li><strong>France :<\/strong> Livraison directe.<\/li>\n<li><strong>Export (Europe et Afrique) :<\/strong> Sur devis.<\/li>\n<\/ul>\n","protected":false},"excerpt":{"rendered":"<ul>\n<li>Compatible avec les imprimantes vid\u00e9o Mitsubishi K61S, KP61S et KP61B.<\/li>\n<li>Impression de haute qualit\u00e9 avec une excellente reproduction des images m\u00e9dicales.<\/li>\n<li>R\u00e9sistance \u00e0 l&#8217;humidit\u00e9, la chaleur et aux empreintes pour des images durables.<\/li>\n<li>Facilit\u00e9 d&#8217;utilisation avec d\u00e9chirure simple et stockage ais\u00e9 des photos.<\/li>\n<\/ul>\n","protected":false},"featured_media":101703,"comment_status":"open","ping_status":"open","template":"","meta":{"inline_featured_image":false},"product_brand":[],"product_cat":[866,869],"product_tag":[],"class_list":{"0":"post-101702","1":"product","2":"type-product","3":"status-publish","4":"has-post-thumbnail","6":"product_cat-ecg-moniteurs-et-ultrasons","7":"product_cat-papier-thermique-pour-imprimante-video","9":"first","10":"instock","11":"sale","12":"taxable","13":"shipping-taxable","14":"purchasable","15":"product-type-simple"},"_links":{"self":[{"href":"https:\/\/nimedixmedical.com\/fr\/wp-json\/wp\/v2\/product\/101702","targetHints":{"allow":["GET"]}}],"collection":[{"href":"https:\/\/nimedixmedical.com\/fr\/wp-json\/wp\/v2\/product"}],"about":[{"href":"https:\/\/nimedixmedical.com\/fr\/wp-json\/wp\/v2\/types\/product"}],"replies":[{"embeddable":true,"href":"https:\/\/nimedixmedical.com\/fr\/wp-json\/wp\/v2\/comments?post=101702"}],"wp:featuredmedia":[{"embeddable":true,"href":"https:\/\/nimedixmedical.com\/fr\/wp-json\/wp\/v2\/media\/101703"}],"wp:attachment":[{"href":"https:\/\/nimedixmedical.com\/fr\/wp-json\/wp\/v2\/media?parent=101702"}],"wp:term":[{"taxonomy":"product_brand","embeddable":true,"href":"https:\/\/nimedixmedical.com\/fr\/wp-json\/wp\/v2\/product_brand?post=101702"},{"taxonomy":"product_cat","embeddable":true,"href":"https:\/\/nimedixmedical.com\/fr\/wp-json\/wp\/v2\/product_cat?post=101702"},{"taxonomy":"product_tag","embeddable":true,"href":"https:\/\/nimedixmedical.com\/fr\/wp-json\/wp\/v2\/product_tag?post=101702"}],"curies":[{"name":"wp","href":"https:\/\/api.w.org\/{rel}","templated":true}]}}